{"id":14009,"date":"2023-11-28T11:03:11","date_gmt":"2023-11-28T11:03:11","guid":{"rendered":"https:\/\/www.kalina-gallery.cz\/?page_id=14009"},"modified":"2023-11-28T11:08:06","modified_gmt":"2023-11-28T11:08:06","slug":"diaz-federico","status":"publish","type":"page","link":"https:\/\/www.kalina-gallery.cz\/en\/diaz-federico\/","title":{"rendered":"D\u00edaz Federico"},"content":{"rendered":"\t\t<div data-elementor-type=\"wp-page\" data-elementor-id=\"14009\" class=\"elementor elementor-14009\" data-elementor-post-type=\"page\">\n\t\t\t\t\t\t<section class=\"elementor-section elementor-top-section elementor-element elementor-element-7e95a41 elementor-section-boxed elementor-section-height-default elementor-section-height-default qodef-elementor-content-no qodef-elementor-stretch-row-no qodef-elementor-overlay-no\" data-id=\"7e95a41\" data-element_type=\"section\" data-e-type=\"section\">\n\t\t\t\t\t\t<div class=\"elementor-container elementor-column-gap-default\">\n\t\t\t\t\t<div class=\"elementor-column elementor-col-100 elementor-top-column elementor-element elementor-element-92523d7\" data-id=\"92523d7\" data-element_type=\"column\" data-e-type=\"column\">\n\t\t\t<div class=\"elementor-widget-wrap elementor-element-populated\">\n\t\t\t\t\t\t<div class=\"elementor-element elementor-element-0bbbbfc elementor-widget elementor-widget-text-editor\" data-id=\"0bbbbfc\" data-element_type=\"widget\" data-e-type=\"widget\" data-widget_type=\"text-editor.default\">\n\t\t\t\t<div class=\"elementor-widget-container\">\n\t\t\t\t\t\t\t\t\t<p><strong>Federico D\u00edaz<\/strong> (1971)<\/p><p>Konceptu\u00e1ln\u00ed a multimedi\u00e1ln\u00ed um\u011blec \u010desko\u2010argentinsk\u00e9ho p\u016fvodu, kter\u00fd je jedn\u00edm z pr\u016fkopn\u00edk\u016f vyu\u017e\u00edv\u00e1n\u00ed nov\u00fdch m\u00e9di\u00ed v um\u011bn\u00ed a jedn\u00edm z nejv\u00fdznamn\u011bj\u0161\u00edch um\u011blc\u016f v t\u00e9to oblasti. V roce 2010 reprezentoval \u010desk\u00e9 um\u011bn\u00ed na Expo 2010 v \u010d\u00ednsk\u00e9 \u0160anghaji. Zam\u011b\u0159uje se na experimentov\u00e1n\u00ed v oblasti nov\u00fdch m\u00e9di\u00ed a interaktivn\u00edch instalac\u00ed. Zkoum\u00e1 vztahy mezi lidmi, v\u011bdou a um\u011bn\u00edm, environment\u00e1ln\u00ed a urbanistick\u00e1 t\u00e9mata a vesm\u00edr. Zaj\u00edm\u00e1 se o um\u011bn\u00ed vytvo\u0159en\u00e9 bez z\u00e1sahu um\u011blce na z\u00e1klad\u011b algoritm\u016f a syst\u00e9mov\u00fdch krok\u016f. Jeho d\u00edlo bylo p\u0159edstaveno na mnoha v\u00fdstav\u00e1ch v kl\u00ed\u010dov\u00fdch galeri\u00edch a muze\u00edch po cel\u00e9m sv\u011bt\u011b &#8211; PS1 MoMA , Mori Art Museum Tokio, ICA Lond\u00fdn, ZKM Karlsruhe, Ars Electronica Linz, MASS MoCA, Miami Art Basel a 53. Biennale di Venezia a dal\u0161\u00ed.<\/p>\t\t\t\t\t\t\t\t<\/div>\n\t\t\t\t<\/div>\n\t\t\t\t\t<\/div>\n\t\t<\/div>\n\t\t\t\t\t<\/div>\n\t\t<\/section>\n\t\t\t\t<section class=\"elementor-section elementor-top-section elementor-element elementor-element-1688d05 elementor-section-boxed elementor-section-height-default elementor-section-height-default qodef-elementor-content-no qodef-elementor-stretch-row-no qodef-elementor-overlay-no\" data-id=\"1688d05\" data-element_type=\"section\" data-e-type=\"section\">\n\t\t\t\t\t\t<div class=\"elementor-container elementor-column-gap-default\">\n\t\t\t\t\t<div class=\"elementor-column elementor-col-100 elementor-top-column elementor-element elementor-element-14c9ff2\" data-id=\"14c9ff2\" data-element_type=\"column\" data-e-type=\"column\">\n\t\t\t<div class=\"elementor-widget-wrap elementor-element-populated\">\n\t\t\t\t\t\t<div class=\"elementor-element elementor-element-5060ce0 elementor-widget-divider--view-line elementor-widget elementor-widget-divider\" data-id=\"5060ce0\" data-element_type=\"widget\" data-e-type=\"widget\" data-widget_type=\"divider.default\">\n\t\t\t\t<div class=\"elementor-widget-container\">\n\t\t\t\t\t\t\t<div class=\"elementor-divider\">\n\t\t\t<span class=\"elementor-divider-separator\">\n\t\t\t\t\t\t<\/span>\n\t\t<\/div>\n\t\t\t\t\t\t<\/div>\n\t\t\t\t<\/div>\n\t\t\t\t<div class=\"elementor-element elementor-element-acc1015 elementor-widget elementor-widget-zermatt_core_portfolio_list\" data-id=\"acc1015\" data-element_type=\"widget\" data-e-type=\"widget\" data-widget_type=\"zermatt_core_portfolio_list.default\">\n\t\t\t\t<div class=\"elementor-widget-container\">\n\t\t\t\t\t<div class=\"qodef-shortcode qodef-m  qodef-portfolio-list   qodef-item-layout--info-below   qodef-grid qodef-layout--columns  qodef-gutter--normal qodef-col-num--3 qodef-item-layout--info-below qodef--no-bottom-space qodef-pagination--off qodef-responsive--predefined qodef-hover-animation--view_cursor\" data-options=\"{&quot;plugin&quot;:&quot;zermatt_core&quot;,&quot;module&quot;:&quot;post-types\\\/portfolio\\\/shortcodes&quot;,&quot;shortcode&quot;:&quot;portfolio-list&quot;,&quot;post_type&quot;:&quot;portfolio-item&quot;,&quot;next_page&quot;:&quot;2&quot;,&quot;max_pages_num&quot;:0,&quot;light_skin&quot;:&quot;no&quot;,&quot;behavior&quot;:&quot;columns&quot;,&quot;images_proportion&quot;:&quot;full&quot;,&quot;columns&quot;:&quot;3&quot;,&quot;columns_responsive&quot;:&quot;predefined&quot;,&quot;space&quot;:&quot;normal&quot;,&quot;posts_per_page&quot;:&quot;-1&quot;,&quot;orderby&quot;:&quot;date&quot;,&quot;order&quot;:&quot;DESC&quot;,&quot;additional_params&quot;:&quot;tax&quot;,&quot;tax&quot;:&quot;portfolio-tag&quot;,&quot;tax_slug&quot;:&quot;diaz-federico&quot;,&quot;layout&quot;:&quot;info-below&quot;,&quot;hover_animation_info-below&quot;:&quot;view_cursor&quot;,&quot;title_tag&quot;:&quot;h5&quot;,&quot;custom_padding&quot;:&quot;no&quot;,&quot;pagination_type&quot;:&quot;no-pagination&quot;,&quot;object_class_name&quot;:&quot;ZermattCorePortfolioListShortcode&quot;,&quot;taxonomy_filter&quot;:&quot;portfolio-category&quot;,&quot;additional_query_args&quot;:{&quot;tax_query&quot;:[{&quot;taxonomy&quot;:&quot;portfolio-tag&quot;,&quot;field&quot;:&quot;slug&quot;,&quot;terms&quot;:&quot;diaz-federico&quot;}]},&quot;space_value&quot;:15}\">\n\t\t<div class=\"qodef-grid-inner clear\">\n\t\t<p class=\"qodef-m-posts-not-found qodef-grid-item\">No posts were found for provided query parameters.<\/p>\t<\/div>\n\t<\/div>\t\t\t\t<\/div>\n\t\t\t\t<\/div>\n\t\t\t\t\t<\/div>\n\t\t<\/div>\n\t\t\t\t\t<\/div>\n\t\t<\/section>\n\t\t\t\t<\/div>\n\t\t","protected":false},"excerpt":{"rendered":"<p>Federico D\u00edaz (1971) Konceptu\u00e1ln\u00ed a multimedi\u00e1ln\u00ed um\u011blec \u010desko\u2010argentinsk\u00e9ho p\u016fvodu, kter\u00fd je jedn\u00edm z pr\u016fkopn\u00edk\u016f vyu\u017e\u00edv\u00e1n\u00ed nov\u00fdch m\u00e9di\u00ed v um\u011bn\u00ed a jedn\u00edm z nejv\u00fdznamn\u011bj\u0161\u00edch um\u011blc\u016f v t\u00e9to oblasti. V roce 2010 reprezentoval \u010desk\u00e9 um\u011bn\u00ed na Expo 2010 v \u010d\u00ednsk\u00e9 \u0160anghaji. Zam\u011b\u0159uje se na experimentov\u00e1n\u00ed v oblasti nov\u00fdch m\u00e9di\u00ed a interaktivn\u00edch instalac\u00ed. Zkoum\u00e1 vztahy mezi lidmi, v\u011bdou [&hellip;]<\/p>\n","protected":false},"author":2,"featured_media":0,"parent":0,"menu_order":0,"comment_status":"closed","ping_status":"closed","template":"","meta":{"inline_featured_image":false,"iawp_total_views":119,"footnotes":""},"class_list":["post-14009","page","type-page","status-publish","hentry"],"yoast_head":"<!-- This site is optimized with the Yoast SEO plugin v27.2 - https:\/\/yoast.com\/product\/yoast-seo-wordpress\/ -->\n<title>D\u00edaz Federico &#8212; Kalina Gallery<\/title>\n<meta name=\"robots\" content=\"index, follow, max-snippet:-1, max-image-preview:large, max-video-preview:-1\" \/>\n<link rel=\"canonical\" href=\"https:\/\/www.kalina-gallery.cz\/en\/diaz-federico\/\" \/>\n<meta property=\"og:locale\" content=\"en_US\" \/>\n<meta property=\"og:type\" content=\"article\" \/>\n<meta property=\"og:title\" content=\"D\u00edaz Federico &#8212; Kalina Gallery\" \/>\n<meta property=\"og:description\" content=\"Federico D\u00edaz (1971) Konceptu\u00e1ln\u00ed a multimedi\u00e1ln\u00ed um\u011blec \u010desko\u2010argentinsk\u00e9ho p\u016fvodu, kter\u00fd je jedn\u00edm z pr\u016fkopn\u00edk\u016f vyu\u017e\u00edv\u00e1n\u00ed nov\u00fdch m\u00e9di\u00ed v um\u011bn\u00ed a jedn\u00edm z nejv\u00fdznamn\u011bj\u0161\u00edch um\u011blc\u016f v t\u00e9to oblasti. V roce 2010 reprezentoval \u010desk\u00e9 um\u011bn\u00ed na Expo 2010 v \u010d\u00ednsk\u00e9 \u0160anghaji. Zam\u011b\u0159uje se na experimentov\u00e1n\u00ed v oblasti nov\u00fdch m\u00e9di\u00ed a interaktivn\u00edch instalac\u00ed. Zkoum\u00e1 vztahy mezi lidmi, v\u011bdou [&hellip;]\" \/>\n<meta property=\"og:url\" content=\"https:\/\/www.kalina-gallery.cz\/en\/diaz-federico\/\" \/>\n<meta property=\"og:site_name\" content=\"Kalina Gallery\" \/>\n<meta property=\"article:publisher\" content=\"https:\/\/www.facebook.com\/Kalina-Gallery-240711577897794\/\" \/>\n<meta property=\"article:modified_time\" content=\"2023-11-28T11:08:06+00:00\" \/>\n<meta name=\"twitter:card\" content=\"summary_large_image\" \/>\n<meta name=\"twitter:label1\" content=\"Est. reading time\" \/>\n\t<meta name=\"twitter:data1\" content=\"1 minute\" \/>\n<script type=\"application\/ld+json\" class=\"yoast-schema-graph\">{\"@context\":\"https:\/\/schema.org\",\"@graph\":[{\"@type\":\"WebPage\",\"@id\":\"https:\/\/www.kalina-gallery.cz\/diaz-federico\/\",\"url\":\"https:\/\/www.kalina-gallery.cz\/diaz-federico\/\",\"name\":\"D\u00edaz Federico &#8212; Kalina Gallery\",\"isPartOf\":{\"@id\":\"https:\/\/www.kalina-gallery.cz\/#website\"},\"datePublished\":\"2023-11-28T11:03:11+00:00\",\"dateModified\":\"2023-11-28T11:08:06+00:00\",\"breadcrumb\":{\"@id\":\"https:\/\/www.kalina-gallery.cz\/diaz-federico\/#breadcrumb\"},\"inLanguage\":\"en-US\",\"potentialAction\":[{\"@type\":\"ReadAction\",\"target\":[\"https:\/\/www.kalina-gallery.cz\/diaz-federico\/\"]}]},{\"@type\":\"BreadcrumbList\",\"@id\":\"https:\/\/www.kalina-gallery.cz\/diaz-federico\/#breadcrumb\",\"itemListElement\":[{\"@type\":\"ListItem\",\"position\":1,\"name\":\"Dom\u016f\",\"item\":\"https:\/\/www.kalina-gallery.cz\/\"},{\"@type\":\"ListItem\",\"position\":2,\"name\":\"D\u00edaz Federico\"}]},{\"@type\":\"WebSite\",\"@id\":\"https:\/\/www.kalina-gallery.cz\/#website\",\"url\":\"https:\/\/www.kalina-gallery.cz\/\",\"name\":\"Kalina Gallery\",\"description\":\"V\u00fdstavn\u00ed s\u00ed\u0148 v centru Brna\",\"publisher\":{\"@id\":\"https:\/\/www.kalina-gallery.cz\/#organization\"},\"potentialAction\":[{\"@type\":\"SearchAction\",\"target\":{\"@type\":\"EntryPoint\",\"urlTemplate\":\"https:\/\/www.kalina-gallery.cz\/?s={search_term_string}\"},\"query-input\":{\"@type\":\"PropertyValueSpecification\",\"valueRequired\":true,\"valueName\":\"search_term_string\"}}],\"inLanguage\":\"en-US\"},{\"@type\":\"Organization\",\"@id\":\"https:\/\/www.kalina-gallery.cz\/#organization\",\"name\":\"Kalina Gallery\",\"url\":\"https:\/\/www.kalina-gallery.cz\/\",\"logo\":{\"@type\":\"ImageObject\",\"inLanguage\":\"en-US\",\"@id\":\"https:\/\/www.kalina-gallery.cz\/#\/schema\/logo\/image\/\",\"url\":\"https:\/\/www.kalina-gallery.cz\/wp-content\/uploads\/2021\/08\/cropped-k.png\",\"contentUrl\":\"https:\/\/www.kalina-gallery.cz\/wp-content\/uploads\/2021\/08\/cropped-k.png\",\"width\":512,\"height\":512,\"caption\":\"Kalina Gallery\"},\"image\":{\"@id\":\"https:\/\/www.kalina-gallery.cz\/#\/schema\/logo\/image\/\"},\"sameAs\":[\"https:\/\/www.facebook.com\/Kalina-Gallery-240711577897794\/\",\"https:\/\/www.instagram.com\/kalinagallery1\/\"]}]}<\/script>\n<!-- \/ Yoast SEO plugin. -->","yoast_head_json":{"title":"D\u00edaz Federico &#8212; Kalina Gallery","robots":{"index":"index","follow":"follow","max-snippet":"max-snippet:-1","max-image-preview":"max-image-preview:large","max-video-preview":"max-video-preview:-1"},"canonical":"https:\/\/www.kalina-gallery.cz\/en\/diaz-federico\/","og_locale":"en_US","og_type":"article","og_title":"D\u00edaz Federico &#8212; Kalina Gallery","og_description":"Federico D\u00edaz (1971) Konceptu\u00e1ln\u00ed a multimedi\u00e1ln\u00ed um\u011blec \u010desko\u2010argentinsk\u00e9ho p\u016fvodu, kter\u00fd je jedn\u00edm z pr\u016fkopn\u00edk\u016f vyu\u017e\u00edv\u00e1n\u00ed nov\u00fdch m\u00e9di\u00ed v um\u011bn\u00ed a jedn\u00edm z nejv\u00fdznamn\u011bj\u0161\u00edch um\u011blc\u016f v t\u00e9to oblasti. V roce 2010 reprezentoval \u010desk\u00e9 um\u011bn\u00ed na Expo 2010 v \u010d\u00ednsk\u00e9 \u0160anghaji. Zam\u011b\u0159uje se na experimentov\u00e1n\u00ed v oblasti nov\u00fdch m\u00e9di\u00ed a interaktivn\u00edch instalac\u00ed. Zkoum\u00e1 vztahy mezi lidmi, v\u011bdou [&hellip;]","og_url":"https:\/\/www.kalina-gallery.cz\/en\/diaz-federico\/","og_site_name":"Kalina Gallery","article_publisher":"https:\/\/www.facebook.com\/Kalina-Gallery-240711577897794\/","article_modified_time":"2023-11-28T11:08:06+00:00","twitter_card":"summary_large_image","twitter_misc":{"Est. reading time":"1 minute"},"schema":{"@context":"https:\/\/schema.org","@graph":[{"@type":"WebPage","@id":"https:\/\/www.kalina-gallery.cz\/diaz-federico\/","url":"https:\/\/www.kalina-gallery.cz\/diaz-federico\/","name":"D\u00edaz Federico &#8212; Kalina Gallery","isPartOf":{"@id":"https:\/\/www.kalina-gallery.cz\/#website"},"datePublished":"2023-11-28T11:03:11+00:00","dateModified":"2023-11-28T11:08:06+00:00","breadcrumb":{"@id":"https:\/\/www.kalina-gallery.cz\/diaz-federico\/#breadcrumb"},"inLanguage":"en-US","potentialAction":[{"@type":"ReadAction","target":["https:\/\/www.kalina-gallery.cz\/diaz-federico\/"]}]},{"@type":"BreadcrumbList","@id":"https:\/\/www.kalina-gallery.cz\/diaz-federico\/#breadcrumb","itemListElement":[{"@type":"ListItem","position":1,"name":"Dom\u016f","item":"https:\/\/www.kalina-gallery.cz\/"},{"@type":"ListItem","position":2,"name":"D\u00edaz Federico"}]},{"@type":"WebSite","@id":"https:\/\/www.kalina-gallery.cz\/#website","url":"https:\/\/www.kalina-gallery.cz\/","name":"Kalina Gallery","description":"V\u00fdstavn\u00ed s\u00ed\u0148 v centru Brna","publisher":{"@id":"https:\/\/www.kalina-gallery.cz\/#organization"},"potentialAction":[{"@type":"SearchAction","target":{"@type":"EntryPoint","urlTemplate":"https:\/\/www.kalina-gallery.cz\/?s={search_term_string}"},"query-input":{"@type":"PropertyValueSpecification","valueRequired":true,"valueName":"search_term_string"}}],"inLanguage":"en-US"},{"@type":"Organization","@id":"https:\/\/www.kalina-gallery.cz\/#organization","name":"Kalina Gallery","url":"https:\/\/www.kalina-gallery.cz\/","logo":{"@type":"ImageObject","inLanguage":"en-US","@id":"https:\/\/www.kalina-gallery.cz\/#\/schema\/logo\/image\/","url":"https:\/\/www.kalina-gallery.cz\/wp-content\/uploads\/2021\/08\/cropped-k.png","contentUrl":"https:\/\/www.kalina-gallery.cz\/wp-content\/uploads\/2021\/08\/cropped-k.png","width":512,"height":512,"caption":"Kalina Gallery"},"image":{"@id":"https:\/\/www.kalina-gallery.cz\/#\/schema\/logo\/image\/"},"sameAs":["https:\/\/www.facebook.com\/Kalina-Gallery-240711577897794\/","https:\/\/www.instagram.com\/kalinagallery1\/"]}]}},"_links":{"self":[{"href":"https:\/\/www.kalina-gallery.cz\/en\/wp-json\/wp\/v2\/pages\/14009","targetHints":{"allow":["GET"]}}],"collection":[{"href":"https:\/\/www.kalina-gallery.cz\/en\/wp-json\/wp\/v2\/pages"}],"about":[{"href":"https:\/\/www.kalina-gallery.cz\/en\/wp-json\/wp\/v2\/types\/page"}],"author":[{"embeddable":true,"href":"https:\/\/www.kalina-gallery.cz\/en\/wp-json\/wp\/v2\/users\/2"}],"replies":[{"embeddable":true,"href":"https:\/\/www.kalina-gallery.cz\/en\/wp-json\/wp\/v2\/comments?post=14009"}],"version-history":[{"count":0,"href":"https:\/\/www.kalina-gallery.cz\/en\/wp-json\/wp\/v2\/pages\/14009\/revisions"}],"wp:attachment":[{"href":"https:\/\/www.kalina-gallery.cz\/en\/wp-json\/wp\/v2\/media?parent=14009"}],"curies":[{"name":"wp","href":"https:\/\/api.w.org\/{rel}","templated":true}]}}