{"id":9620,"date":"2021-12-07T17:57:09","date_gmt":"2021-12-07T17:57:09","guid":{"rendered":"https:\/\/www.kalina-gallery.cz\/?page_id=9620"},"modified":"2021-12-22T15:05:50","modified_gmt":"2021-12-22T15:05:50","slug":"anderle-jiri","status":"publish","type":"page","link":"https:\/\/www.kalina-gallery.cz\/en\/anderle-jiri\/","title":{"rendered":"Anderle Ji\u0159\u00ed"},"content":{"rendered":"\t\t<div data-elementor-type=\"wp-page\" data-elementor-id=\"9620\" class=\"elementor elementor-9620\" data-elementor-post-type=\"page\">\n\t\t\t\t\t\t<section class=\"elementor-section elementor-top-section elementor-element elementor-element-7e95a41 elementor-section-boxed elementor-section-height-default elementor-section-height-default qodef-elementor-content-no qodef-elementor-stretch-row-no qodef-elementor-overlay-no\" data-id=\"7e95a41\" data-element_type=\"section\" data-e-type=\"section\">\n\t\t\t\t\t\t<div class=\"elementor-container elementor-column-gap-default\">\n\t\t\t\t\t<div class=\"elementor-column elementor-col-100 elementor-top-column elementor-element elementor-element-92523d7\" data-id=\"92523d7\" data-element_type=\"column\" data-e-type=\"column\">\n\t\t\t<div class=\"elementor-widget-wrap elementor-element-populated\">\n\t\t\t\t\t\t<div class=\"elementor-element elementor-element-0bbbbfc elementor-widget elementor-widget-text-editor\" data-id=\"0bbbbfc\" data-element_type=\"widget\" data-e-type=\"widget\" data-widget_type=\"text-editor.default\">\n\t\t\t\t<div class=\"elementor-widget-container\">\n\t\t\t\t\t\t\t\t\t<p><strong>Ji\u0159\u00ed Anderle<\/strong> (1936) studoval na AVU obor mal\u00ed\u0159stv\u00ed a grafiku u profesor\u016f Anton\u00edna Pelce a Vladim\u00edra Silovsk\u00e9ho. Pozd\u011bji byl asistentem profesor\u016f Ji\u0159\u00edho Trnky a Zde\u0148ka Sklen\u00e1\u0159e na Vysok\u00e9 \u0161kole um\u011bleckopr\u016fmyslov\u00e9 v Praze (ateli\u00e9r grafiky a ilustrace). Byl \u010dlenem S\u010cUG Hollar.<\/p>\n<p>V jeho obrazech je zjevn\u00e1 symbi\u00f3za jeho snahy v r\u016fzn\u00fdch podobenstv\u00edch zachytit sou\u010dasn\u00e9ho \u010dlov\u011bka a v kontextu s mytologick\u00fdmi, historick\u00fdmi i sociologick\u00fdmi souvislostmi uk\u00e1zat, \u017ee \u017eije svou roli v tomto sv\u011bt\u011b st\u0159etu hodnot a idej\u00ed. Na jeho d\u00edlech m\u016f\u017eeme pozorovat i zdroj inspirac\u00ed, kter\u00fd m\u00e1 pramen v jeho p\u016fsoben\u00ed v \u010cern\u00e9m divadle, kde pracoval jako sc\u00e9nick\u00fd v\u00fdtvarn\u00edk. Ji\u0159\u00ed Anderle vytvo\u0159il des\u00edtky grafick\u00fdch a obrazov\u00fdch cykl\u016f. Sv\u00fdm imagin\u00e1rn\u00edm realismem ovlivnil tvorbu nejm\u00e9n\u011b jedn\u00e9 generace \u010desk\u00fdch grafik\u016f.<\/p>\n<p>Jeho d\u00edlo bylo vystaveno na mno\u017estv\u00ed v\u00fdstav nejen v&nbsp;\u010desk\u00e9m prost\u0159ed\u00ed, ale i v&nbsp;Evrop\u011b a Americe a je zastoupeno v \u0159ad\u011b soukrom\u00fdch a ve\u0159ejn\u00fdch sb\u00edrek.<\/p>\t\t\t\t\t\t\t\t<\/div>\n\t\t\t\t<\/div>\n\t\t\t\t\t<\/div>\n\t\t<\/div>\n\t\t\t\t\t<\/div>\n\t\t<\/section>\n\t\t\t\t<section class=\"elementor-section elementor-top-section elementor-element elementor-element-1688d05 elementor-section-boxed elementor-section-height-default elementor-section-height-default qodef-elementor-content-no qodef-elementor-stretch-row-no qodef-elementor-overlay-no\" data-id=\"1688d05\" data-element_type=\"section\" data-e-type=\"section\">\n\t\t\t\t\t\t<div class=\"elementor-container elementor-column-gap-default\">\n\t\t\t\t\t<div class=\"elementor-column elementor-col-100 elementor-top-column elementor-element elementor-element-14c9ff2\" data-id=\"14c9ff2\" data-element_type=\"column\" data-e-type=\"column\">\n\t\t\t<div class=\"elementor-widget-wrap elementor-element-populated\">\n\t\t\t\t\t\t<div class=\"elementor-element elementor-element-5060ce0 elementor-widget-divider--view-line elementor-widget elementor-widget-divider\" data-id=\"5060ce0\" data-element_type=\"widget\" data-e-type=\"widget\" data-widget_type=\"divider.default\">\n\t\t\t\t<div class=\"elementor-widget-container\">\n\t\t\t\t\t\t\t<div class=\"elementor-divider\">\n\t\t\t<span class=\"elementor-divider-separator\">\n\t\t\t\t\t\t<\/span>\n\t\t<\/div>\n\t\t\t\t\t\t<\/div>\n\t\t\t\t<\/div>\n\t\t\t\t<div class=\"elementor-element elementor-element-acc1015 elementor-widget elementor-widget-zermatt_core_portfolio_list\" data-id=\"acc1015\" data-element_type=\"widget\" data-e-type=\"widget\" data-widget_type=\"zermatt_core_portfolio_list.default\">\n\t\t\t\t<div class=\"elementor-widget-container\">\n\t\t\t\t\t<div class=\"qodef-shortcode qodef-m  qodef-portfolio-list   qodef-item-layout--info-below   qodef-grid qodef-layout--columns  qodef-gutter--normal qodef-col-num--3 qodef-item-layout--info-below qodef--no-bottom-space qodef-pagination--off qodef-responsive--predefined qodef-hover-animation--view_cursor\" data-options=\"{&quot;plugin&quot;:&quot;zermatt_core&quot;,&quot;module&quot;:&quot;post-types\\\/portfolio\\\/shortcodes&quot;,&quot;shortcode&quot;:&quot;portfolio-list&quot;,&quot;post_type&quot;:&quot;portfolio-item&quot;,&quot;next_page&quot;:&quot;2&quot;,&quot;max_pages_num&quot;:0,&quot;light_skin&quot;:&quot;no&quot;,&quot;behavior&quot;:&quot;columns&quot;,&quot;images_proportion&quot;:&quot;full&quot;,&quot;columns&quot;:&quot;3&quot;,&quot;columns_responsive&quot;:&quot;predefined&quot;,&quot;space&quot;:&quot;normal&quot;,&quot;posts_per_page&quot;:&quot;-1&quot;,&quot;orderby&quot;:&quot;date&quot;,&quot;order&quot;:&quot;DESC&quot;,&quot;additional_params&quot;:&quot;tax&quot;,&quot;tax&quot;:&quot;portfolio-tag&quot;,&quot;tax_slug&quot;:&quot;jiri-anderle&quot;,&quot;layout&quot;:&quot;info-below&quot;,&quot;hover_animation_info-below&quot;:&quot;view_cursor&quot;,&quot;title_tag&quot;:&quot;h5&quot;,&quot;custom_padding&quot;:&quot;no&quot;,&quot;pagination_type&quot;:&quot;no-pagination&quot;,&quot;object_class_name&quot;:&quot;ZermattCorePortfolioListShortcode&quot;,&quot;taxonomy_filter&quot;:&quot;portfolio-category&quot;,&quot;additional_query_args&quot;:{&quot;tax_query&quot;:[{&quot;taxonomy&quot;:&quot;portfolio-tag&quot;,&quot;field&quot;:&quot;slug&quot;,&quot;terms&quot;:&quot;jiri-anderle&quot;}]},&quot;space_value&quot;:15}\">\n\t\t<div class=\"qodef-grid-inner clear\">\n\t\t<article class=\"qodef-e qodef-grid-item qodef-item--full post-5323 portfolio-item type-portfolio-item status-publish has-post-thumbnail hentry portfolio-category-dilo portfolio-tag-jiri-anderle\">\n\t<div class=\"qodef-e-inner\" >\n\t\t<div class=\"qodef-e-image\">\n\t\t\t\t\t<div class=\"qodef-e-media-image\">\n\t\t\t<a itemprop=\"url\" href=\"https:\/\/www.kalina-gallery.cz\/en\/dilo\/hommage-a-bernard-schultze\/\"\n\t\t\t\t\t\t\t>\n\t\t\t\t<img fetchpriority=\"high\" decoding=\"async\" width=\"1079\" height=\"1318\" src=\"https:\/\/www.kalina-gallery.cz\/wp-content\/uploads\/2020\/10\/Anderle_6.jpg\" class=\"attachment-full size-full wp-post-image\" alt=\"\" srcset=\"https:\/\/www.kalina-gallery.cz\/wp-content\/uploads\/2020\/10\/Anderle_6.jpg 1079w, https:\/\/www.kalina-gallery.cz\/wp-content\/uploads\/2020\/10\/Anderle_6-246x300.jpg 246w, https:\/\/www.kalina-gallery.cz\/wp-content\/uploads\/2020\/10\/Anderle_6-838x1024.jpg 838w, https:\/\/www.kalina-gallery.cz\/wp-content\/uploads\/2020\/10\/Anderle_6-768x938.jpg 768w, https:\/\/www.kalina-gallery.cz\/wp-content\/uploads\/2020\/10\/Anderle_6-10x12.jpg 10w\" sizes=\"(max-width: 1079px) 100vw, 1079px\" \/>\t\t\t<\/a>\n\t\t<\/div>\n\t\t\t<\/div>\n\t\t<div class=\"qodef-e-content\" >\n\t\t\t<h5 itemprop=\"name\" class=\"qodef-e-title entry-title\" >\n\t<a itemprop=\"url\" class=\"qodef-e-title-link\" href=\"https:\/\/www.kalina-gallery.cz\/en\/dilo\/hommage-a-bernard-schultze\/\">\n\t\tHommage \u00e1\u00a0Bernard Schultze\t<\/a>\n<\/h5>\t\t\t<div class=\"qodef-e-info-category\">\n\t\t\t<a itemprop=\"url\" class=\"qodef-e-category\" href=\"https:\/\/www.kalina-gallery.cz\/en\/portfolio-category\/dilo\/\">\n\t\t\tD\u00edlo\t\t<\/a>\n\t<\/div>\n\t\t\t\t\t<div class=\"qodef-e qodef-e-info-custom-items\">\n\t\t\t\t\t\t\t\t\t\t<span class=\"qodef-e-info-item\">\n\t\t\t\t\t\t\t\t\t\t\t\t\t<\/span>\n\t\t\t\t\t\t<\/div>\n\t\t\t<\/div>\n\t<\/div>\n<\/article>\t<\/div>\n\t<\/div>\t\t\t\t<\/div>\n\t\t\t\t<\/div>\n\t\t\t\t\t<\/div>\n\t\t<\/div>\n\t\t\t\t\t<\/div>\n\t\t<\/section>\n\t\t\t\t<\/div>\n\t\t","protected":false},"excerpt":{"rendered":"<p>Ji\u0159\u00ed Anderle (1936) studoval na AVU obor mal\u00ed\u0159stv\u00ed a grafiku u profesor\u016f Anton\u00edna Pelce a Vladim\u00edra Silovsk\u00e9ho. Pozd\u011bji byl asistentem profesor\u016f Ji\u0159\u00edho Trnky a Zde\u0148ka Sklen\u00e1\u0159e na Vysok\u00e9 \u0161kole um\u011bleckopr\u016fmyslov\u00e9 v Praze (ateli\u00e9r grafiky a ilustrace). Byl \u010dlenem S\u010cUG Hollar. V jeho obrazech je zjevn\u00e1 symbi\u00f3za jeho snahy v r\u016fzn\u00fdch podobenstv\u00edch zachytit sou\u010dasn\u00e9ho \u010dlov\u011bka a [&hellip;]<\/p>\n","protected":false},"author":1,"featured_media":0,"parent":0,"menu_order":0,"comment_status":"closed","ping_status":"closed","template":"","meta":{"inline_featured_image":false,"iawp_total_views":175,"footnotes":""},"class_list":["post-9620","page","type-page","status-publish","hentry"],"yoast_head":"<!-- This site is optimized with the Yoast SEO plugin v27.2 - https:\/\/yoast.com\/product\/yoast-seo-wordpress\/ -->\n<title>Anderle Ji\u0159\u00ed &#8212; Kalina Gallery<\/title>\n<meta name=\"robots\" content=\"index, follow, max-snippet:-1, max-image-preview:large, max-video-preview:-1\" \/>\n<link rel=\"canonical\" href=\"https:\/\/www.kalina-gallery.cz\/en\/anderle-jiri\/\" \/>\n<meta property=\"og:locale\" content=\"en_US\" \/>\n<meta property=\"og:type\" content=\"article\" \/>\n<meta property=\"og:title\" content=\"Anderle Ji\u0159\u00ed &#8212; Kalina Gallery\" \/>\n<meta property=\"og:description\" content=\"Ji\u0159\u00ed Anderle (1936) studoval na AVU obor mal\u00ed\u0159stv\u00ed a grafiku u profesor\u016f Anton\u00edna Pelce a Vladim\u00edra Silovsk\u00e9ho. Pozd\u011bji byl asistentem profesor\u016f Ji\u0159\u00edho Trnky a Zde\u0148ka Sklen\u00e1\u0159e na Vysok\u00e9 \u0161kole um\u011bleckopr\u016fmyslov\u00e9 v Praze (ateli\u00e9r grafiky a ilustrace). Byl \u010dlenem S\u010cUG Hollar. V jeho obrazech je zjevn\u00e1 symbi\u00f3za jeho snahy v r\u016fzn\u00fdch podobenstv\u00edch zachytit sou\u010dasn\u00e9ho \u010dlov\u011bka a [&hellip;]\" \/>\n<meta property=\"og:url\" content=\"https:\/\/www.kalina-gallery.cz\/en\/anderle-jiri\/\" \/>\n<meta property=\"og:site_name\" content=\"Kalina Gallery\" \/>\n<meta property=\"article:publisher\" content=\"https:\/\/www.facebook.com\/Kalina-Gallery-240711577897794\/\" \/>\n<meta property=\"article:modified_time\" content=\"2021-12-22T15:05:50+00:00\" \/>\n<meta property=\"og:image\" content=\"https:\/\/www.kalina-gallery.cz\/wp-content\/uploads\/2020\/10\/Anderle_6.jpg\" \/>\n<meta name=\"twitter:card\" content=\"summary_large_image\" \/>\n<meta name=\"twitter:label1\" content=\"Est. reading time\" \/>\n\t<meta name=\"twitter:data1\" content=\"1 minute\" \/>\n<script type=\"application\/ld+json\" class=\"yoast-schema-graph\">{\"@context\":\"https:\/\/schema.org\",\"@graph\":[{\"@type\":\"WebPage\",\"@id\":\"https:\/\/www.kalina-gallery.cz\/anderle-jiri\/\",\"url\":\"https:\/\/www.kalina-gallery.cz\/anderle-jiri\/\",\"name\":\"Anderle Ji\u0159\u00ed &#8212; Kalina Gallery\",\"isPartOf\":{\"@id\":\"https:\/\/www.kalina-gallery.cz\/#website\"},\"primaryImageOfPage\":{\"@id\":\"https:\/\/www.kalina-gallery.cz\/anderle-jiri\/#primaryimage\"},\"image\":{\"@id\":\"https:\/\/www.kalina-gallery.cz\/anderle-jiri\/#primaryimage\"},\"thumbnailUrl\":\"https:\/\/www.kalina-gallery.cz\/wp-content\/uploads\/2020\/10\/Anderle_6.jpg\",\"datePublished\":\"2021-12-07T17:57:09+00:00\",\"dateModified\":\"2021-12-22T15:05:50+00:00\",\"breadcrumb\":{\"@id\":\"https:\/\/www.kalina-gallery.cz\/anderle-jiri\/#breadcrumb\"},\"inLanguage\":\"en-US\",\"potentialAction\":[{\"@type\":\"ReadAction\",\"target\":[\"https:\/\/www.kalina-gallery.cz\/anderle-jiri\/\"]}]},{\"@type\":\"ImageObject\",\"inLanguage\":\"en-US\",\"@id\":\"https:\/\/www.kalina-gallery.cz\/anderle-jiri\/#primaryimage\",\"url\":\"https:\/\/www.kalina-gallery.cz\/wp-content\/uploads\/2020\/10\/Anderle_6.jpg\",\"contentUrl\":\"https:\/\/www.kalina-gallery.cz\/wp-content\/uploads\/2020\/10\/Anderle_6.jpg\"},{\"@type\":\"BreadcrumbList\",\"@id\":\"https:\/\/www.kalina-gallery.cz\/anderle-jiri\/#breadcrumb\",\"itemListElement\":[{\"@type\":\"ListItem\",\"position\":1,\"name\":\"Dom\u016f\",\"item\":\"https:\/\/www.kalina-gallery.cz\/\"},{\"@type\":\"ListItem\",\"position\":2,\"name\":\"Anderle Ji\u0159\u00ed\"}]},{\"@type\":\"WebSite\",\"@id\":\"https:\/\/www.kalina-gallery.cz\/#website\",\"url\":\"https:\/\/www.kalina-gallery.cz\/\",\"name\":\"Kalina Gallery\",\"description\":\"V\u00fdstavn\u00ed s\u00ed\u0148 v centru Brna\",\"publisher\":{\"@id\":\"https:\/\/www.kalina-gallery.cz\/#organization\"},\"potentialAction\":[{\"@type\":\"SearchAction\",\"target\":{\"@type\":\"EntryPoint\",\"urlTemplate\":\"https:\/\/www.kalina-gallery.cz\/?s={search_term_string}\"},\"query-input\":{\"@type\":\"PropertyValueSpecification\",\"valueRequired\":true,\"valueName\":\"search_term_string\"}}],\"inLanguage\":\"en-US\"},{\"@type\":\"Organization\",\"@id\":\"https:\/\/www.kalina-gallery.cz\/#organization\",\"name\":\"Kalina Gallery\",\"url\":\"https:\/\/www.kalina-gallery.cz\/\",\"logo\":{\"@type\":\"ImageObject\",\"inLanguage\":\"en-US\",\"@id\":\"https:\/\/www.kalina-gallery.cz\/#\/schema\/logo\/image\/\",\"url\":\"https:\/\/www.kalina-gallery.cz\/wp-content\/uploads\/2021\/08\/cropped-k.png\",\"contentUrl\":\"https:\/\/www.kalina-gallery.cz\/wp-content\/uploads\/2021\/08\/cropped-k.png\",\"width\":512,\"height\":512,\"caption\":\"Kalina Gallery\"},\"image\":{\"@id\":\"https:\/\/www.kalina-gallery.cz\/#\/schema\/logo\/image\/\"},\"sameAs\":[\"https:\/\/www.facebook.com\/Kalina-Gallery-240711577897794\/\",\"https:\/\/www.instagram.com\/kalinagallery1\/\"]}]}<\/script>\n<!-- \/ Yoast SEO plugin. -->","yoast_head_json":{"title":"Anderle Ji\u0159\u00ed &#8212; Kalina Gallery","robots":{"index":"index","follow":"follow","max-snippet":"max-snippet:-1","max-image-preview":"max-image-preview:large","max-video-preview":"max-video-preview:-1"},"canonical":"https:\/\/www.kalina-gallery.cz\/en\/anderle-jiri\/","og_locale":"en_US","og_type":"article","og_title":"Anderle Ji\u0159\u00ed &#8212; Kalina Gallery","og_description":"Ji\u0159\u00ed Anderle (1936) studoval na AVU obor mal\u00ed\u0159stv\u00ed a grafiku u profesor\u016f Anton\u00edna Pelce a Vladim\u00edra Silovsk\u00e9ho. Pozd\u011bji byl asistentem profesor\u016f Ji\u0159\u00edho Trnky a Zde\u0148ka Sklen\u00e1\u0159e na Vysok\u00e9 \u0161kole um\u011bleckopr\u016fmyslov\u00e9 v Praze (ateli\u00e9r grafiky a ilustrace). Byl \u010dlenem S\u010cUG Hollar. V jeho obrazech je zjevn\u00e1 symbi\u00f3za jeho snahy v r\u016fzn\u00fdch podobenstv\u00edch zachytit sou\u010dasn\u00e9ho \u010dlov\u011bka a [&hellip;]","og_url":"https:\/\/www.kalina-gallery.cz\/en\/anderle-jiri\/","og_site_name":"Kalina Gallery","article_publisher":"https:\/\/www.facebook.com\/Kalina-Gallery-240711577897794\/","article_modified_time":"2021-12-22T15:05:50+00:00","og_image":[{"url":"https:\/\/www.kalina-gallery.cz\/wp-content\/uploads\/2020\/10\/Anderle_6.jpg","type":"","width":"","height":""}],"twitter_card":"summary_large_image","twitter_misc":{"Est. reading time":"1 minute"},"schema":{"@context":"https:\/\/schema.org","@graph":[{"@type":"WebPage","@id":"https:\/\/www.kalina-gallery.cz\/anderle-jiri\/","url":"https:\/\/www.kalina-gallery.cz\/anderle-jiri\/","name":"Anderle Ji\u0159\u00ed &#8212; Kalina Gallery","isPartOf":{"@id":"https:\/\/www.kalina-gallery.cz\/#website"},"primaryImageOfPage":{"@id":"https:\/\/www.kalina-gallery.cz\/anderle-jiri\/#primaryimage"},"image":{"@id":"https:\/\/www.kalina-gallery.cz\/anderle-jiri\/#primaryimage"},"thumbnailUrl":"https:\/\/www.kalina-gallery.cz\/wp-content\/uploads\/2020\/10\/Anderle_6.jpg","datePublished":"2021-12-07T17:57:09+00:00","dateModified":"2021-12-22T15:05:50+00:00","breadcrumb":{"@id":"https:\/\/www.kalina-gallery.cz\/anderle-jiri\/#breadcrumb"},"inLanguage":"en-US","potentialAction":[{"@type":"ReadAction","target":["https:\/\/www.kalina-gallery.cz\/anderle-jiri\/"]}]},{"@type":"ImageObject","inLanguage":"en-US","@id":"https:\/\/www.kalina-gallery.cz\/anderle-jiri\/#primaryimage","url":"https:\/\/www.kalina-gallery.cz\/wp-content\/uploads\/2020\/10\/Anderle_6.jpg","contentUrl":"https:\/\/www.kalina-gallery.cz\/wp-content\/uploads\/2020\/10\/Anderle_6.jpg"},{"@type":"BreadcrumbList","@id":"https:\/\/www.kalina-gallery.cz\/anderle-jiri\/#breadcrumb","itemListElement":[{"@type":"ListItem","position":1,"name":"Dom\u016f","item":"https:\/\/www.kalina-gallery.cz\/"},{"@type":"ListItem","position":2,"name":"Anderle Ji\u0159\u00ed"}]},{"@type":"WebSite","@id":"https:\/\/www.kalina-gallery.cz\/#website","url":"https:\/\/www.kalina-gallery.cz\/","name":"Kalina Gallery","description":"V\u00fdstavn\u00ed s\u00ed\u0148 v centru Brna","publisher":{"@id":"https:\/\/www.kalina-gallery.cz\/#organization"},"potentialAction":[{"@type":"SearchAction","target":{"@type":"EntryPoint","urlTemplate":"https:\/\/www.kalina-gallery.cz\/?s={search_term_string}"},"query-input":{"@type":"PropertyValueSpecification","valueRequired":true,"valueName":"search_term_string"}}],"inLanguage":"en-US"},{"@type":"Organization","@id":"https:\/\/www.kalina-gallery.cz\/#organization","name":"Kalina Gallery","url":"https:\/\/www.kalina-gallery.cz\/","logo":{"@type":"ImageObject","inLanguage":"en-US","@id":"https:\/\/www.kalina-gallery.cz\/#\/schema\/logo\/image\/","url":"https:\/\/www.kalina-gallery.cz\/wp-content\/uploads\/2021\/08\/cropped-k.png","contentUrl":"https:\/\/www.kalina-gallery.cz\/wp-content\/uploads\/2021\/08\/cropped-k.png","width":512,"height":512,"caption":"Kalina Gallery"},"image":{"@id":"https:\/\/www.kalina-gallery.cz\/#\/schema\/logo\/image\/"},"sameAs":["https:\/\/www.facebook.com\/Kalina-Gallery-240711577897794\/","https:\/\/www.instagram.com\/kalinagallery1\/"]}]}},"_links":{"self":[{"href":"https:\/\/www.kalina-gallery.cz\/en\/wp-json\/wp\/v2\/pages\/9620","targetHints":{"allow":["GET"]}}],"collection":[{"href":"https:\/\/www.kalina-gallery.cz\/en\/wp-json\/wp\/v2\/pages"}],"about":[{"href":"https:\/\/www.kalina-gallery.cz\/en\/wp-json\/wp\/v2\/types\/page"}],"author":[{"embeddable":true,"href":"https:\/\/www.kalina-gallery.cz\/en\/wp-json\/wp\/v2\/users\/1"}],"replies":[{"embeddable":true,"href":"https:\/\/www.kalina-gallery.cz\/en\/wp-json\/wp\/v2\/comments?post=9620"}],"version-history":[{"count":0,"href":"https:\/\/www.kalina-gallery.cz\/en\/wp-json\/wp\/v2\/pages\/9620\/revisions"}],"wp:attachment":[{"href":"https:\/\/www.kalina-gallery.cz\/en\/wp-json\/wp\/v2\/media?parent=9620"}],"curies":[{"name":"wp","href":"https:\/\/api.w.org\/{rel}","templated":true}]}}