{"id":9637,"date":"2021-12-07T18:09:17","date_gmt":"2021-12-07T18:09:17","guid":{"rendered":"https:\/\/www.kalina-gallery.cz\/?page_id=9637"},"modified":"2021-12-22T15:46:08","modified_gmt":"2021-12-22T15:46:08","slug":"chlupac-miloslav","status":"publish","type":"page","link":"https:\/\/www.kalina-gallery.cz\/en\/chlupac-miloslav\/","title":{"rendered":"Chlup\u00e1\u010d Miloslav"},"content":{"rendered":"\t\t<div data-elementor-type=\"wp-page\" data-elementor-id=\"9637\" class=\"elementor elementor-9637\" data-elementor-post-type=\"page\">\n\t\t\t\t\t\t<section class=\"elementor-section elementor-top-section elementor-element elementor-element-cee2588 elementor-section-boxed elementor-section-height-default elementor-section-height-default qodef-elementor-content-no qodef-elementor-stretch-row-no qodef-elementor-overlay-no\" data-id=\"cee2588\" data-element_type=\"section\" data-e-type=\"section\">\n\t\t\t\t\t\t<div class=\"elementor-container elementor-column-gap-default\">\n\t\t\t\t\t<div class=\"elementor-column elementor-col-100 elementor-top-column elementor-element elementor-element-5cbb5ba\" data-id=\"5cbb5ba\" data-element_type=\"column\" data-e-type=\"column\">\n\t\t\t<div class=\"elementor-widget-wrap elementor-element-populated\">\n\t\t\t\t\t\t<div class=\"elementor-element elementor-element-2fd2357 elementor-widget elementor-widget-text-editor\" data-id=\"2fd2357\" data-element_type=\"widget\" data-e-type=\"widget\" data-widget_type=\"text-editor.default\">\n\t\t\t\t<div class=\"elementor-widget-container\">\n\t\t\t\t\t\t\t\t\t<p><strong>Miloslav Chlup\u00e1\u010d<\/strong> (1920 \u2013 2008) byl v\u00fdznamn\u00fd socha\u0159, mal\u00ed\u0159, a tak\u00e9 v\u00fdtvarn\u00fd teoretik. \u00a0Studoval v\u00a0ateli\u00e9ru Josefa Wagnera na Vysok\u00e9 \u0161kole um\u011bleckopr\u016fmyslov\u00e9 v\u00a0Praze. Byl \u010dlenem um\u011bleck\u00e9 skupiny M\u00e1j a Um\u011bleck\u00e9 besedy.<\/p><p>Chlup\u00e1\u010d sv\u00e9 malby vystavoval jen v\u00fdjime\u010dn\u011b. Malb\u011b se v\u011bnoval p\u0159edev\u0161\u00edm v\u00a0obdob\u00ed po sov\u011btsk\u00e9 okupaci \u010ceskoslovenska v roce 1968, kdy pro sv\u00e9 mravn\u00ed z\u00e1sady a nekompromisn\u00ed politick\u00e9 postoje p\u0159estal dost\u00e1vat socha\u0159sk\u00e9 zak\u00e1zky, a v \u00fastran\u00ed se tak v\u011bnoval p\u0159edev\u0161\u00edm mal\u00ed\u0159stv\u00ed. V\u00a0jeho obrazech je prom\u00edtnuta cel\u00e1 \u0159ada prvk\u016f a motiv\u016f z d\u011bjin um\u011bn\u00ed, kter\u00e9 jej inspirovaly, kup\u0159\u00edkladu kubistick\u00e9 tvaroslov\u00ed a jeho stylizace zobrazen\u00fdch p\u0159edm\u011bt\u016f. Ve sv\u00e9m osobit\u00e9m projevu dosp\u011bl a\u017e ke krajn\u00edmu zjednodu\u0161en\u00ed motiv\u016f, ale mez \u010dist\u00e9 abstrakce nep\u0159ekro\u010dil.<\/p>\t\t\t\t\t\t\t\t<\/div>\n\t\t\t\t<\/div>\n\t\t\t\t\t<\/div>\n\t\t<\/div>\n\t\t\t\t\t<\/div>\n\t\t<\/section>\n\t\t\t\t<section class=\"elementor-section elementor-top-section elementor-element elementor-element-1688d05 elementor-section-boxed elementor-section-height-default elementor-section-height-default qodef-elementor-content-no qodef-elementor-stretch-row-no qodef-elementor-overlay-no\" data-id=\"1688d05\" data-element_type=\"section\" data-e-type=\"section\">\n\t\t\t\t\t\t<div class=\"elementor-container elementor-column-gap-default\">\n\t\t\t\t\t<div class=\"elementor-column elementor-col-100 elementor-top-column elementor-element elementor-element-14c9ff2\" data-id=\"14c9ff2\" data-element_type=\"column\" data-e-type=\"column\">\n\t\t\t<div class=\"elementor-widget-wrap elementor-element-populated\">\n\t\t\t\t\t\t<div class=\"elementor-element elementor-element-5060ce0 elementor-widget-divider--view-line elementor-widget elementor-widget-divider\" data-id=\"5060ce0\" data-element_type=\"widget\" data-e-type=\"widget\" data-widget_type=\"divider.default\">\n\t\t\t\t<div class=\"elementor-widget-container\">\n\t\t\t\t\t\t\t<div class=\"elementor-divider\">\n\t\t\t<span class=\"elementor-divider-separator\">\n\t\t\t\t\t\t<\/span>\n\t\t<\/div>\n\t\t\t\t\t\t<\/div>\n\t\t\t\t<\/div>\n\t\t\t\t<div class=\"elementor-element elementor-element-acc1015 elementor-widget elementor-widget-zermatt_core_portfolio_list\" data-id=\"acc1015\" data-element_type=\"widget\" data-e-type=\"widget\" data-widget_type=\"zermatt_core_portfolio_list.default\">\n\t\t\t\t<div class=\"elementor-widget-container\">\n\t\t\t\t\t<div class=\"qodef-shortcode qodef-m  qodef-portfolio-list   qodef-item-layout--info-below   qodef-grid qodef-layout--columns  qodef-gutter--normal qodef-col-num--3 qodef-item-layout--info-below qodef--no-bottom-space qodef-pagination--off qodef-responsive--predefined qodef-hover-animation--view_cursor\" data-options=\"{&quot;plugin&quot;:&quot;zermatt_core&quot;,&quot;module&quot;:&quot;post-types\\\/portfolio\\\/shortcodes&quot;,&quot;shortcode&quot;:&quot;portfolio-list&quot;,&quot;post_type&quot;:&quot;portfolio-item&quot;,&quot;next_page&quot;:&quot;2&quot;,&quot;max_pages_num&quot;:0,&quot;light_skin&quot;:&quot;no&quot;,&quot;behavior&quot;:&quot;columns&quot;,&quot;images_proportion&quot;:&quot;full&quot;,&quot;columns&quot;:&quot;3&quot;,&quot;columns_responsive&quot;:&quot;predefined&quot;,&quot;space&quot;:&quot;normal&quot;,&quot;posts_per_page&quot;:&quot;-1&quot;,&quot;orderby&quot;:&quot;date&quot;,&quot;order&quot;:&quot;DESC&quot;,&quot;additional_params&quot;:&quot;tax&quot;,&quot;tax&quot;:&quot;portfolio-tag&quot;,&quot;tax_slug&quot;:&quot;miloslav-chlupac&quot;,&quot;layout&quot;:&quot;info-below&quot;,&quot;hover_animation_info-below&quot;:&quot;view_cursor&quot;,&quot;title_tag&quot;:&quot;h5&quot;,&quot;custom_padding&quot;:&quot;no&quot;,&quot;pagination_type&quot;:&quot;no-pagination&quot;,&quot;object_class_name&quot;:&quot;ZermattCorePortfolioListShortcode&quot;,&quot;taxonomy_filter&quot;:&quot;portfolio-category&quot;,&quot;additional_query_args&quot;:{&quot;tax_query&quot;:[{&quot;taxonomy&quot;:&quot;portfolio-tag&quot;,&quot;field&quot;:&quot;slug&quot;,&quot;terms&quot;:&quot;miloslav-chlupac&quot;}]},&quot;space_value&quot;:15}\">\n\t\t<div class=\"qodef-grid-inner clear\">\n\t\t<article class=\"qodef-e qodef-grid-item qodef-item--full post-8048 portfolio-item type-portfolio-item status-publish has-post-thumbnail hentry portfolio-category-dilo portfolio-tag-miloslav-chlupac\">\n\t<div class=\"qodef-e-inner\" >\n\t\t<div class=\"qodef-e-image\">\n\t\t\t\t\t<div class=\"qodef-e-media-image\">\n\t\t\t<a itemprop=\"url\" href=\"https:\/\/www.kalina-gallery.cz\/en\/dilo\/zatisi\/\"\n\t\t\t\t\t\t\t>\n\t\t\t\t<img fetchpriority=\"high\" decoding=\"async\" width=\"1060\" height=\"1062\" src=\"https:\/\/www.kalina-gallery.cz\/wp-content\/uploads\/2021\/09\/Chlupac_7.jpg\" class=\"attachment-full size-full wp-post-image\" alt=\"\" srcset=\"https:\/\/www.kalina-gallery.cz\/wp-content\/uploads\/2021\/09\/Chlupac_7.jpg 1060w, https:\/\/www.kalina-gallery.cz\/wp-content\/uploads\/2021\/09\/Chlupac_7-300x300.jpg 300w, https:\/\/www.kalina-gallery.cz\/wp-content\/uploads\/2021\/09\/Chlupac_7-1022x1024.jpg 1022w, https:\/\/www.kalina-gallery.cz\/wp-content\/uploads\/2021\/09\/Chlupac_7-150x150.jpg 150w, https:\/\/www.kalina-gallery.cz\/wp-content\/uploads\/2021\/09\/Chlupac_7-768x769.jpg 768w, https:\/\/www.kalina-gallery.cz\/wp-content\/uploads\/2021\/09\/Chlupac_7-12x12.jpg 12w, https:\/\/www.kalina-gallery.cz\/wp-content\/uploads\/2021\/09\/Chlupac_7-650x650.jpg 650w\" sizes=\"(max-width: 1060px) 100vw, 1060px\" \/>\t\t\t<\/a>\n\t\t<\/div>\n\t\t\t<\/div>\n\t\t<div class=\"qodef-e-content\" >\n\t\t\t<h5 itemprop=\"name\" class=\"qodef-e-title entry-title\" >\n\t<a itemprop=\"url\" class=\"qodef-e-title-link\" href=\"https:\/\/www.kalina-gallery.cz\/en\/dilo\/zatisi\/\">\n\t\tZ\u00e1ti\u0161\u00ed\t<\/a>\n<\/h5>\t\t\t<div class=\"qodef-e-info-category\">\n\t\t\t<a itemprop=\"url\" class=\"qodef-e-category\" href=\"https:\/\/www.kalina-gallery.cz\/en\/portfolio-category\/dilo\/\">\n\t\t\tD\u00edlo\t\t<\/a>\n\t<\/div>\n\t\t\t\t\t<\/div>\n\t<\/div>\n<\/article>\t<\/div>\n\t<\/div>\t\t\t\t<\/div>\n\t\t\t\t<\/div>\n\t\t\t\t\t<\/div>\n\t\t<\/div>\n\t\t\t\t\t<\/div>\n\t\t<\/section>\n\t\t\t\t<\/div>\n\t\t","protected":false},"excerpt":{"rendered":"<p>Miloslav Chlup\u00e1\u010d (1920 \u2013 2008) byl v\u00fdznamn\u00fd socha\u0159, mal\u00ed\u0159, a tak\u00e9 v\u00fdtvarn\u00fd teoretik. \u00a0Studoval v\u00a0ateli\u00e9ru Josefa Wagnera na Vysok\u00e9 \u0161kole um\u011bleckopr\u016fmyslov\u00e9 v\u00a0Praze. Byl \u010dlenem um\u011bleck\u00e9 skupiny M\u00e1j a Um\u011bleck\u00e9 besedy. Chlup\u00e1\u010d sv\u00e9 malby vystavoval jen v\u00fdjime\u010dn\u011b. Malb\u011b se v\u011bnoval p\u0159edev\u0161\u00edm v\u00a0obdob\u00ed po sov\u011btsk\u00e9 okupaci \u010ceskoslovenska v roce 1968, kdy pro sv\u00e9 mravn\u00ed z\u00e1sady a nekompromisn\u00ed [&hellip;]<\/p>\n","protected":false},"author":1,"featured_media":0,"parent":0,"menu_order":0,"comment_status":"closed","ping_status":"closed","template":"","meta":{"inline_featured_image":false,"iawp_total_views":121,"footnotes":""},"class_list":["post-9637","page","type-page","status-publish","hentry"],"yoast_head":"<!-- This site is optimized with the Yoast SEO plugin v27.2 - https:\/\/yoast.com\/product\/yoast-seo-wordpress\/ -->\n<title>Chlup\u00e1\u010d Miloslav &#8212; Kalina Gallery<\/title>\n<meta name=\"robots\" content=\"index, follow, max-snippet:-1, max-image-preview:large, max-video-preview:-1\" \/>\n<link rel=\"canonical\" href=\"https:\/\/www.kalina-gallery.cz\/en\/chlupac-miloslav\/\" \/>\n<meta property=\"og:locale\" content=\"en_US\" \/>\n<meta property=\"og:type\" content=\"article\" \/>\n<meta property=\"og:title\" content=\"Chlup\u00e1\u010d Miloslav &#8212; Kalina Gallery\" \/>\n<meta property=\"og:description\" content=\"Miloslav Chlup\u00e1\u010d (1920 \u2013 2008) byl v\u00fdznamn\u00fd socha\u0159, mal\u00ed\u0159, a tak\u00e9 v\u00fdtvarn\u00fd teoretik. \u00a0Studoval v\u00a0ateli\u00e9ru Josefa Wagnera na Vysok\u00e9 \u0161kole um\u011bleckopr\u016fmyslov\u00e9 v\u00a0Praze. Byl \u010dlenem um\u011bleck\u00e9 skupiny M\u00e1j a Um\u011bleck\u00e9 besedy. Chlup\u00e1\u010d sv\u00e9 malby vystavoval jen v\u00fdjime\u010dn\u011b. Malb\u011b se v\u011bnoval p\u0159edev\u0161\u00edm v\u00a0obdob\u00ed po sov\u011btsk\u00e9 okupaci \u010ceskoslovenska v roce 1968, kdy pro sv\u00e9 mravn\u00ed z\u00e1sady a nekompromisn\u00ed [&hellip;]\" \/>\n<meta property=\"og:url\" content=\"https:\/\/www.kalina-gallery.cz\/en\/chlupac-miloslav\/\" \/>\n<meta property=\"og:site_name\" content=\"Kalina Gallery\" \/>\n<meta property=\"article:publisher\" content=\"https:\/\/www.facebook.com\/Kalina-Gallery-240711577897794\/\" \/>\n<meta property=\"article:modified_time\" content=\"2021-12-22T15:46:08+00:00\" \/>\n<meta property=\"og:image\" content=\"https:\/\/www.kalina-gallery.cz\/wp-content\/uploads\/2021\/09\/Chlupac_7.jpg\" \/>\n<meta name=\"twitter:card\" content=\"summary_large_image\" \/>\n<meta name=\"twitter:label1\" content=\"Est. reading time\" \/>\n\t<meta name=\"twitter:data1\" content=\"1 minute\" \/>\n<script type=\"application\/ld+json\" class=\"yoast-schema-graph\">{\"@context\":\"https:\/\/schema.org\",\"@graph\":[{\"@type\":\"WebPage\",\"@id\":\"https:\/\/www.kalina-gallery.cz\/chlupac-miloslav\/\",\"url\":\"https:\/\/www.kalina-gallery.cz\/chlupac-miloslav\/\",\"name\":\"Chlup\u00e1\u010d Miloslav &#8212; Kalina Gallery\",\"isPartOf\":{\"@id\":\"https:\/\/www.kalina-gallery.cz\/#website\"},\"primaryImageOfPage\":{\"@id\":\"https:\/\/www.kalina-gallery.cz\/chlupac-miloslav\/#primaryimage\"},\"image\":{\"@id\":\"https:\/\/www.kalina-gallery.cz\/chlupac-miloslav\/#primaryimage\"},\"thumbnailUrl\":\"https:\/\/www.kalina-gallery.cz\/wp-content\/uploads\/2021\/09\/Chlupac_7.jpg\",\"datePublished\":\"2021-12-07T18:09:17+00:00\",\"dateModified\":\"2021-12-22T15:46:08+00:00\",\"breadcrumb\":{\"@id\":\"https:\/\/www.kalina-gallery.cz\/chlupac-miloslav\/#breadcrumb\"},\"inLanguage\":\"en-US\",\"potentialAction\":[{\"@type\":\"ReadAction\",\"target\":[\"https:\/\/www.kalina-gallery.cz\/chlupac-miloslav\/\"]}]},{\"@type\":\"ImageObject\",\"inLanguage\":\"en-US\",\"@id\":\"https:\/\/www.kalina-gallery.cz\/chlupac-miloslav\/#primaryimage\",\"url\":\"https:\/\/www.kalina-gallery.cz\/wp-content\/uploads\/2021\/09\/Chlupac_7.jpg\",\"contentUrl\":\"https:\/\/www.kalina-gallery.cz\/wp-content\/uploads\/2021\/09\/Chlupac_7.jpg\"},{\"@type\":\"BreadcrumbList\",\"@id\":\"https:\/\/www.kalina-gallery.cz\/chlupac-miloslav\/#breadcrumb\",\"itemListElement\":[{\"@type\":\"ListItem\",\"position\":1,\"name\":\"Dom\u016f\",\"item\":\"https:\/\/www.kalina-gallery.cz\/\"},{\"@type\":\"ListItem\",\"position\":2,\"name\":\"Chlup\u00e1\u010d Miloslav\"}]},{\"@type\":\"WebSite\",\"@id\":\"https:\/\/www.kalina-gallery.cz\/#website\",\"url\":\"https:\/\/www.kalina-gallery.cz\/\",\"name\":\"Kalina Gallery\",\"description\":\"V\u00fdstavn\u00ed s\u00ed\u0148 v centru Brna\",\"publisher\":{\"@id\":\"https:\/\/www.kalina-gallery.cz\/#organization\"},\"potentialAction\":[{\"@type\":\"SearchAction\",\"target\":{\"@type\":\"EntryPoint\",\"urlTemplate\":\"https:\/\/www.kalina-gallery.cz\/?s={search_term_string}\"},\"query-input\":{\"@type\":\"PropertyValueSpecification\",\"valueRequired\":true,\"valueName\":\"search_term_string\"}}],\"inLanguage\":\"en-US\"},{\"@type\":\"Organization\",\"@id\":\"https:\/\/www.kalina-gallery.cz\/#organization\",\"name\":\"Kalina Gallery\",\"url\":\"https:\/\/www.kalina-gallery.cz\/\",\"logo\":{\"@type\":\"ImageObject\",\"inLanguage\":\"en-US\",\"@id\":\"https:\/\/www.kalina-gallery.cz\/#\/schema\/logo\/image\/\",\"url\":\"https:\/\/www.kalina-gallery.cz\/wp-content\/uploads\/2021\/08\/cropped-k.png\",\"contentUrl\":\"https:\/\/www.kalina-gallery.cz\/wp-content\/uploads\/2021\/08\/cropped-k.png\",\"width\":512,\"height\":512,\"caption\":\"Kalina Gallery\"},\"image\":{\"@id\":\"https:\/\/www.kalina-gallery.cz\/#\/schema\/logo\/image\/\"},\"sameAs\":[\"https:\/\/www.facebook.com\/Kalina-Gallery-240711577897794\/\",\"https:\/\/www.instagram.com\/kalinagallery1\/\"]}]}<\/script>\n<!-- \/ Yoast SEO plugin. -->","yoast_head_json":{"title":"Chlup\u00e1\u010d Miloslav &#8212; Kalina Gallery","robots":{"index":"index","follow":"follow","max-snippet":"max-snippet:-1","max-image-preview":"max-image-preview:large","max-video-preview":"max-video-preview:-1"},"canonical":"https:\/\/www.kalina-gallery.cz\/en\/chlupac-miloslav\/","og_locale":"en_US","og_type":"article","og_title":"Chlup\u00e1\u010d Miloslav &#8212; Kalina Gallery","og_description":"Miloslav Chlup\u00e1\u010d (1920 \u2013 2008) byl v\u00fdznamn\u00fd socha\u0159, mal\u00ed\u0159, a tak\u00e9 v\u00fdtvarn\u00fd teoretik. \u00a0Studoval v\u00a0ateli\u00e9ru Josefa Wagnera na Vysok\u00e9 \u0161kole um\u011bleckopr\u016fmyslov\u00e9 v\u00a0Praze. Byl \u010dlenem um\u011bleck\u00e9 skupiny M\u00e1j a Um\u011bleck\u00e9 besedy. Chlup\u00e1\u010d sv\u00e9 malby vystavoval jen v\u00fdjime\u010dn\u011b. Malb\u011b se v\u011bnoval p\u0159edev\u0161\u00edm v\u00a0obdob\u00ed po sov\u011btsk\u00e9 okupaci \u010ceskoslovenska v roce 1968, kdy pro sv\u00e9 mravn\u00ed z\u00e1sady a nekompromisn\u00ed [&hellip;]","og_url":"https:\/\/www.kalina-gallery.cz\/en\/chlupac-miloslav\/","og_site_name":"Kalina Gallery","article_publisher":"https:\/\/www.facebook.com\/Kalina-Gallery-240711577897794\/","article_modified_time":"2021-12-22T15:46:08+00:00","og_image":[{"url":"https:\/\/www.kalina-gallery.cz\/wp-content\/uploads\/2021\/09\/Chlupac_7.jpg","type":"","width":"","height":""}],"twitter_card":"summary_large_image","twitter_misc":{"Est. reading time":"1 minute"},"schema":{"@context":"https:\/\/schema.org","@graph":[{"@type":"WebPage","@id":"https:\/\/www.kalina-gallery.cz\/chlupac-miloslav\/","url":"https:\/\/www.kalina-gallery.cz\/chlupac-miloslav\/","name":"Chlup\u00e1\u010d Miloslav &#8212; Kalina Gallery","isPartOf":{"@id":"https:\/\/www.kalina-gallery.cz\/#website"},"primaryImageOfPage":{"@id":"https:\/\/www.kalina-gallery.cz\/chlupac-miloslav\/#primaryimage"},"image":{"@id":"https:\/\/www.kalina-gallery.cz\/chlupac-miloslav\/#primaryimage"},"thumbnailUrl":"https:\/\/www.kalina-gallery.cz\/wp-content\/uploads\/2021\/09\/Chlupac_7.jpg","datePublished":"2021-12-07T18:09:17+00:00","dateModified":"2021-12-22T15:46:08+00:00","breadcrumb":{"@id":"https:\/\/www.kalina-gallery.cz\/chlupac-miloslav\/#breadcrumb"},"inLanguage":"en-US","potentialAction":[{"@type":"ReadAction","target":["https:\/\/www.kalina-gallery.cz\/chlupac-miloslav\/"]}]},{"@type":"ImageObject","inLanguage":"en-US","@id":"https:\/\/www.kalina-gallery.cz\/chlupac-miloslav\/#primaryimage","url":"https:\/\/www.kalina-gallery.cz\/wp-content\/uploads\/2021\/09\/Chlupac_7.jpg","contentUrl":"https:\/\/www.kalina-gallery.cz\/wp-content\/uploads\/2021\/09\/Chlupac_7.jpg"},{"@type":"BreadcrumbList","@id":"https:\/\/www.kalina-gallery.cz\/chlupac-miloslav\/#breadcrumb","itemListElement":[{"@type":"ListItem","position":1,"name":"Dom\u016f","item":"https:\/\/www.kalina-gallery.cz\/"},{"@type":"ListItem","position":2,"name":"Chlup\u00e1\u010d Miloslav"}]},{"@type":"WebSite","@id":"https:\/\/www.kalina-gallery.cz\/#website","url":"https:\/\/www.kalina-gallery.cz\/","name":"Kalina Gallery","description":"V\u00fdstavn\u00ed s\u00ed\u0148 v centru Brna","publisher":{"@id":"https:\/\/www.kalina-gallery.cz\/#organization"},"potentialAction":[{"@type":"SearchAction","target":{"@type":"EntryPoint","urlTemplate":"https:\/\/www.kalina-gallery.cz\/?s={search_term_string}"},"query-input":{"@type":"PropertyValueSpecification","valueRequired":true,"valueName":"search_term_string"}}],"inLanguage":"en-US"},{"@type":"Organization","@id":"https:\/\/www.kalina-gallery.cz\/#organization","name":"Kalina Gallery","url":"https:\/\/www.kalina-gallery.cz\/","logo":{"@type":"ImageObject","inLanguage":"en-US","@id":"https:\/\/www.kalina-gallery.cz\/#\/schema\/logo\/image\/","url":"https:\/\/www.kalina-gallery.cz\/wp-content\/uploads\/2021\/08\/cropped-k.png","contentUrl":"https:\/\/www.kalina-gallery.cz\/wp-content\/uploads\/2021\/08\/cropped-k.png","width":512,"height":512,"caption":"Kalina Gallery"},"image":{"@id":"https:\/\/www.kalina-gallery.cz\/#\/schema\/logo\/image\/"},"sameAs":["https:\/\/www.facebook.com\/Kalina-Gallery-240711577897794\/","https:\/\/www.instagram.com\/kalinagallery1\/"]}]}},"_links":{"self":[{"href":"https:\/\/www.kalina-gallery.cz\/en\/wp-json\/wp\/v2\/pages\/9637","targetHints":{"allow":["GET"]}}],"collection":[{"href":"https:\/\/www.kalina-gallery.cz\/en\/wp-json\/wp\/v2\/pages"}],"about":[{"href":"https:\/\/www.kalina-gallery.cz\/en\/wp-json\/wp\/v2\/types\/page"}],"author":[{"embeddable":true,"href":"https:\/\/www.kalina-gallery.cz\/en\/wp-json\/wp\/v2\/users\/1"}],"replies":[{"embeddable":true,"href":"https:\/\/www.kalina-gallery.cz\/en\/wp-json\/wp\/v2\/comments?post=9637"}],"version-history":[{"count":0,"href":"https:\/\/www.kalina-gallery.cz\/en\/wp-json\/wp\/v2\/pages\/9637\/revisions"}],"wp:attachment":[{"href":"https:\/\/www.kalina-gallery.cz\/en\/wp-json\/wp\/v2\/media?parent=9637"}],"curies":[{"name":"wp","href":"https:\/\/api.w.org\/{rel}","templated":true}]}}