{"id":9651,"date":"2021-12-07T18:12:27","date_gmt":"2021-12-07T18:12:27","guid":{"rendered":"https:\/\/www.kalina-gallery.cz\/?page_id=9651"},"modified":"2021-12-22T16:48:01","modified_gmt":"2021-12-22T16:48:01","slug":"cigler-vaclav","status":"publish","type":"page","link":"https:\/\/www.kalina-gallery.cz\/en\/cigler-vaclav\/","title":{"rendered":"Cigler V\u00e1clav"},"content":{"rendered":"\t\t<div data-elementor-type=\"wp-page\" data-elementor-id=\"9651\" class=\"elementor elementor-9651\" data-elementor-post-type=\"page\">\n\t\t\t\t\t\t<section class=\"elementor-section elementor-top-section elementor-element elementor-element-eda638c elementor-section-boxed elementor-section-height-default elementor-section-height-default qodef-elementor-content-no qodef-elementor-stretch-row-no qodef-elementor-overlay-no\" data-id=\"eda638c\" data-element_type=\"section\" data-e-type=\"section\">\n\t\t\t\t\t\t<div class=\"elementor-container elementor-column-gap-default\">\n\t\t\t\t\t<div class=\"elementor-column elementor-col-100 elementor-top-column elementor-element elementor-element-be421b4\" data-id=\"be421b4\" data-element_type=\"column\" data-e-type=\"column\">\n\t\t\t<div class=\"elementor-widget-wrap elementor-element-populated\">\n\t\t\t\t\t\t<div class=\"elementor-element elementor-element-322b86c elementor-widget elementor-widget-text-editor\" data-id=\"322b86c\" data-element_type=\"widget\" data-e-type=\"widget\" data-widget_type=\"text-editor.default\">\n\t\t\t\t<div class=\"elementor-widget-container\">\n\t\t\t\t\t\t\t\t\t<p><strong>V\u00e1clav Cigler<\/strong> (1929) je zakladatelem konceptu\u00e1ln\u00edho vn\u00edm\u00e1n\u00ed skla jako v\u00fdtvarn\u00e9ho projevu. Vystudoval vy\u0161\u0161\u00ed odbornou \u0161kolu skl\u00e1\u0159skou a St\u0159edn\u00ed \u0161kolu Nov\u00fd Bor, n\u00e1sledn\u011b studoval v ateli\u00e9ru Josefa Kaplick\u00e9ho na Vysok\u00e9 \u0161kole um\u011bleckopr\u016fmyslov\u00e9 v Praze. V 60. a 70. letech p\u016fsobil jako vedouc\u00ed ateli\u00e9ru sklen\u011bn\u00e9 architektury na Akademii v\u00fdtvarn\u00fdch um\u011bn\u00ed v Bratislav\u011b.<\/p><p>Ve sv\u00e9m d\u00edle p\u0159edj\u00edmal rod\u00edc\u00ed se koncepty soudob\u00e9ho v\u00fdtvarn\u00e9ho vyjad\u0159ov\u00e1n\u00ed (minimalismus, land-art, kinetickou a sv\u011btelnou plastiku). \u00a0St\u011b\u017eejn\u00edm bodem jeho tvorby jsou prostorov\u00e9 instalace ze skla a kovu se sv\u011bteln\u00fdmi a vodn\u00edmi prvky.\u00a0V\u011bnuje se tvorb\u011b plastick\u00fdch objekt\u016f z\u00a0brou\u0161en\u00e9ho optick\u00e9ho skla, n\u00e1vrh\u016fm a\u00a0realizac\u00edm osv\u011btlovadel a\u00a0\u0161perk\u016f, kresbou a texty, sv\u011btelnou a\u00a0sakr\u00e1ln\u00ed architekturou.<\/p><p>V\u00e1clav Cigler dlouhodob\u011b reprezentuje \u010ceskou republiku na sv\u011btov\u00e9 sc\u00e9n\u011b a \u00fa\u010dastnil se \u0159ady v\u00fdznamn\u00fdch mezin\u00e1rodn\u00edch v\u00fdstav. Za celo\u017eivotn\u00ed d\u00edlo, pedagogickou \u010dinnost a p\u0159\u00ednos v oblasti v\u00fdtvarn\u00e9ho um\u011bn\u00ed z\u00edskal v\u00a0roce 2019 cenu Ministerstva kultury \u010cesk\u00e9 republiky.\u00a0<\/p>\t\t\t\t\t\t\t\t<\/div>\n\t\t\t\t<\/div>\n\t\t\t\t\t<\/div>\n\t\t<\/div>\n\t\t\t\t\t<\/div>\n\t\t<\/section>\n\t\t\t\t<section class=\"elementor-section elementor-top-section elementor-element elementor-element-1688d05 elementor-section-boxed elementor-section-height-default elementor-section-height-default qodef-elementor-content-no qodef-elementor-stretch-row-no qodef-elementor-overlay-no\" data-id=\"1688d05\" data-element_type=\"section\" data-e-type=\"section\">\n\t\t\t\t\t\t<div class=\"elementor-container elementor-column-gap-default\">\n\t\t\t\t\t<div class=\"elementor-column elementor-col-100 elementor-top-column elementor-element elementor-element-14c9ff2\" data-id=\"14c9ff2\" data-element_type=\"column\" data-e-type=\"column\">\n\t\t\t<div class=\"elementor-widget-wrap elementor-element-populated\">\n\t\t\t\t\t\t<div class=\"elementor-element elementor-element-5060ce0 elementor-widget-divider--view-line elementor-widget elementor-widget-divider\" data-id=\"5060ce0\" data-element_type=\"widget\" data-e-type=\"widget\" data-widget_type=\"divider.default\">\n\t\t\t\t<div class=\"elementor-widget-container\">\n\t\t\t\t\t\t\t<div class=\"elementor-divider\">\n\t\t\t<span class=\"elementor-divider-separator\">\n\t\t\t\t\t\t<\/span>\n\t\t<\/div>\n\t\t\t\t\t\t<\/div>\n\t\t\t\t<\/div>\n\t\t\t\t<div class=\"elementor-element elementor-element-acc1015 elementor-widget elementor-widget-zermatt_core_portfolio_list\" data-id=\"acc1015\" data-element_type=\"widget\" data-e-type=\"widget\" data-widget_type=\"zermatt_core_portfolio_list.default\">\n\t\t\t\t<div class=\"elementor-widget-container\">\n\t\t\t\t\t<div class=\"qodef-shortcode qodef-m  qodef-portfolio-list   qodef-item-layout--info-below   qodef-grid qodef-layout--columns  qodef-gutter--normal qodef-col-num--3 qodef-item-layout--info-below qodef--no-bottom-space qodef-pagination--off qodef-responsive--predefined qodef-hover-animation--view_cursor\" data-options=\"{&quot;plugin&quot;:&quot;zermatt_core&quot;,&quot;module&quot;:&quot;post-types\\\/portfolio\\\/shortcodes&quot;,&quot;shortcode&quot;:&quot;portfolio-list&quot;,&quot;post_type&quot;:&quot;portfolio-item&quot;,&quot;next_page&quot;:&quot;2&quot;,&quot;max_pages_num&quot;:0,&quot;light_skin&quot;:&quot;no&quot;,&quot;behavior&quot;:&quot;columns&quot;,&quot;images_proportion&quot;:&quot;full&quot;,&quot;columns&quot;:&quot;3&quot;,&quot;columns_responsive&quot;:&quot;predefined&quot;,&quot;space&quot;:&quot;normal&quot;,&quot;posts_per_page&quot;:&quot;-1&quot;,&quot;orderby&quot;:&quot;date&quot;,&quot;order&quot;:&quot;DESC&quot;,&quot;additional_params&quot;:&quot;tax&quot;,&quot;tax&quot;:&quot;portfolio-tag&quot;,&quot;tax_slug&quot;:&quot;vaclav-cigler&quot;,&quot;layout&quot;:&quot;info-below&quot;,&quot;hover_animation_info-below&quot;:&quot;view_cursor&quot;,&quot;title_tag&quot;:&quot;h5&quot;,&quot;custom_padding&quot;:&quot;no&quot;,&quot;pagination_type&quot;:&quot;no-pagination&quot;,&quot;object_class_name&quot;:&quot;ZermattCorePortfolioListShortcode&quot;,&quot;taxonomy_filter&quot;:&quot;portfolio-category&quot;,&quot;additional_query_args&quot;:{&quot;tax_query&quot;:[{&quot;taxonomy&quot;:&quot;portfolio-tag&quot;,&quot;field&quot;:&quot;slug&quot;,&quot;terms&quot;:&quot;vaclav-cigler&quot;}]},&quot;space_value&quot;:15}\">\n\t\t<div class=\"qodef-grid-inner clear\">\n\t\t<article class=\"qodef-e qodef-grid-item qodef-item--full post-154 portfolio-item type-portfolio-item status-publish has-post-thumbnail hentry portfolio-category-dilo portfolio-tag-vaclav-cigler\">\n\t<div class=\"qodef-e-inner\" >\n\t\t<div class=\"qodef-e-image\">\n\t\t\t\t\t<div class=\"qodef-e-media-image\">\n\t\t\t<a itemprop=\"url\" href=\"https:\/\/www.kalina-gallery.cz\/en\/dilo\/perspektiva\/\"\n\t\t\t\t\t\t\t>\n\t\t\t\t<img fetchpriority=\"high\" decoding=\"async\" width=\"1707\" height=\"2560\" src=\"https:\/\/www.kalina-gallery.cz\/wp-content\/uploads\/2020\/06\/Cigler_1c-scaled.jpg\" class=\"attachment-full size-full wp-post-image\" alt=\"\" srcset=\"https:\/\/www.kalina-gallery.cz\/wp-content\/uploads\/2020\/06\/Cigler_1c-scaled.jpg 1707w, https:\/\/www.kalina-gallery.cz\/wp-content\/uploads\/2020\/06\/Cigler_1c-200x300.jpg 200w, https:\/\/www.kalina-gallery.cz\/wp-content\/uploads\/2020\/06\/Cigler_1c-683x1024.jpg 683w, https:\/\/www.kalina-gallery.cz\/wp-content\/uploads\/2020\/06\/Cigler_1c-768x1152.jpg 768w, https:\/\/www.kalina-gallery.cz\/wp-content\/uploads\/2020\/06\/Cigler_1c-1024x1536.jpg 1024w\" sizes=\"(max-width: 1707px) 100vw, 1707px\" \/>\t\t\t<\/a>\n\t\t<\/div>\n\t\t\t<\/div>\n\t\t<div class=\"qodef-e-content\" >\n\t\t\t<h5 itemprop=\"name\" class=\"qodef-e-title entry-title\" >\n\t<a itemprop=\"url\" class=\"qodef-e-title-link\" href=\"https:\/\/www.kalina-gallery.cz\/en\/dilo\/perspektiva\/\">\n\t\tPerspektiva\t<\/a>\n<\/h5>\t\t\t<div class=\"qodef-e-info-category\">\n\t\t\t<a itemprop=\"url\" class=\"qodef-e-category\" href=\"https:\/\/www.kalina-gallery.cz\/en\/portfolio-category\/dilo\/\">\n\t\t\tD\u00edlo\t\t<\/a>\n\t<\/div>\n\t\t\t\t\t<div class=\"qodef-e qodef-e-info-custom-items\">\n\t\t\t\t\t\t\t\t\t\t<span class=\"qodef-e-info-item\">\n\t\t\t\t\t\t \t\t\t\t\t\t\t<\/span>\n\t\t\t\t\t\t<\/div>\n\t\t\t<\/div>\n\t<\/div>\n<\/article><article class=\"qodef-e qodef-grid-item qodef-item--full post-149 portfolio-item type-portfolio-item status-publish has-post-thumbnail hentry portfolio-category-dilo portfolio-tag-vaclav-cigler\">\n\t<div class=\"qodef-e-inner\" >\n\t\t<div class=\"qodef-e-image\">\n\t\t\t\t\t<div class=\"qodef-e-media-image\">\n\t\t\t<a itemprop=\"url\" href=\"https:\/\/www.kalina-gallery.cz\/en\/dilo\/skleneny-sloup\/\"\n\t\t\t\t\t\t\t>\n\t\t\t\t<img decoding=\"async\" width=\"1343\" height=\"2560\" data-src=\"https:\/\/www.kalina-gallery.cz\/wp-content\/uploads\/2020\/06\/Cigler_2a-scaled.jpg\" class=\"attachment-full size-full wp-post-image lazyload\" alt=\"\" data-srcset=\"https:\/\/www.kalina-gallery.cz\/wp-content\/uploads\/2020\/06\/Cigler_2a-scaled.jpg 1343w, https:\/\/www.kalina-gallery.cz\/wp-content\/uploads\/2020\/06\/Cigler_2a-157x300.jpg 157w, https:\/\/www.kalina-gallery.cz\/wp-content\/uploads\/2020\/06\/Cigler_2a-537x1024.jpg 537w, https:\/\/www.kalina-gallery.cz\/wp-content\/uploads\/2020\/06\/Cigler_2a-768x1464.jpg 768w, https:\/\/www.kalina-gallery.cz\/wp-content\/uploads\/2020\/06\/Cigler_2a-806x1536.jpg 806w, https:\/\/www.kalina-gallery.cz\/wp-content\/uploads\/2020\/06\/Cigler_2a-1074x2048.jpg 1074w, https:\/\/www.kalina-gallery.cz\/wp-content\/uploads\/2020\/06\/Cigler_2a-6x12.jpg 6w\" data-sizes=\"(max-width: 1343px) 100vw, 1343px\" src=\"data:image\/svg+xml;base64,PHN2ZyB3aWR0aD0iMSIgaGVpZ2h0PSIxIiB4bWxucz0iaHR0cDovL3d3dy53My5vcmcvMjAwMC9zdmciPjwvc3ZnPg==\" style=\"--smush-placeholder-width: 1343px; --smush-placeholder-aspect-ratio: 1343\/2560;\" \/>\t\t\t<\/a>\n\t\t<\/div>\n\t\t\t<\/div>\n\t\t<div class=\"qodef-e-content\" >\n\t\t\t<h5 itemprop=\"name\" class=\"qodef-e-title entry-title\" >\n\t<a itemprop=\"url\" class=\"qodef-e-title-link\" href=\"https:\/\/www.kalina-gallery.cz\/en\/dilo\/skleneny-sloup\/\">\n\t\tSklen\u011bn\u00fd sloup\t<\/a>\n<\/h5>\t\t\t<div class=\"qodef-e-info-category\">\n\t\t\t<a itemprop=\"url\" class=\"qodef-e-category\" href=\"https:\/\/www.kalina-gallery.cz\/en\/portfolio-category\/dilo\/\">\n\t\t\tD\u00edlo\t\t<\/a>\n\t<\/div>\n\t\t\t\t\t<div class=\"qodef-e qodef-e-info-custom-items\">\n\t\t\t\t\t\t\t\t\t\t<span class=\"qodef-e-info-item\">\n\t\t\t\t\t\t\t\t\t\t\t\t\t<\/span>\n\t\t\t\t\t\t<\/div>\n\t\t\t<\/div>\n\t<\/div>\n<\/article>\t<\/div>\n\t<\/div>\t\t\t\t<\/div>\n\t\t\t\t<\/div>\n\t\t\t\t\t<\/div>\n\t\t<\/div>\n\t\t\t\t\t<\/div>\n\t\t<\/section>\n\t\t\t\t<\/div>\n\t\t","protected":false},"excerpt":{"rendered":"<p>V\u00e1clav Cigler (1929) je zakladatelem konceptu\u00e1ln\u00edho vn\u00edm\u00e1n\u00ed skla jako v\u00fdtvarn\u00e9ho projevu. Vystudoval vy\u0161\u0161\u00ed odbornou \u0161kolu skl\u00e1\u0159skou a St\u0159edn\u00ed \u0161kolu Nov\u00fd Bor, n\u00e1sledn\u011b studoval v ateli\u00e9ru Josefa Kaplick\u00e9ho na Vysok\u00e9 \u0161kole um\u011bleckopr\u016fmyslov\u00e9 v Praze. V 60. a 70. letech p\u016fsobil jako vedouc\u00ed ateli\u00e9ru sklen\u011bn\u00e9 architektury na Akademii v\u00fdtvarn\u00fdch um\u011bn\u00ed v Bratislav\u011b. Ve sv\u00e9m d\u00edle p\u0159edj\u00edmal rod\u00edc\u00ed [&hellip;]<\/p>\n","protected":false},"author":1,"featured_media":0,"parent":0,"menu_order":0,"comment_status":"closed","ping_status":"closed","template":"","meta":{"inline_featured_image":false,"iawp_total_views":118,"footnotes":""},"class_list":["post-9651","page","type-page","status-publish","hentry"],"yoast_head":"<!-- This site is optimized with the Yoast SEO plugin v27.2 - https:\/\/yoast.com\/product\/yoast-seo-wordpress\/ -->\n<title>Cigler V\u00e1clav &#8212; Kalina Gallery<\/title>\n<meta name=\"robots\" content=\"index, follow, max-snippet:-1, max-image-preview:large, max-video-preview:-1\" \/>\n<link rel=\"canonical\" href=\"https:\/\/www.kalina-gallery.cz\/en\/cigler-vaclav\/\" \/>\n<meta property=\"og:locale\" content=\"en_US\" \/>\n<meta property=\"og:type\" content=\"article\" \/>\n<meta property=\"og:title\" content=\"Cigler V\u00e1clav &#8212; Kalina Gallery\" \/>\n<meta property=\"og:description\" content=\"V\u00e1clav Cigler (1929) je zakladatelem konceptu\u00e1ln\u00edho vn\u00edm\u00e1n\u00ed skla jako v\u00fdtvarn\u00e9ho projevu. Vystudoval vy\u0161\u0161\u00ed odbornou \u0161kolu skl\u00e1\u0159skou a St\u0159edn\u00ed \u0161kolu Nov\u00fd Bor, n\u00e1sledn\u011b studoval v ateli\u00e9ru Josefa Kaplick\u00e9ho na Vysok\u00e9 \u0161kole um\u011bleckopr\u016fmyslov\u00e9 v Praze. V 60. a 70. letech p\u016fsobil jako vedouc\u00ed ateli\u00e9ru sklen\u011bn\u00e9 architektury na Akademii v\u00fdtvarn\u00fdch um\u011bn\u00ed v Bratislav\u011b. Ve sv\u00e9m d\u00edle p\u0159edj\u00edmal rod\u00edc\u00ed [&hellip;]\" \/>\n<meta property=\"og:url\" content=\"https:\/\/www.kalina-gallery.cz\/en\/cigler-vaclav\/\" \/>\n<meta property=\"og:site_name\" content=\"Kalina Gallery\" \/>\n<meta property=\"article:publisher\" content=\"https:\/\/www.facebook.com\/Kalina-Gallery-240711577897794\/\" \/>\n<meta property=\"article:modified_time\" content=\"2021-12-22T16:48:01+00:00\" \/>\n<meta property=\"og:image\" content=\"https:\/\/www.kalina-gallery.cz\/wp-content\/uploads\/2020\/06\/Cigler_1c-scaled.jpg\" \/>\n<meta name=\"twitter:card\" content=\"summary_large_image\" \/>\n<meta name=\"twitter:label1\" content=\"Est. reading time\" \/>\n\t<meta name=\"twitter:data1\" content=\"1 minute\" \/>\n<script type=\"application\/ld+json\" class=\"yoast-schema-graph\">{\"@context\":\"https:\/\/schema.org\",\"@graph\":[{\"@type\":\"WebPage\",\"@id\":\"https:\/\/www.kalina-gallery.cz\/cigler-vaclav\/\",\"url\":\"https:\/\/www.kalina-gallery.cz\/cigler-vaclav\/\",\"name\":\"Cigler V\u00e1clav &#8212; Kalina Gallery\",\"isPartOf\":{\"@id\":\"https:\/\/www.kalina-gallery.cz\/#website\"},\"primaryImageOfPage\":{\"@id\":\"https:\/\/www.kalina-gallery.cz\/cigler-vaclav\/#primaryimage\"},\"image\":{\"@id\":\"https:\/\/www.kalina-gallery.cz\/cigler-vaclav\/#primaryimage\"},\"thumbnailUrl\":\"https:\/\/www.kalina-gallery.cz\/wp-content\/uploads\/2020\/06\/Cigler_1c-scaled.jpg\",\"datePublished\":\"2021-12-07T18:12:27+00:00\",\"dateModified\":\"2021-12-22T16:48:01+00:00\",\"breadcrumb\":{\"@id\":\"https:\/\/www.kalina-gallery.cz\/cigler-vaclav\/#breadcrumb\"},\"inLanguage\":\"en-US\",\"potentialAction\":[{\"@type\":\"ReadAction\",\"target\":[\"https:\/\/www.kalina-gallery.cz\/cigler-vaclav\/\"]}]},{\"@type\":\"ImageObject\",\"inLanguage\":\"en-US\",\"@id\":\"https:\/\/www.kalina-gallery.cz\/cigler-vaclav\/#primaryimage\",\"url\":\"https:\/\/www.kalina-gallery.cz\/wp-content\/uploads\/2020\/06\/Cigler_1c-scaled.jpg\",\"contentUrl\":\"https:\/\/www.kalina-gallery.cz\/wp-content\/uploads\/2020\/06\/Cigler_1c-scaled.jpg\"},{\"@type\":\"BreadcrumbList\",\"@id\":\"https:\/\/www.kalina-gallery.cz\/cigler-vaclav\/#breadcrumb\",\"itemListElement\":[{\"@type\":\"ListItem\",\"position\":1,\"name\":\"Dom\u016f\",\"item\":\"https:\/\/www.kalina-gallery.cz\/\"},{\"@type\":\"ListItem\",\"position\":2,\"name\":\"Cigler V\u00e1clav\"}]},{\"@type\":\"WebSite\",\"@id\":\"https:\/\/www.kalina-gallery.cz\/#website\",\"url\":\"https:\/\/www.kalina-gallery.cz\/\",\"name\":\"Kalina Gallery\",\"description\":\"V\u00fdstavn\u00ed s\u00ed\u0148 v centru Brna\",\"publisher\":{\"@id\":\"https:\/\/www.kalina-gallery.cz\/#organization\"},\"potentialAction\":[{\"@type\":\"SearchAction\",\"target\":{\"@type\":\"EntryPoint\",\"urlTemplate\":\"https:\/\/www.kalina-gallery.cz\/?s={search_term_string}\"},\"query-input\":{\"@type\":\"PropertyValueSpecification\",\"valueRequired\":true,\"valueName\":\"search_term_string\"}}],\"inLanguage\":\"en-US\"},{\"@type\":\"Organization\",\"@id\":\"https:\/\/www.kalina-gallery.cz\/#organization\",\"name\":\"Kalina Gallery\",\"url\":\"https:\/\/www.kalina-gallery.cz\/\",\"logo\":{\"@type\":\"ImageObject\",\"inLanguage\":\"en-US\",\"@id\":\"https:\/\/www.kalina-gallery.cz\/#\/schema\/logo\/image\/\",\"url\":\"https:\/\/www.kalina-gallery.cz\/wp-content\/uploads\/2021\/08\/cropped-k.png\",\"contentUrl\":\"https:\/\/www.kalina-gallery.cz\/wp-content\/uploads\/2021\/08\/cropped-k.png\",\"width\":512,\"height\":512,\"caption\":\"Kalina Gallery\"},\"image\":{\"@id\":\"https:\/\/www.kalina-gallery.cz\/#\/schema\/logo\/image\/\"},\"sameAs\":[\"https:\/\/www.facebook.com\/Kalina-Gallery-240711577897794\/\",\"https:\/\/www.instagram.com\/kalinagallery1\/\"]}]}<\/script>\n<!-- \/ Yoast SEO plugin. -->","yoast_head_json":{"title":"Cigler V\u00e1clav &#8212; Kalina Gallery","robots":{"index":"index","follow":"follow","max-snippet":"max-snippet:-1","max-image-preview":"max-image-preview:large","max-video-preview":"max-video-preview:-1"},"canonical":"https:\/\/www.kalina-gallery.cz\/en\/cigler-vaclav\/","og_locale":"en_US","og_type":"article","og_title":"Cigler V\u00e1clav &#8212; Kalina Gallery","og_description":"V\u00e1clav Cigler (1929) je zakladatelem konceptu\u00e1ln\u00edho vn\u00edm\u00e1n\u00ed skla jako v\u00fdtvarn\u00e9ho projevu. Vystudoval vy\u0161\u0161\u00ed odbornou \u0161kolu skl\u00e1\u0159skou a St\u0159edn\u00ed \u0161kolu Nov\u00fd Bor, n\u00e1sledn\u011b studoval v ateli\u00e9ru Josefa Kaplick\u00e9ho na Vysok\u00e9 \u0161kole um\u011bleckopr\u016fmyslov\u00e9 v Praze. V 60. a 70. letech p\u016fsobil jako vedouc\u00ed ateli\u00e9ru sklen\u011bn\u00e9 architektury na Akademii v\u00fdtvarn\u00fdch um\u011bn\u00ed v Bratislav\u011b. Ve sv\u00e9m d\u00edle p\u0159edj\u00edmal rod\u00edc\u00ed [&hellip;]","og_url":"https:\/\/www.kalina-gallery.cz\/en\/cigler-vaclav\/","og_site_name":"Kalina Gallery","article_publisher":"https:\/\/www.facebook.com\/Kalina-Gallery-240711577897794\/","article_modified_time":"2021-12-22T16:48:01+00:00","og_image":[{"url":"https:\/\/www.kalina-gallery.cz\/wp-content\/uploads\/2020\/06\/Cigler_1c-scaled.jpg","type":"","width":"","height":""}],"twitter_card":"summary_large_image","twitter_misc":{"Est. reading time":"1 minute"},"schema":{"@context":"https:\/\/schema.org","@graph":[{"@type":"WebPage","@id":"https:\/\/www.kalina-gallery.cz\/cigler-vaclav\/","url":"https:\/\/www.kalina-gallery.cz\/cigler-vaclav\/","name":"Cigler V\u00e1clav &#8212; Kalina Gallery","isPartOf":{"@id":"https:\/\/www.kalina-gallery.cz\/#website"},"primaryImageOfPage":{"@id":"https:\/\/www.kalina-gallery.cz\/cigler-vaclav\/#primaryimage"},"image":{"@id":"https:\/\/www.kalina-gallery.cz\/cigler-vaclav\/#primaryimage"},"thumbnailUrl":"https:\/\/www.kalina-gallery.cz\/wp-content\/uploads\/2020\/06\/Cigler_1c-scaled.jpg","datePublished":"2021-12-07T18:12:27+00:00","dateModified":"2021-12-22T16:48:01+00:00","breadcrumb":{"@id":"https:\/\/www.kalina-gallery.cz\/cigler-vaclav\/#breadcrumb"},"inLanguage":"en-US","potentialAction":[{"@type":"ReadAction","target":["https:\/\/www.kalina-gallery.cz\/cigler-vaclav\/"]}]},{"@type":"ImageObject","inLanguage":"en-US","@id":"https:\/\/www.kalina-gallery.cz\/cigler-vaclav\/#primaryimage","url":"https:\/\/www.kalina-gallery.cz\/wp-content\/uploads\/2020\/06\/Cigler_1c-scaled.jpg","contentUrl":"https:\/\/www.kalina-gallery.cz\/wp-content\/uploads\/2020\/06\/Cigler_1c-scaled.jpg"},{"@type":"BreadcrumbList","@id":"https:\/\/www.kalina-gallery.cz\/cigler-vaclav\/#breadcrumb","itemListElement":[{"@type":"ListItem","position":1,"name":"Dom\u016f","item":"https:\/\/www.kalina-gallery.cz\/"},{"@type":"ListItem","position":2,"name":"Cigler V\u00e1clav"}]},{"@type":"WebSite","@id":"https:\/\/www.kalina-gallery.cz\/#website","url":"https:\/\/www.kalina-gallery.cz\/","name":"Kalina Gallery","description":"V\u00fdstavn\u00ed s\u00ed\u0148 v centru Brna","publisher":{"@id":"https:\/\/www.kalina-gallery.cz\/#organization"},"potentialAction":[{"@type":"SearchAction","target":{"@type":"EntryPoint","urlTemplate":"https:\/\/www.kalina-gallery.cz\/?s={search_term_string}"},"query-input":{"@type":"PropertyValueSpecification","valueRequired":true,"valueName":"search_term_string"}}],"inLanguage":"en-US"},{"@type":"Organization","@id":"https:\/\/www.kalina-gallery.cz\/#organization","name":"Kalina Gallery","url":"https:\/\/www.kalina-gallery.cz\/","logo":{"@type":"ImageObject","inLanguage":"en-US","@id":"https:\/\/www.kalina-gallery.cz\/#\/schema\/logo\/image\/","url":"https:\/\/www.kalina-gallery.cz\/wp-content\/uploads\/2021\/08\/cropped-k.png","contentUrl":"https:\/\/www.kalina-gallery.cz\/wp-content\/uploads\/2021\/08\/cropped-k.png","width":512,"height":512,"caption":"Kalina Gallery"},"image":{"@id":"https:\/\/www.kalina-gallery.cz\/#\/schema\/logo\/image\/"},"sameAs":["https:\/\/www.facebook.com\/Kalina-Gallery-240711577897794\/","https:\/\/www.instagram.com\/kalinagallery1\/"]}]}},"_links":{"self":[{"href":"https:\/\/www.kalina-gallery.cz\/en\/wp-json\/wp\/v2\/pages\/9651","targetHints":{"allow":["GET"]}}],"collection":[{"href":"https:\/\/www.kalina-gallery.cz\/en\/wp-json\/wp\/v2\/pages"}],"about":[{"href":"https:\/\/www.kalina-gallery.cz\/en\/wp-json\/wp\/v2\/types\/page"}],"author":[{"embeddable":true,"href":"https:\/\/www.kalina-gallery.cz\/en\/wp-json\/wp\/v2\/users\/1"}],"replies":[{"embeddable":true,"href":"https:\/\/www.kalina-gallery.cz\/en\/wp-json\/wp\/v2\/comments?post=9651"}],"version-history":[{"count":0,"href":"https:\/\/www.kalina-gallery.cz\/en\/wp-json\/wp\/v2\/pages\/9651\/revisions"}],"wp:attachment":[{"href":"https:\/\/www.kalina-gallery.cz\/en\/wp-json\/wp\/v2\/media?parent=9651"}],"curies":[{"name":"wp","href":"https:\/\/api.w.org\/{rel}","templated":true}]}}