{"id":9659,"date":"2021-12-07T18:15:10","date_gmt":"2021-12-07T18:15:10","guid":{"rendered":"https:\/\/www.kalina-gallery.cz\/?page_id=9659"},"modified":"2022-06-16T13:48:29","modified_gmt":"2022-06-16T13:48:29","slug":"dokoupil-georg-jiri","status":"publish","type":"page","link":"https:\/\/www.kalina-gallery.cz\/en\/dokoupil-georg-jiri\/","title":{"rendered":"Dokoupil Georg Ji\u0159\u00ed"},"content":{"rendered":"\t\t<div data-elementor-type=\"wp-page\" data-elementor-id=\"9659\" class=\"elementor elementor-9659\" data-elementor-post-type=\"page\">\n\t\t\t\t\t\t<section class=\"elementor-section elementor-top-section elementor-element elementor-element-74e14c3 elementor-section-boxed elementor-section-height-default elementor-section-height-default qodef-elementor-content-no qodef-elementor-stretch-row-no qodef-elementor-overlay-no\" data-id=\"74e14c3\" data-element_type=\"section\" data-e-type=\"section\">\n\t\t\t\t\t\t<div class=\"elementor-container elementor-column-gap-default\">\n\t\t\t\t\t<div class=\"elementor-column elementor-col-66 elementor-top-column elementor-element elementor-element-8ff7d04\" data-id=\"8ff7d04\" data-element_type=\"column\" data-e-type=\"column\">\n\t\t\t<div class=\"elementor-widget-wrap elementor-element-populated\">\n\t\t\t\t\t\t<div class=\"elementor-element elementor-element-8a43f4e elementor-widget elementor-widget-text-editor\" data-id=\"8a43f4e\" data-element_type=\"widget\" data-e-type=\"widget\" data-widget_type=\"text-editor.default\">\n\t\t\t\t<div class=\"elementor-widget-container\">\n\t\t\t\t\t\t\t\t\t<p><strong>Ji\u0159\u00ed Georg Dokoupil<\/strong>, narozen\u00fd v Krnov\u011b v roce 1954, je jedn\u00edm z nejv\u0161estrann\u011bj\u0161\u00edch mal\u00ed\u0159\u016f sou\u010dasn\u00e9ho um\u011bn\u00ed. V\u017edy se stav\u011bl proti tomu, aby mu byl p\u0159id\u011blen n\u011bjak\u00fd osobn\u00ed \u010di pevn\u00fd styl. Nikdy nevyvinul rozpoznateln\u00fd rukopis, kter\u00fd by okam\u017eit\u011b nazna\u010doval jeho pr\u00e1ci. Hraje si s r\u016fzn\u00fdmi styly a neust\u00e1le vym\u00fd\u0161l\u00ed nov\u00e9 techniky, se kter\u00fdmi r\u00e1d experimentuje. I p\u0159esto je pova\u017eov\u00e1n za jednoho z nejv\u00fdznamn\u011bj\u0161\u00edch neoexpresionist\u016f v N\u011bmecku. Jeho d\u00edlo bylo p\u0159edstaveno na mnoha v\u00fdstav\u00e1ch v kl\u00ed\u010dov\u00fdch galeri\u00edch a muze\u00edch po cel\u00e9m sv\u011bt\u011b a zahrnuje p\u0159es 60 takzvan\u00fdch cykl\u016f a v\u00edce ne\u017e 100 nov\u011b vytvo\u0159en\u00fdch technik a styl\u016f.V sou\u010dasn\u00e9 dob\u011b um\u011blec \u017eije a pracuje v Berl\u00edn\u011b, Praze, Madridu a Rio de Janeiru.<\/p>\t\t\t\t\t\t\t\t<\/div>\n\t\t\t\t<\/div>\n\t\t\t\t\t<\/div>\n\t\t<\/div>\n\t\t\t\t<div class=\"elementor-column elementor-col-33 elementor-top-column elementor-element elementor-element-240b224\" data-id=\"240b224\" data-element_type=\"column\" data-e-type=\"column\">\n\t\t\t<div class=\"elementor-widget-wrap elementor-element-populated\">\n\t\t\t\t\t\t<div class=\"elementor-element elementor-element-4c8457c elementor-widget elementor-widget-image\" data-id=\"4c8457c\" data-element_type=\"widget\" data-e-type=\"widget\" data-widget_type=\"image.default\">\n\t\t\t\t<div class=\"elementor-widget-container\">\n\t\t\t\t\t\t\t\t\t\t\t\t\t\t\t<img fetchpriority=\"high\" decoding=\"async\" width=\"749\" height=\"1000\" src=\"https:\/\/www.kalina-gallery.cz\/wp-content\/uploads\/2020\/09\/jiri_dokoupil_portrait-1.jpeg\" class=\"attachment-large size-large wp-image-8269\" alt=\"\" srcset=\"https:\/\/www.kalina-gallery.cz\/wp-content\/uploads\/2020\/09\/jiri_dokoupil_portrait-1.jpeg 749w, https:\/\/www.kalina-gallery.cz\/wp-content\/uploads\/2020\/09\/jiri_dokoupil_portrait-1-225x300.jpeg 225w, https:\/\/www.kalina-gallery.cz\/wp-content\/uploads\/2020\/09\/jiri_dokoupil_portrait-1-9x12.jpeg 9w\" sizes=\"(max-width: 749px) 100vw, 749px\" \/>\t\t\t\t\t\t\t\t\t\t\t\t\t\t\t<\/div>\n\t\t\t\t<\/div>\n\t\t\t\t\t<\/div>\n\t\t<\/div>\n\t\t\t\t\t<\/div>\n\t\t<\/section>\n\t\t\t\t<section class=\"elementor-section elementor-top-section elementor-element elementor-element-1688d05 elementor-section-boxed elementor-section-height-default elementor-section-height-default qodef-elementor-content-no qodef-elementor-stretch-row-no qodef-elementor-overlay-no\" data-id=\"1688d05\" data-element_type=\"section\" data-e-type=\"section\">\n\t\t\t\t\t\t<div class=\"elementor-container elementor-column-gap-default\">\n\t\t\t\t\t<div class=\"elementor-column elementor-col-100 elementor-top-column elementor-element elementor-element-14c9ff2\" data-id=\"14c9ff2\" data-element_type=\"column\" data-e-type=\"column\">\n\t\t\t<div class=\"elementor-widget-wrap elementor-element-populated\">\n\t\t\t\t\t\t<div class=\"elementor-element elementor-element-5060ce0 elementor-widget-divider--view-line elementor-widget elementor-widget-divider\" data-id=\"5060ce0\" data-element_type=\"widget\" data-e-type=\"widget\" data-widget_type=\"divider.default\">\n\t\t\t\t<div class=\"elementor-widget-container\">\n\t\t\t\t\t\t\t<div class=\"elementor-divider\">\n\t\t\t<span class=\"elementor-divider-separator\">\n\t\t\t\t\t\t<\/span>\n\t\t<\/div>\n\t\t\t\t\t\t<\/div>\n\t\t\t\t<\/div>\n\t\t\t\t<div class=\"elementor-element elementor-element-acc1015 elementor-widget elementor-widget-zermatt_core_portfolio_list\" data-id=\"acc1015\" data-element_type=\"widget\" data-e-type=\"widget\" data-widget_type=\"zermatt_core_portfolio_list.default\">\n\t\t\t\t<div class=\"elementor-widget-container\">\n\t\t\t\t\t<div class=\"qodef-shortcode qodef-m  qodef-portfolio-list   qodef-item-layout--info-below   qodef-grid qodef-layout--columns  qodef-gutter--normal qodef-col-num--3 qodef-item-layout--info-below qodef-pagination--on qodef-pagination-type--infinite-scroll qodef-responsive--predefined qodef-hover-animation--view_cursor\" data-options=\"{&quot;plugin&quot;:&quot;zermatt_core&quot;,&quot;module&quot;:&quot;post-types\\\/portfolio\\\/shortcodes&quot;,&quot;shortcode&quot;:&quot;portfolio-list&quot;,&quot;post_type&quot;:&quot;portfolio-item&quot;,&quot;next_page&quot;:&quot;2&quot;,&quot;max_pages_num&quot;:0,&quot;light_skin&quot;:&quot;no&quot;,&quot;behavior&quot;:&quot;columns&quot;,&quot;images_proportion&quot;:&quot;full&quot;,&quot;columns&quot;:&quot;3&quot;,&quot;columns_responsive&quot;:&quot;predefined&quot;,&quot;space&quot;:&quot;normal&quot;,&quot;posts_per_page&quot;:&quot;-1&quot;,&quot;orderby&quot;:&quot;date&quot;,&quot;order&quot;:&quot;DESC&quot;,&quot;additional_params&quot;:&quot;tax&quot;,&quot;tax&quot;:&quot;portfolio-tag&quot;,&quot;tax_slug&quot;:&quot;jiri-georg-dokoupil&quot;,&quot;layout&quot;:&quot;info-below&quot;,&quot;hover_animation_info-below&quot;:&quot;view_cursor&quot;,&quot;title_tag&quot;:&quot;h5&quot;,&quot;custom_padding&quot;:&quot;no&quot;,&quot;pagination_type&quot;:&quot;infinite-scroll&quot;,&quot;object_class_name&quot;:&quot;ZermattCorePortfolioListShortcode&quot;,&quot;taxonomy_filter&quot;:&quot;portfolio-category&quot;,&quot;additional_query_args&quot;:{&quot;tax_query&quot;:[{&quot;taxonomy&quot;:&quot;portfolio-tag&quot;,&quot;field&quot;:&quot;slug&quot;,&quot;terms&quot;:&quot;jiri-georg-dokoupil&quot;}]},&quot;space_value&quot;:15}\">\n\t\t<div class=\"qodef-grid-inner clear\">\n\t\t<article class=\"qodef-e qodef-grid-item qodef-item--full post-10505 portfolio-item type-portfolio-item status-publish has-post-thumbnail hentry portfolio-category-dilo portfolio-tag-jiri-georg-dokoupil\">\n\t<div class=\"qodef-e-inner\" >\n\t\t<div class=\"qodef-e-image\">\n\t\t\t\t\t<div class=\"qodef-e-media-image\">\n\t\t\t<a itemprop=\"url\" href=\"https:\/\/www.kalina-gallery.cz\/en\/dilo\/bez-nazvu-43\/\"\n\t\t\t\t\t\t\t>\n\t\t\t\t<img decoding=\"async\" width=\"2048\" height=\"1489\" data-src=\"https:\/\/www.kalina-gallery.cz\/wp-content\/uploads\/2020\/09\/1f1b0218o.jpg\" class=\"attachment-full size-full wp-post-image lazyload\" alt=\"\" data-srcset=\"https:\/\/www.kalina-gallery.cz\/wp-content\/uploads\/2020\/09\/1f1b0218o.jpg 2048w, https:\/\/www.kalina-gallery.cz\/wp-content\/uploads\/2020\/09\/1f1b0218o-300x218.jpg 300w, https:\/\/www.kalina-gallery.cz\/wp-content\/uploads\/2020\/09\/1f1b0218o-1024x745.jpg 1024w, https:\/\/www.kalina-gallery.cz\/wp-content\/uploads\/2020\/09\/1f1b0218o-768x558.jpg 768w, https:\/\/www.kalina-gallery.cz\/wp-content\/uploads\/2020\/09\/1f1b0218o-1536x1117.jpg 1536w, https:\/\/www.kalina-gallery.cz\/wp-content\/uploads\/2020\/09\/1f1b0218o-18x12.jpg 18w\" data-sizes=\"(max-width: 2048px) 100vw, 2048px\" src=\"data:image\/svg+xml;base64,PHN2ZyB3aWR0aD0iMSIgaGVpZ2h0PSIxIiB4bWxucz0iaHR0cDovL3d3dy53My5vcmcvMjAwMC9zdmciPjwvc3ZnPg==\" style=\"--smush-placeholder-width: 2048px; --smush-placeholder-aspect-ratio: 2048\/1489;\" \/>\t\t\t<\/a>\n\t\t<\/div>\n\t\t\t<\/div>\n\t\t<div class=\"qodef-e-content\" >\n\t\t\t<h5 itemprop=\"name\" class=\"qodef-e-title entry-title\" >\n\t<a itemprop=\"url\" class=\"qodef-e-title-link\" href=\"https:\/\/www.kalina-gallery.cz\/en\/dilo\/bez-nazvu-43\/\">\n\t\tBez n\u00e1zvu\t<\/a>\n<\/h5>\t\t\t<div class=\"qodef-e-info-category\">\n\t\t\t<a itemprop=\"url\" class=\"qodef-e-category\" href=\"https:\/\/www.kalina-gallery.cz\/en\/portfolio-category\/dilo\/\">\n\t\t\tD\u00edlo\t\t<\/a>\n\t<\/div>\n\t\t\t\t\t<\/div>\n\t<\/div>\n<\/article><article class=\"qodef-e qodef-grid-item qodef-item--full post-10437 portfolio-item type-portfolio-item status-publish has-post-thumbnail hentry portfolio-category-dilo portfolio-tag-jiri-georg-dokoupil\">\n\t<div class=\"qodef-e-inner\" >\n\t\t<div class=\"qodef-e-image\">\n\t\t\t\t\t<div class=\"qodef-e-media-image\">\n\t\t\t<a itemprop=\"url\" href=\"https:\/\/www.kalina-gallery.cz\/en\/dilo\/bez-nazvu-30\/\"\n\t\t\t\t\t\t\t>\n\t\t\t\t<img decoding=\"async\" width=\"2048\" height=\"1394\" data-src=\"https:\/\/www.kalina-gallery.cz\/wp-content\/uploads\/2020\/09\/1F1A8431o_nahled.jpg\" class=\"attachment-full size-full wp-post-image lazyload\" alt=\"140 \u00d7 205 cm, pigment on canvas\" data-srcset=\"https:\/\/www.kalina-gallery.cz\/wp-content\/uploads\/2020\/09\/1F1A8431o_nahled.jpg 2048w, https:\/\/www.kalina-gallery.cz\/wp-content\/uploads\/2020\/09\/1F1A8431o_nahled-300x204.jpg 300w, https:\/\/www.kalina-gallery.cz\/wp-content\/uploads\/2020\/09\/1F1A8431o_nahled-1024x697.jpg 1024w, https:\/\/www.kalina-gallery.cz\/wp-content\/uploads\/2020\/09\/1F1A8431o_nahled-768x523.jpg 768w, https:\/\/www.kalina-gallery.cz\/wp-content\/uploads\/2020\/09\/1F1A8431o_nahled-1536x1046.jpg 1536w, https:\/\/www.kalina-gallery.cz\/wp-content\/uploads\/2020\/09\/1F1A8431o_nahled-18x12.jpg 18w\" data-sizes=\"(max-width: 2048px) 100vw, 2048px\" src=\"data:image\/svg+xml;base64,PHN2ZyB3aWR0aD0iMSIgaGVpZ2h0PSIxIiB4bWxucz0iaHR0cDovL3d3dy53My5vcmcvMjAwMC9zdmciPjwvc3ZnPg==\" style=\"--smush-placeholder-width: 2048px; --smush-placeholder-aspect-ratio: 2048\/1394;\" \/>\t\t\t<\/a>\n\t\t<\/div>\n\t\t\t<\/div>\n\t\t<div class=\"qodef-e-content\" >\n\t\t\t<h5 itemprop=\"name\" class=\"qodef-e-title entry-title\" >\n\t<a itemprop=\"url\" class=\"qodef-e-title-link\" href=\"https:\/\/www.kalina-gallery.cz\/en\/dilo\/bez-nazvu-30\/\">\n\t\tBez n\u00e1zvu\t<\/a>\n<\/h5>\t\t\t<div class=\"qodef-e-info-category\">\n\t\t\t<a itemprop=\"url\" class=\"qodef-e-category\" href=\"https:\/\/www.kalina-gallery.cz\/en\/portfolio-category\/dilo\/\">\n\t\t\tD\u00edlo\t\t<\/a>\n\t<\/div>\n\t\t\t\t\t<\/div>\n\t<\/div>\n<\/article>\t<\/div>\n\t<\/div>\t\t\t\t<\/div>\n\t\t\t\t<\/div>\n\t\t\t\t\t<\/div>\n\t\t<\/div>\n\t\t\t\t\t<\/div>\n\t\t<\/section>\n\t\t\t\t<\/div>\n\t\t","protected":false},"excerpt":{"rendered":"<p>Ji\u0159\u00ed Georg Dokoupil, narozen\u00fd v Krnov\u011b v roce 1954, je jedn\u00edm z nejv\u0161estrann\u011bj\u0161\u00edch mal\u00ed\u0159\u016f sou\u010dasn\u00e9ho um\u011bn\u00ed. V\u017edy se stav\u011bl proti tomu, aby mu byl p\u0159id\u011blen n\u011bjak\u00fd osobn\u00ed \u010di pevn\u00fd styl. Nikdy nevyvinul rozpoznateln\u00fd rukopis, kter\u00fd by okam\u017eit\u011b nazna\u010doval jeho pr\u00e1ci. Hraje si s r\u016fzn\u00fdmi styly a neust\u00e1le vym\u00fd\u0161l\u00ed nov\u00e9 techniky, se kter\u00fdmi r\u00e1d experimentuje. I [&hellip;]<\/p>\n","protected":false},"author":1,"featured_media":0,"parent":0,"menu_order":0,"comment_status":"closed","ping_status":"closed","template":"","meta":{"inline_featured_image":false,"iawp_total_views":200,"footnotes":""},"class_list":["post-9659","page","type-page","status-publish","hentry"],"yoast_head":"<!-- This site is optimized with the Yoast SEO plugin v27.2 - https:\/\/yoast.com\/product\/yoast-seo-wordpress\/ -->\n<title>Dokoupil Georg Ji\u0159\u00ed &#8212; Kalina Gallery<\/title>\n<meta name=\"robots\" content=\"index, follow, max-snippet:-1, max-image-preview:large, max-video-preview:-1\" \/>\n<link rel=\"canonical\" href=\"https:\/\/www.kalina-gallery.cz\/en\/dokoupil-georg-jiri\/\" \/>\n<meta property=\"og:locale\" content=\"en_US\" \/>\n<meta property=\"og:type\" content=\"article\" \/>\n<meta property=\"og:title\" content=\"Dokoupil Georg Ji\u0159\u00ed &#8212; Kalina Gallery\" \/>\n<meta property=\"og:description\" content=\"Ji\u0159\u00ed Georg Dokoupil, narozen\u00fd v Krnov\u011b v roce 1954, je jedn\u00edm z nejv\u0161estrann\u011bj\u0161\u00edch mal\u00ed\u0159\u016f sou\u010dasn\u00e9ho um\u011bn\u00ed. V\u017edy se stav\u011bl proti tomu, aby mu byl p\u0159id\u011blen n\u011bjak\u00fd osobn\u00ed \u010di pevn\u00fd styl. Nikdy nevyvinul rozpoznateln\u00fd rukopis, kter\u00fd by okam\u017eit\u011b nazna\u010doval jeho pr\u00e1ci. Hraje si s r\u016fzn\u00fdmi styly a neust\u00e1le vym\u00fd\u0161l\u00ed nov\u00e9 techniky, se kter\u00fdmi r\u00e1d experimentuje. I [&hellip;]\" \/>\n<meta property=\"og:url\" content=\"https:\/\/www.kalina-gallery.cz\/en\/dokoupil-georg-jiri\/\" \/>\n<meta property=\"og:site_name\" content=\"Kalina Gallery\" \/>\n<meta property=\"article:publisher\" content=\"https:\/\/www.facebook.com\/Kalina-Gallery-240711577897794\/\" \/>\n<meta property=\"article:modified_time\" content=\"2022-06-16T13:48:29+00:00\" \/>\n<meta property=\"og:image\" content=\"https:\/\/www.kalina-gallery.cz\/wp-content\/uploads\/2020\/09\/jiri_dokoupil_portrait-1.jpeg\" \/>\n<meta name=\"twitter:card\" content=\"summary_large_image\" \/>\n<meta name=\"twitter:label1\" content=\"Est. reading time\" \/>\n\t<meta name=\"twitter:data1\" content=\"2 minutes\" \/>\n<script type=\"application\/ld+json\" class=\"yoast-schema-graph\">{\"@context\":\"https:\/\/schema.org\",\"@graph\":[{\"@type\":\"WebPage\",\"@id\":\"https:\/\/www.kalina-gallery.cz\/dokoupil-georg-jiri\/\",\"url\":\"https:\/\/www.kalina-gallery.cz\/dokoupil-georg-jiri\/\",\"name\":\"Dokoupil Georg Ji\u0159\u00ed &#8212; Kalina Gallery\",\"isPartOf\":{\"@id\":\"https:\/\/www.kalina-gallery.cz\/#website\"},\"primaryImageOfPage\":{\"@id\":\"https:\/\/www.kalina-gallery.cz\/dokoupil-georg-jiri\/#primaryimage\"},\"image\":{\"@id\":\"https:\/\/www.kalina-gallery.cz\/dokoupil-georg-jiri\/#primaryimage\"},\"thumbnailUrl\":\"https:\/\/www.kalina-gallery.cz\/wp-content\/uploads\/2020\/09\/jiri_dokoupil_portrait-1.jpeg\",\"datePublished\":\"2021-12-07T18:15:10+00:00\",\"dateModified\":\"2022-06-16T13:48:29+00:00\",\"breadcrumb\":{\"@id\":\"https:\/\/www.kalina-gallery.cz\/dokoupil-georg-jiri\/#breadcrumb\"},\"inLanguage\":\"en-US\",\"potentialAction\":[{\"@type\":\"ReadAction\",\"target\":[\"https:\/\/www.kalina-gallery.cz\/dokoupil-georg-jiri\/\"]}]},{\"@type\":\"ImageObject\",\"inLanguage\":\"en-US\",\"@id\":\"https:\/\/www.kalina-gallery.cz\/dokoupil-georg-jiri\/#primaryimage\",\"url\":\"https:\/\/www.kalina-gallery.cz\/wp-content\/uploads\/2020\/09\/jiri_dokoupil_portrait-1.jpeg\",\"contentUrl\":\"https:\/\/www.kalina-gallery.cz\/wp-content\/uploads\/2020\/09\/jiri_dokoupil_portrait-1.jpeg\"},{\"@type\":\"BreadcrumbList\",\"@id\":\"https:\/\/www.kalina-gallery.cz\/dokoupil-georg-jiri\/#breadcrumb\",\"itemListElement\":[{\"@type\":\"ListItem\",\"position\":1,\"name\":\"Dom\u016f\",\"item\":\"https:\/\/www.kalina-gallery.cz\/\"},{\"@type\":\"ListItem\",\"position\":2,\"name\":\"Dokoupil Georg Ji\u0159\u00ed\"}]},{\"@type\":\"WebSite\",\"@id\":\"https:\/\/www.kalina-gallery.cz\/#website\",\"url\":\"https:\/\/www.kalina-gallery.cz\/\",\"name\":\"Kalina Gallery\",\"description\":\"V\u00fdstavn\u00ed s\u00ed\u0148 v centru Brna\",\"publisher\":{\"@id\":\"https:\/\/www.kalina-gallery.cz\/#organization\"},\"potentialAction\":[{\"@type\":\"SearchAction\",\"target\":{\"@type\":\"EntryPoint\",\"urlTemplate\":\"https:\/\/www.kalina-gallery.cz\/?s={search_term_string}\"},\"query-input\":{\"@type\":\"PropertyValueSpecification\",\"valueRequired\":true,\"valueName\":\"search_term_string\"}}],\"inLanguage\":\"en-US\"},{\"@type\":\"Organization\",\"@id\":\"https:\/\/www.kalina-gallery.cz\/#organization\",\"name\":\"Kalina Gallery\",\"url\":\"https:\/\/www.kalina-gallery.cz\/\",\"logo\":{\"@type\":\"ImageObject\",\"inLanguage\":\"en-US\",\"@id\":\"https:\/\/www.kalina-gallery.cz\/#\/schema\/logo\/image\/\",\"url\":\"https:\/\/www.kalina-gallery.cz\/wp-content\/uploads\/2021\/08\/cropped-k.png\",\"contentUrl\":\"https:\/\/www.kalina-gallery.cz\/wp-content\/uploads\/2021\/08\/cropped-k.png\",\"width\":512,\"height\":512,\"caption\":\"Kalina Gallery\"},\"image\":{\"@id\":\"https:\/\/www.kalina-gallery.cz\/#\/schema\/logo\/image\/\"},\"sameAs\":[\"https:\/\/www.facebook.com\/Kalina-Gallery-240711577897794\/\",\"https:\/\/www.instagram.com\/kalinagallery1\/\"]}]}<\/script>\n<!-- \/ Yoast SEO plugin. -->","yoast_head_json":{"title":"Dokoupil Georg Ji\u0159\u00ed &#8212; Kalina Gallery","robots":{"index":"index","follow":"follow","max-snippet":"max-snippet:-1","max-image-preview":"max-image-preview:large","max-video-preview":"max-video-preview:-1"},"canonical":"https:\/\/www.kalina-gallery.cz\/en\/dokoupil-georg-jiri\/","og_locale":"en_US","og_type":"article","og_title":"Dokoupil Georg Ji\u0159\u00ed &#8212; Kalina Gallery","og_description":"Ji\u0159\u00ed Georg Dokoupil, narozen\u00fd v Krnov\u011b v roce 1954, je jedn\u00edm z nejv\u0161estrann\u011bj\u0161\u00edch mal\u00ed\u0159\u016f sou\u010dasn\u00e9ho um\u011bn\u00ed. V\u017edy se stav\u011bl proti tomu, aby mu byl p\u0159id\u011blen n\u011bjak\u00fd osobn\u00ed \u010di pevn\u00fd styl. Nikdy nevyvinul rozpoznateln\u00fd rukopis, kter\u00fd by okam\u017eit\u011b nazna\u010doval jeho pr\u00e1ci. Hraje si s r\u016fzn\u00fdmi styly a neust\u00e1le vym\u00fd\u0161l\u00ed nov\u00e9 techniky, se kter\u00fdmi r\u00e1d experimentuje. I [&hellip;]","og_url":"https:\/\/www.kalina-gallery.cz\/en\/dokoupil-georg-jiri\/","og_site_name":"Kalina Gallery","article_publisher":"https:\/\/www.facebook.com\/Kalina-Gallery-240711577897794\/","article_modified_time":"2022-06-16T13:48:29+00:00","og_image":[{"url":"https:\/\/www.kalina-gallery.cz\/wp-content\/uploads\/2020\/09\/jiri_dokoupil_portrait-1.jpeg","type":"","width":"","height":""}],"twitter_card":"summary_large_image","twitter_misc":{"Est. reading time":"2 minutes"},"schema":{"@context":"https:\/\/schema.org","@graph":[{"@type":"WebPage","@id":"https:\/\/www.kalina-gallery.cz\/dokoupil-georg-jiri\/","url":"https:\/\/www.kalina-gallery.cz\/dokoupil-georg-jiri\/","name":"Dokoupil Georg Ji\u0159\u00ed &#8212; Kalina Gallery","isPartOf":{"@id":"https:\/\/www.kalina-gallery.cz\/#website"},"primaryImageOfPage":{"@id":"https:\/\/www.kalina-gallery.cz\/dokoupil-georg-jiri\/#primaryimage"},"image":{"@id":"https:\/\/www.kalina-gallery.cz\/dokoupil-georg-jiri\/#primaryimage"},"thumbnailUrl":"https:\/\/www.kalina-gallery.cz\/wp-content\/uploads\/2020\/09\/jiri_dokoupil_portrait-1.jpeg","datePublished":"2021-12-07T18:15:10+00:00","dateModified":"2022-06-16T13:48:29+00:00","breadcrumb":{"@id":"https:\/\/www.kalina-gallery.cz\/dokoupil-georg-jiri\/#breadcrumb"},"inLanguage":"en-US","potentialAction":[{"@type":"ReadAction","target":["https:\/\/www.kalina-gallery.cz\/dokoupil-georg-jiri\/"]}]},{"@type":"ImageObject","inLanguage":"en-US","@id":"https:\/\/www.kalina-gallery.cz\/dokoupil-georg-jiri\/#primaryimage","url":"https:\/\/www.kalina-gallery.cz\/wp-content\/uploads\/2020\/09\/jiri_dokoupil_portrait-1.jpeg","contentUrl":"https:\/\/www.kalina-gallery.cz\/wp-content\/uploads\/2020\/09\/jiri_dokoupil_portrait-1.jpeg"},{"@type":"BreadcrumbList","@id":"https:\/\/www.kalina-gallery.cz\/dokoupil-georg-jiri\/#breadcrumb","itemListElement":[{"@type":"ListItem","position":1,"name":"Dom\u016f","item":"https:\/\/www.kalina-gallery.cz\/"},{"@type":"ListItem","position":2,"name":"Dokoupil Georg Ji\u0159\u00ed"}]},{"@type":"WebSite","@id":"https:\/\/www.kalina-gallery.cz\/#website","url":"https:\/\/www.kalina-gallery.cz\/","name":"Kalina Gallery","description":"V\u00fdstavn\u00ed s\u00ed\u0148 v centru Brna","publisher":{"@id":"https:\/\/www.kalina-gallery.cz\/#organization"},"potentialAction":[{"@type":"SearchAction","target":{"@type":"EntryPoint","urlTemplate":"https:\/\/www.kalina-gallery.cz\/?s={search_term_string}"},"query-input":{"@type":"PropertyValueSpecification","valueRequired":true,"valueName":"search_term_string"}}],"inLanguage":"en-US"},{"@type":"Organization","@id":"https:\/\/www.kalina-gallery.cz\/#organization","name":"Kalina Gallery","url":"https:\/\/www.kalina-gallery.cz\/","logo":{"@type":"ImageObject","inLanguage":"en-US","@id":"https:\/\/www.kalina-gallery.cz\/#\/schema\/logo\/image\/","url":"https:\/\/www.kalina-gallery.cz\/wp-content\/uploads\/2021\/08\/cropped-k.png","contentUrl":"https:\/\/www.kalina-gallery.cz\/wp-content\/uploads\/2021\/08\/cropped-k.png","width":512,"height":512,"caption":"Kalina Gallery"},"image":{"@id":"https:\/\/www.kalina-gallery.cz\/#\/schema\/logo\/image\/"},"sameAs":["https:\/\/www.facebook.com\/Kalina-Gallery-240711577897794\/","https:\/\/www.instagram.com\/kalinagallery1\/"]}]}},"_links":{"self":[{"href":"https:\/\/www.kalina-gallery.cz\/en\/wp-json\/wp\/v2\/pages\/9659","targetHints":{"allow":["GET"]}}],"collection":[{"href":"https:\/\/www.kalina-gallery.cz\/en\/wp-json\/wp\/v2\/pages"}],"about":[{"href":"https:\/\/www.kalina-gallery.cz\/en\/wp-json\/wp\/v2\/types\/page"}],"author":[{"embeddable":true,"href":"https:\/\/www.kalina-gallery.cz\/en\/wp-json\/wp\/v2\/users\/1"}],"replies":[{"embeddable":true,"href":"https:\/\/www.kalina-gallery.cz\/en\/wp-json\/wp\/v2\/comments?post=9659"}],"version-history":[{"count":0,"href":"https:\/\/www.kalina-gallery.cz\/en\/wp-json\/wp\/v2\/pages\/9659\/revisions"}],"wp:attachment":[{"href":"https:\/\/www.kalina-gallery.cz\/en\/wp-json\/wp\/v2\/media?parent=9659"}],"curies":[{"name":"wp","href":"https:\/\/api.w.org\/{rel}","templated":true}]}}