{"id":9680,"date":"2021-12-07T18:20:07","date_gmt":"2021-12-07T18:20:07","guid":{"rendered":"https:\/\/www.kalina-gallery.cz\/?page_id=9680"},"modified":"2022-01-14T10:47:22","modified_gmt":"2022-01-14T10:47:22","slug":"kyncl-frantisek","status":"publish","type":"page","link":"https:\/\/www.kalina-gallery.cz\/en\/kyncl-frantisek\/","title":{"rendered":"Kyncl Franti\u0161ek"},"content":{"rendered":"\t\t<div data-elementor-type=\"wp-page\" data-elementor-id=\"9680\" class=\"elementor elementor-9680\" data-elementor-post-type=\"page\">\n\t\t\t\t\t\t<section class=\"elementor-section elementor-top-section elementor-element elementor-element-63c0663 elementor-section-boxed elementor-section-height-default elementor-section-height-default qodef-elementor-content-no qodef-elementor-stretch-row-no qodef-elementor-overlay-no\" data-id=\"63c0663\" data-element_type=\"section\" data-e-type=\"section\">\n\t\t\t\t\t\t<div class=\"elementor-container elementor-column-gap-default\">\n\t\t\t\t\t<div class=\"elementor-column elementor-col-100 elementor-top-column elementor-element elementor-element-e61d28b\" data-id=\"e61d28b\" data-element_type=\"column\" data-e-type=\"column\">\n\t\t\t<div class=\"elementor-widget-wrap elementor-element-populated\">\n\t\t\t\t\t\t<div class=\"elementor-element elementor-element-38716f7 elementor-widget elementor-widget-text-editor\" data-id=\"38716f7\" data-element_type=\"widget\" data-e-type=\"widget\" data-widget_type=\"text-editor.default\">\n\t\t\t\t<div class=\"elementor-widget-container\">\n\t\t\t\t\t\t\t\t\t<p><strong>Franti\u0161ek Kyncl<\/strong> (1934 &#8211; 2011) je jednou z nejv\u00fdznamn\u011bj\u0161\u00edch osobnost\u00ed \u010desk\u00e9ho konstruktivistick\u00e9ho um\u011bn\u00ed a \u010deln\u00ed p\u0159edstavitel \u010desk\u00e9ho Klubu konkretist\u016f. Ve sv\u00fdch rodn\u00fdch Pardubic\u00edch zalo\u017eil v\u00fdtvarn\u00e9 sdru\u017een\u00ed Skupina mlad\u00fdch, kde \u00fazce spolupracoval s polsk\u00fdmi v\u00fdtvarn\u00edky a \u00fa\u010dastnil se i jejich sympozi\u00ed. S\u00a0v\u00fdtvarnou skupinou uspo\u0159\u00e1dal prvn\u00ed mezin\u00e1rodn\u00ed v\u00fdtvarn\u00e9 sympozium ARTCHEMO, na kter\u00e9 v sou\u010dasnosti navazuje Uskupen\u00ed TESLA, sna\u017e\u00edc\u00ed se propojit v\u00fdtvarn\u00e9 um\u011bn\u00ed a nov\u00e9 technologie.<\/p><p>Po nucen\u00e9 emigraci studoval Akademii v\u00fdtvarn\u00fdch um\u011bn\u00ed v\u00a0D\u00fcsseldorfu. B\u011bhem studia se stal sou\u010d\u00e1st\u00ed d\u00fcsseldorfsk\u00e9 um\u011bleck\u00e9 sc\u00e9ny, kter\u00e1 v\u00a0t\u00e9 dob\u011b pat\u0159ila k\u00a0nejradik\u00e1ln\u011bj\u0161\u00edm um\u011bleck\u00fdm hnut\u00edm nejen v\u00a0N\u011bmecku. V\u00a0N\u011bmecku vyd\u00e1val \u010dasopis\u00a0Schwarz auf Weiss, kter\u00fd se zab\u00fdval \u010deskou nez\u00e1vislou a\u00a0<a href=\"https:\/\/cs.wikipedia.org\/wiki\/Exil\">exilovou<\/a>\u00a0v\u00fdtvarnou sc\u00e9nou.<\/p><p>V\u00a0Kynclov\u011b tvorb\u011b se zrcadl\u00ed spor mezi racionalismem a\u00a0intuic\u00ed, \u0159\u00e1dem a\u00a0n\u00e1hodou, modern\u00edm racion\u00e1ln\u00edm my\u0161len\u00edm a\u00a0postmodern\u00edmi pochybnostmi, kter\u00fd byl typick\u00fd pro 2. polovinu 20.\u00a0stolet\u00ed. V\u00a070. letech sestavoval ze \u0161pejl\u00ed, pozd\u011bji bambusov\u00fdch ty\u010dinek, trojrozm\u011brn\u00e9 objekty, maj\u00edc\u00ed podobu m\u0159\u00ed\u017e\u00ed, s\u00edt\u00ed, n\u011bkdy a\u017e pavu\u010dinov\u00fdch seskupen\u00ed, kter\u00e9 l\u00e1mou i\u00a0reflektuj\u00ed sv\u011btlo, \u010d\u00edm\u017e se st\u00e1v\u00e1 sou\u010d\u00e1st\u00ed t\u011bchto objekt\u016f. Kyncl je naz\u00fdv\u00e1 Prostorov\u00e9 struktury a\u00a0ch\u00e1pe je jako obraz spole\u010dnosti. Od konce 80. let se v\u011bnoval p\u0159ev\u00e1\u017en\u011b kresb\u011b, ve kter\u00e9 m\u016f\u017eeme pozorovat geometrick\u00e9 formy. Ka\u017ed\u00e1 Kynclova kresba i stavba za\u010d\u00edn\u00e1 bodem. V\u00a0jeho obrazech m\u016f\u017eeme sledovat vzdu\u0161nost, k\u0159ehkost, dynamiku, barevnost i iluzivnost. Z\u00e1rove\u0148 se ale st\u00e1v\u00e1 i expresivn\u011bj\u0161\u00ed a\u00a0objevuj\u00ed se i\u00a0figurativn\u00ed elementy.<\/p>\t\t\t\t\t\t\t\t<\/div>\n\t\t\t\t<\/div>\n\t\t\t\t\t<\/div>\n\t\t<\/div>\n\t\t\t\t\t<\/div>\n\t\t<\/section>\n\t\t\t\t<section class=\"elementor-section elementor-top-section elementor-element elementor-element-1688d05 elementor-section-boxed elementor-section-height-default elementor-section-height-default qodef-elementor-content-no qodef-elementor-stretch-row-no qodef-elementor-overlay-no\" data-id=\"1688d05\" data-element_type=\"section\" data-e-type=\"section\">\n\t\t\t\t\t\t<div class=\"elementor-container elementor-column-gap-default\">\n\t\t\t\t\t<div class=\"elementor-column elementor-col-100 elementor-top-column elementor-element elementor-element-14c9ff2\" data-id=\"14c9ff2\" data-element_type=\"column\" data-e-type=\"column\">\n\t\t\t<div class=\"elementor-widget-wrap elementor-element-populated\">\n\t\t\t\t\t\t<div class=\"elementor-element elementor-element-5060ce0 elementor-widget-divider--view-line elementor-widget elementor-widget-divider\" data-id=\"5060ce0\" data-element_type=\"widget\" data-e-type=\"widget\" data-widget_type=\"divider.default\">\n\t\t\t\t<div class=\"elementor-widget-container\">\n\t\t\t\t\t\t\t<div class=\"elementor-divider\">\n\t\t\t<span class=\"elementor-divider-separator\">\n\t\t\t\t\t\t<\/span>\n\t\t<\/div>\n\t\t\t\t\t\t<\/div>\n\t\t\t\t<\/div>\n\t\t\t\t<div class=\"elementor-element elementor-element-acc1015 elementor-widget elementor-widget-zermatt_core_portfolio_list\" data-id=\"acc1015\" data-element_type=\"widget\" data-e-type=\"widget\" data-widget_type=\"zermatt_core_portfolio_list.default\">\n\t\t\t\t<div class=\"elementor-widget-container\">\n\t\t\t\t\t<div class=\"qodef-shortcode qodef-m  qodef-portfolio-list   qodef-item-layout--info-below   qodef-grid qodef-layout--columns  qodef-gutter--normal qodef-col-num--3 qodef-item-layout--info-below qodef--no-bottom-space qodef-pagination--off qodef-responsive--predefined qodef-hover-animation--view_cursor\" data-options=\"{&quot;plugin&quot;:&quot;zermatt_core&quot;,&quot;module&quot;:&quot;post-types\\\/portfolio\\\/shortcodes&quot;,&quot;shortcode&quot;:&quot;portfolio-list&quot;,&quot;post_type&quot;:&quot;portfolio-item&quot;,&quot;next_page&quot;:&quot;2&quot;,&quot;max_pages_num&quot;:0,&quot;light_skin&quot;:&quot;no&quot;,&quot;behavior&quot;:&quot;columns&quot;,&quot;images_proportion&quot;:&quot;full&quot;,&quot;columns&quot;:&quot;3&quot;,&quot;columns_responsive&quot;:&quot;predefined&quot;,&quot;space&quot;:&quot;normal&quot;,&quot;posts_per_page&quot;:&quot;-1&quot;,&quot;orderby&quot;:&quot;date&quot;,&quot;order&quot;:&quot;DESC&quot;,&quot;additional_params&quot;:&quot;tax&quot;,&quot;tax&quot;:&quot;portfolio-tag&quot;,&quot;tax_slug&quot;:&quot;frantisek-kyncl&quot;,&quot;layout&quot;:&quot;info-below&quot;,&quot;hover_animation_info-below&quot;:&quot;view_cursor&quot;,&quot;title_tag&quot;:&quot;h5&quot;,&quot;custom_padding&quot;:&quot;no&quot;,&quot;pagination_type&quot;:&quot;no-pagination&quot;,&quot;object_class_name&quot;:&quot;ZermattCorePortfolioListShortcode&quot;,&quot;taxonomy_filter&quot;:&quot;portfolio-category&quot;,&quot;additional_query_args&quot;:{&quot;tax_query&quot;:[{&quot;taxonomy&quot;:&quot;portfolio-tag&quot;,&quot;field&quot;:&quot;slug&quot;,&quot;terms&quot;:&quot;frantisek-kyncl&quot;}]},&quot;space_value&quot;:15}\">\n\t\t<div class=\"qodef-grid-inner clear\">\n\t\t<article class=\"qodef-e qodef-grid-item qodef-item--full post-8684 portfolio-item type-portfolio-item status-publish has-post-thumbnail hentry portfolio-category-dilo portfolio-tag-frantisek-kyncl\">\n\t<div class=\"qodef-e-inner\" >\n\t\t<div class=\"qodef-e-image\">\n\t\t\t\t\t<div class=\"qodef-e-media-image\">\n\t\t\t<a itemprop=\"url\" href=\"https:\/\/www.kalina-gallery.cz\/en\/dilo\/kyncl-frantisek-monostruktury-g16-2\/\"\n\t\t\t\t\t\t\t>\n\t\t\t\t<img fetchpriority=\"high\" decoding=\"async\" width=\"1555\" height=\"2048\" src=\"https:\/\/www.kalina-gallery.cz\/wp-content\/uploads\/2021\/10\/Galerie_23-2-1.jpg\" class=\"attachment-full size-full wp-post-image\" alt=\"\" srcset=\"https:\/\/www.kalina-gallery.cz\/wp-content\/uploads\/2021\/10\/Galerie_23-2-1.jpg 1555w, https:\/\/www.kalina-gallery.cz\/wp-content\/uploads\/2021\/10\/Galerie_23-2-1-228x300.jpg 228w, https:\/\/www.kalina-gallery.cz\/wp-content\/uploads\/2021\/10\/Galerie_23-2-1-778x1024.jpg 778w, https:\/\/www.kalina-gallery.cz\/wp-content\/uploads\/2021\/10\/Galerie_23-2-1-768x1011.jpg 768w, https:\/\/www.kalina-gallery.cz\/wp-content\/uploads\/2021\/10\/Galerie_23-2-1-1166x1536.jpg 1166w, https:\/\/www.kalina-gallery.cz\/wp-content\/uploads\/2021\/10\/Galerie_23-2-1-9x12.jpg 9w\" sizes=\"(max-width: 1555px) 100vw, 1555px\" \/>\t\t\t<\/a>\n\t\t<\/div>\n\t\t\t<\/div>\n\t\t<div class=\"qodef-e-content\" >\n\t\t\t<h5 itemprop=\"name\" class=\"qodef-e-title entry-title\" >\n\t<a itemprop=\"url\" class=\"qodef-e-title-link\" href=\"https:\/\/www.kalina-gallery.cz\/en\/dilo\/kyncl-frantisek-monostruktury-g16-2\/\">\n\t\tMonostruktury G16\t<\/a>\n<\/h5>\t\t\t<div class=\"qodef-e-info-category\">\n\t\t\t<a itemprop=\"url\" class=\"qodef-e-category\" href=\"https:\/\/www.kalina-gallery.cz\/en\/portfolio-category\/dilo\/\">\n\t\t\tD\u00edlo\t\t<\/a>\n\t<\/div>\n\t\t\t\t\t<\/div>\n\t<\/div>\n<\/article>\t<\/div>\n\t<\/div>\t\t\t\t<\/div>\n\t\t\t\t<\/div>\n\t\t\t\t\t<\/div>\n\t\t<\/div>\n\t\t\t\t\t<\/div>\n\t\t<\/section>\n\t\t\t\t<\/div>\n\t\t","protected":false},"excerpt":{"rendered":"<p>Franti\u0161ek Kyncl (1934 &#8211; 2011) je jednou z nejv\u00fdznamn\u011bj\u0161\u00edch osobnost\u00ed \u010desk\u00e9ho konstruktivistick\u00e9ho um\u011bn\u00ed a \u010deln\u00ed p\u0159edstavitel \u010desk\u00e9ho Klubu konkretist\u016f. Ve sv\u00fdch rodn\u00fdch Pardubic\u00edch zalo\u017eil v\u00fdtvarn\u00e9 sdru\u017een\u00ed Skupina mlad\u00fdch, kde \u00fazce spolupracoval s polsk\u00fdmi v\u00fdtvarn\u00edky a \u00fa\u010dastnil se i jejich sympozi\u00ed. S\u00a0v\u00fdtvarnou skupinou uspo\u0159\u00e1dal prvn\u00ed mezin\u00e1rodn\u00ed v\u00fdtvarn\u00e9 sympozium ARTCHEMO, na kter\u00e9 v sou\u010dasnosti navazuje Uskupen\u00ed TESLA, [&hellip;]<\/p>\n","protected":false},"author":1,"featured_media":0,"parent":0,"menu_order":0,"comment_status":"closed","ping_status":"closed","template":"","meta":{"inline_featured_image":false,"iawp_total_views":84,"footnotes":""},"class_list":["post-9680","page","type-page","status-publish","hentry"],"yoast_head":"<!-- This site is optimized with the Yoast SEO plugin v27.2 - https:\/\/yoast.com\/product\/yoast-seo-wordpress\/ -->\n<title>Kyncl Franti\u0161ek &#8212; Kalina Gallery<\/title>\n<meta name=\"robots\" content=\"index, follow, max-snippet:-1, max-image-preview:large, max-video-preview:-1\" \/>\n<link rel=\"canonical\" href=\"https:\/\/www.kalina-gallery.cz\/en\/kyncl-frantisek\/\" \/>\n<meta property=\"og:locale\" content=\"en_US\" \/>\n<meta property=\"og:type\" content=\"article\" \/>\n<meta property=\"og:title\" content=\"Kyncl Franti\u0161ek &#8212; Kalina Gallery\" \/>\n<meta property=\"og:description\" content=\"Franti\u0161ek Kyncl (1934 &#8211; 2011) je jednou z nejv\u00fdznamn\u011bj\u0161\u00edch osobnost\u00ed \u010desk\u00e9ho konstruktivistick\u00e9ho um\u011bn\u00ed a \u010deln\u00ed p\u0159edstavitel \u010desk\u00e9ho Klubu konkretist\u016f. Ve sv\u00fdch rodn\u00fdch Pardubic\u00edch zalo\u017eil v\u00fdtvarn\u00e9 sdru\u017een\u00ed Skupina mlad\u00fdch, kde \u00fazce spolupracoval s polsk\u00fdmi v\u00fdtvarn\u00edky a \u00fa\u010dastnil se i jejich sympozi\u00ed. S\u00a0v\u00fdtvarnou skupinou uspo\u0159\u00e1dal prvn\u00ed mezin\u00e1rodn\u00ed v\u00fdtvarn\u00e9 sympozium ARTCHEMO, na kter\u00e9 v sou\u010dasnosti navazuje Uskupen\u00ed TESLA, [&hellip;]\" \/>\n<meta property=\"og:url\" content=\"https:\/\/www.kalina-gallery.cz\/en\/kyncl-frantisek\/\" \/>\n<meta property=\"og:site_name\" content=\"Kalina Gallery\" \/>\n<meta property=\"article:publisher\" content=\"https:\/\/www.facebook.com\/Kalina-Gallery-240711577897794\/\" \/>\n<meta property=\"article:modified_time\" content=\"2022-01-14T10:47:22+00:00\" \/>\n<meta property=\"og:image\" content=\"https:\/\/www.kalina-gallery.cz\/wp-content\/uploads\/2021\/10\/Galerie_23-2-1.jpg\" \/>\n<meta name=\"twitter:card\" content=\"summary_large_image\" \/>\n<meta name=\"twitter:label1\" content=\"Est. reading time\" \/>\n\t<meta name=\"twitter:data1\" content=\"2 minutes\" \/>\n<script type=\"application\/ld+json\" class=\"yoast-schema-graph\">{\"@context\":\"https:\/\/schema.org\",\"@graph\":[{\"@type\":\"WebPage\",\"@id\":\"https:\/\/www.kalina-gallery.cz\/kyncl-frantisek\/\",\"url\":\"https:\/\/www.kalina-gallery.cz\/kyncl-frantisek\/\",\"name\":\"Kyncl Franti\u0161ek &#8212; Kalina Gallery\",\"isPartOf\":{\"@id\":\"https:\/\/www.kalina-gallery.cz\/#website\"},\"primaryImageOfPage\":{\"@id\":\"https:\/\/www.kalina-gallery.cz\/kyncl-frantisek\/#primaryimage\"},\"image\":{\"@id\":\"https:\/\/www.kalina-gallery.cz\/kyncl-frantisek\/#primaryimage\"},\"thumbnailUrl\":\"https:\/\/www.kalina-gallery.cz\/wp-content\/uploads\/2021\/10\/Galerie_23-2-1.jpg\",\"datePublished\":\"2021-12-07T18:20:07+00:00\",\"dateModified\":\"2022-01-14T10:47:22+00:00\",\"breadcrumb\":{\"@id\":\"https:\/\/www.kalina-gallery.cz\/kyncl-frantisek\/#breadcrumb\"},\"inLanguage\":\"en-US\",\"potentialAction\":[{\"@type\":\"ReadAction\",\"target\":[\"https:\/\/www.kalina-gallery.cz\/kyncl-frantisek\/\"]}]},{\"@type\":\"ImageObject\",\"inLanguage\":\"en-US\",\"@id\":\"https:\/\/www.kalina-gallery.cz\/kyncl-frantisek\/#primaryimage\",\"url\":\"https:\/\/www.kalina-gallery.cz\/wp-content\/uploads\/2021\/10\/Galerie_23-2-1.jpg\",\"contentUrl\":\"https:\/\/www.kalina-gallery.cz\/wp-content\/uploads\/2021\/10\/Galerie_23-2-1.jpg\"},{\"@type\":\"BreadcrumbList\",\"@id\":\"https:\/\/www.kalina-gallery.cz\/kyncl-frantisek\/#breadcrumb\",\"itemListElement\":[{\"@type\":\"ListItem\",\"position\":1,\"name\":\"Dom\u016f\",\"item\":\"https:\/\/www.kalina-gallery.cz\/\"},{\"@type\":\"ListItem\",\"position\":2,\"name\":\"Kyncl Franti\u0161ek\"}]},{\"@type\":\"WebSite\",\"@id\":\"https:\/\/www.kalina-gallery.cz\/#website\",\"url\":\"https:\/\/www.kalina-gallery.cz\/\",\"name\":\"Kalina Gallery\",\"description\":\"V\u00fdstavn\u00ed s\u00ed\u0148 v centru Brna\",\"publisher\":{\"@id\":\"https:\/\/www.kalina-gallery.cz\/#organization\"},\"potentialAction\":[{\"@type\":\"SearchAction\",\"target\":{\"@type\":\"EntryPoint\",\"urlTemplate\":\"https:\/\/www.kalina-gallery.cz\/?s={search_term_string}\"},\"query-input\":{\"@type\":\"PropertyValueSpecification\",\"valueRequired\":true,\"valueName\":\"search_term_string\"}}],\"inLanguage\":\"en-US\"},{\"@type\":\"Organization\",\"@id\":\"https:\/\/www.kalina-gallery.cz\/#organization\",\"name\":\"Kalina Gallery\",\"url\":\"https:\/\/www.kalina-gallery.cz\/\",\"logo\":{\"@type\":\"ImageObject\",\"inLanguage\":\"en-US\",\"@id\":\"https:\/\/www.kalina-gallery.cz\/#\/schema\/logo\/image\/\",\"url\":\"https:\/\/www.kalina-gallery.cz\/wp-content\/uploads\/2021\/08\/cropped-k.png\",\"contentUrl\":\"https:\/\/www.kalina-gallery.cz\/wp-content\/uploads\/2021\/08\/cropped-k.png\",\"width\":512,\"height\":512,\"caption\":\"Kalina Gallery\"},\"image\":{\"@id\":\"https:\/\/www.kalina-gallery.cz\/#\/schema\/logo\/image\/\"},\"sameAs\":[\"https:\/\/www.facebook.com\/Kalina-Gallery-240711577897794\/\",\"https:\/\/www.instagram.com\/kalinagallery1\/\"]}]}<\/script>\n<!-- \/ Yoast SEO plugin. -->","yoast_head_json":{"title":"Kyncl Franti\u0161ek &#8212; Kalina Gallery","robots":{"index":"index","follow":"follow","max-snippet":"max-snippet:-1","max-image-preview":"max-image-preview:large","max-video-preview":"max-video-preview:-1"},"canonical":"https:\/\/www.kalina-gallery.cz\/en\/kyncl-frantisek\/","og_locale":"en_US","og_type":"article","og_title":"Kyncl Franti\u0161ek &#8212; Kalina Gallery","og_description":"Franti\u0161ek Kyncl (1934 &#8211; 2011) je jednou z nejv\u00fdznamn\u011bj\u0161\u00edch osobnost\u00ed \u010desk\u00e9ho konstruktivistick\u00e9ho um\u011bn\u00ed a \u010deln\u00ed p\u0159edstavitel \u010desk\u00e9ho Klubu konkretist\u016f. Ve sv\u00fdch rodn\u00fdch Pardubic\u00edch zalo\u017eil v\u00fdtvarn\u00e9 sdru\u017een\u00ed Skupina mlad\u00fdch, kde \u00fazce spolupracoval s polsk\u00fdmi v\u00fdtvarn\u00edky a \u00fa\u010dastnil se i jejich sympozi\u00ed. S\u00a0v\u00fdtvarnou skupinou uspo\u0159\u00e1dal prvn\u00ed mezin\u00e1rodn\u00ed v\u00fdtvarn\u00e9 sympozium ARTCHEMO, na kter\u00e9 v sou\u010dasnosti navazuje Uskupen\u00ed TESLA, [&hellip;]","og_url":"https:\/\/www.kalina-gallery.cz\/en\/kyncl-frantisek\/","og_site_name":"Kalina Gallery","article_publisher":"https:\/\/www.facebook.com\/Kalina-Gallery-240711577897794\/","article_modified_time":"2022-01-14T10:47:22+00:00","og_image":[{"url":"https:\/\/www.kalina-gallery.cz\/wp-content\/uploads\/2021\/10\/Galerie_23-2-1.jpg","type":"","width":"","height":""}],"twitter_card":"summary_large_image","twitter_misc":{"Est. reading time":"2 minutes"},"schema":{"@context":"https:\/\/schema.org","@graph":[{"@type":"WebPage","@id":"https:\/\/www.kalina-gallery.cz\/kyncl-frantisek\/","url":"https:\/\/www.kalina-gallery.cz\/kyncl-frantisek\/","name":"Kyncl Franti\u0161ek &#8212; Kalina Gallery","isPartOf":{"@id":"https:\/\/www.kalina-gallery.cz\/#website"},"primaryImageOfPage":{"@id":"https:\/\/www.kalina-gallery.cz\/kyncl-frantisek\/#primaryimage"},"image":{"@id":"https:\/\/www.kalina-gallery.cz\/kyncl-frantisek\/#primaryimage"},"thumbnailUrl":"https:\/\/www.kalina-gallery.cz\/wp-content\/uploads\/2021\/10\/Galerie_23-2-1.jpg","datePublished":"2021-12-07T18:20:07+00:00","dateModified":"2022-01-14T10:47:22+00:00","breadcrumb":{"@id":"https:\/\/www.kalina-gallery.cz\/kyncl-frantisek\/#breadcrumb"},"inLanguage":"en-US","potentialAction":[{"@type":"ReadAction","target":["https:\/\/www.kalina-gallery.cz\/kyncl-frantisek\/"]}]},{"@type":"ImageObject","inLanguage":"en-US","@id":"https:\/\/www.kalina-gallery.cz\/kyncl-frantisek\/#primaryimage","url":"https:\/\/www.kalina-gallery.cz\/wp-content\/uploads\/2021\/10\/Galerie_23-2-1.jpg","contentUrl":"https:\/\/www.kalina-gallery.cz\/wp-content\/uploads\/2021\/10\/Galerie_23-2-1.jpg"},{"@type":"BreadcrumbList","@id":"https:\/\/www.kalina-gallery.cz\/kyncl-frantisek\/#breadcrumb","itemListElement":[{"@type":"ListItem","position":1,"name":"Dom\u016f","item":"https:\/\/www.kalina-gallery.cz\/"},{"@type":"ListItem","position":2,"name":"Kyncl Franti\u0161ek"}]},{"@type":"WebSite","@id":"https:\/\/www.kalina-gallery.cz\/#website","url":"https:\/\/www.kalina-gallery.cz\/","name":"Kalina Gallery","description":"V\u00fdstavn\u00ed s\u00ed\u0148 v centru Brna","publisher":{"@id":"https:\/\/www.kalina-gallery.cz\/#organization"},"potentialAction":[{"@type":"SearchAction","target":{"@type":"EntryPoint","urlTemplate":"https:\/\/www.kalina-gallery.cz\/?s={search_term_string}"},"query-input":{"@type":"PropertyValueSpecification","valueRequired":true,"valueName":"search_term_string"}}],"inLanguage":"en-US"},{"@type":"Organization","@id":"https:\/\/www.kalina-gallery.cz\/#organization","name":"Kalina Gallery","url":"https:\/\/www.kalina-gallery.cz\/","logo":{"@type":"ImageObject","inLanguage":"en-US","@id":"https:\/\/www.kalina-gallery.cz\/#\/schema\/logo\/image\/","url":"https:\/\/www.kalina-gallery.cz\/wp-content\/uploads\/2021\/08\/cropped-k.png","contentUrl":"https:\/\/www.kalina-gallery.cz\/wp-content\/uploads\/2021\/08\/cropped-k.png","width":512,"height":512,"caption":"Kalina Gallery"},"image":{"@id":"https:\/\/www.kalina-gallery.cz\/#\/schema\/logo\/image\/"},"sameAs":["https:\/\/www.facebook.com\/Kalina-Gallery-240711577897794\/","https:\/\/www.instagram.com\/kalinagallery1\/"]}]}},"_links":{"self":[{"href":"https:\/\/www.kalina-gallery.cz\/en\/wp-json\/wp\/v2\/pages\/9680","targetHints":{"allow":["GET"]}}],"collection":[{"href":"https:\/\/www.kalina-gallery.cz\/en\/wp-json\/wp\/v2\/pages"}],"about":[{"href":"https:\/\/www.kalina-gallery.cz\/en\/wp-json\/wp\/v2\/types\/page"}],"author":[{"embeddable":true,"href":"https:\/\/www.kalina-gallery.cz\/en\/wp-json\/wp\/v2\/users\/1"}],"replies":[{"embeddable":true,"href":"https:\/\/www.kalina-gallery.cz\/en\/wp-json\/wp\/v2\/comments?post=9680"}],"version-history":[{"count":0,"href":"https:\/\/www.kalina-gallery.cz\/en\/wp-json\/wp\/v2\/pages\/9680\/revisions"}],"wp:attachment":[{"href":"https:\/\/www.kalina-gallery.cz\/en\/wp-json\/wp\/v2\/media?parent=9680"}],"curies":[{"name":"wp","href":"https:\/\/api.w.org\/{rel}","templated":true}]}}