{"id":9689,"date":"2021-12-07T18:21:42","date_gmt":"2021-12-07T18:21:42","guid":{"rendered":"https:\/\/www.kalina-gallery.cz\/?page_id=9689"},"modified":"2022-01-14T11:22:53","modified_gmt":"2022-01-14T11:22:53","slug":"nesazal-michal","status":"publish","type":"page","link":"https:\/\/www.kalina-gallery.cz\/en\/nesazal-michal\/","title":{"rendered":"Nes\u00e1zal Michal"},"content":{"rendered":"\t\t<div data-elementor-type=\"wp-page\" data-elementor-id=\"9689\" class=\"elementor elementor-9689\" data-elementor-post-type=\"page\">\n\t\t\t\t\t\t<section class=\"elementor-section elementor-top-section elementor-element elementor-element-8b9d621 elementor-section-boxed elementor-section-height-default elementor-section-height-default qodef-elementor-content-no qodef-elementor-stretch-row-no qodef-elementor-overlay-no\" data-id=\"8b9d621\" data-element_type=\"section\" data-e-type=\"section\">\n\t\t\t\t\t\t<div class=\"elementor-container elementor-column-gap-default\">\n\t\t\t\t\t<div class=\"elementor-column elementor-col-100 elementor-top-column elementor-element elementor-element-ffcd8a5\" data-id=\"ffcd8a5\" data-element_type=\"column\" data-e-type=\"column\">\n\t\t\t<div class=\"elementor-widget-wrap elementor-element-populated\">\n\t\t\t\t\t\t<div class=\"elementor-element elementor-element-e61ef52 elementor-widget elementor-widget-text-editor\" data-id=\"e61ef52\" data-element_type=\"widget\" data-e-type=\"widget\" data-widget_type=\"text-editor.default\">\n\t\t\t\t<div class=\"elementor-widget-container\">\n\t\t\t\t\t\t\t\t\t<p><strong>Michal Nes\u00e1zal<\/strong> (1963) vystudoval Akademii v\u00fdtvarn\u00fdch um\u011bn\u00ed v\u00a0mal\u00ed\u0159sk\u00e9m ateli\u00e9ru Ji\u0159\u00edho Sopka a je jedn\u00edm z\u00a0prvn\u00edch dr\u017eitel\u016f Ceny Jind\u0159icha Chalupeck\u00e9ho. Ocen\u011bn\u00ed z\u00edskal po po Vladim\u00edru Kokoliovi a Franti\u0161ku Sk\u00e1lovi. Od konce sv\u00fdch studi\u00ed na Avu\u00a0se zab\u00fdval sp\u00ed\u0161e konceptu\u00e1ln\u00edm um\u011bn\u00edm a vytv\u00e1\u0159el p\u016fsobiv\u00e9 prostorov\u00e9 obrazy a objekty z\u00a0r\u016fzn\u00fdch cetek, skl\u00ed\u010dek, kor\u00e1lk\u016f, zrcad\u00e9lek. Jako\u017eto \u010dlen um\u011bleck\u00e9 skupiny Pond\u011bl\u00ed vnesl v\u00a090.\u00a0letech po\u00a0postmodern\u00ed generaci nov\u00e9 konceptu\u00e1ln\u00ed a\u00a0osobn\u00ed postupy. \u00a0Koncem 90. let se ale vr\u00e1til ke klasick\u00e9 malb\u011b. Je autorem, kter\u00fd se nenech\u00e1v\u00e1 strhnout m\u00f3dn\u00edmi vlnami aktu\u00e1ln\u00edch tendenc\u00ed, ale naopak se dr\u017e\u00ed sv\u00e9 vlastn\u00ed osobit\u00e9 v\u00fdtvarn\u00e9 linie.<\/p><p>Nes\u00e1zal vytv\u00e1\u0159\u00ed \u010dist\u00e9, magicky barevn\u00e9 snov\u00e9 scen\u00e9rie, kter\u00e9 jsou ve\u00a0figur\u00e1ln\u00edm vyj\u00e1d\u0159en\u00ed \u00fasporn\u00e1, a\u010dkoli obsahov\u011b mnohovrstevn\u00e1. V\u00a0posledn\u00ed dob\u011b se Nes\u00e1zalovy obrazy roz\u0161\u00ed\u0159ily o\u00a0znaky a\u00a0optick\u00e9 struktury, v\u011bnuj\u00edc\u00ed se t\u00e9matu jin\u00fdch prostupuj\u00edc\u00edch sv\u011bt\u016f, prostoru a\u00a0\u010dasu.\u00a0Autor vystavuje v\u00a0renomovan\u00fdch\u00a0\u010desk\u00fdch\u00a0i sv\u011btov\u00fdch instituc\u00edch.<\/p>\t\t\t\t\t\t\t\t<\/div>\n\t\t\t\t<\/div>\n\t\t\t\t\t<\/div>\n\t\t<\/div>\n\t\t\t\t\t<\/div>\n\t\t<\/section>\n\t\t\t\t<section class=\"elementor-section elementor-top-section elementor-element elementor-element-1688d05 elementor-section-boxed elementor-section-height-default elementor-section-height-default qodef-elementor-content-no qodef-elementor-stretch-row-no qodef-elementor-overlay-no\" data-id=\"1688d05\" data-element_type=\"section\" data-e-type=\"section\">\n\t\t\t\t\t\t<div class=\"elementor-container elementor-column-gap-default\">\n\t\t\t\t\t<div class=\"elementor-column elementor-col-100 elementor-top-column elementor-element elementor-element-14c9ff2\" data-id=\"14c9ff2\" data-element_type=\"column\" data-e-type=\"column\">\n\t\t\t<div class=\"elementor-widget-wrap elementor-element-populated\">\n\t\t\t\t\t\t<div class=\"elementor-element elementor-element-5060ce0 elementor-widget-divider--view-line elementor-widget elementor-widget-divider\" data-id=\"5060ce0\" data-element_type=\"widget\" data-e-type=\"widget\" data-widget_type=\"divider.default\">\n\t\t\t\t<div class=\"elementor-widget-container\">\n\t\t\t\t\t\t\t<div class=\"elementor-divider\">\n\t\t\t<span class=\"elementor-divider-separator\">\n\t\t\t\t\t\t<\/span>\n\t\t<\/div>\n\t\t\t\t\t\t<\/div>\n\t\t\t\t<\/div>\n\t\t\t\t<div class=\"elementor-element elementor-element-acc1015 elementor-widget elementor-widget-zermatt_core_portfolio_list\" data-id=\"acc1015\" data-element_type=\"widget\" data-e-type=\"widget\" data-widget_type=\"zermatt_core_portfolio_list.default\">\n\t\t\t\t<div class=\"elementor-widget-container\">\n\t\t\t\t\t<div class=\"qodef-shortcode qodef-m  qodef-portfolio-list   qodef-item-layout--info-below   qodef-grid qodef-layout--columns  qodef-gutter--normal qodef-col-num--3 qodef-item-layout--info-below qodef--no-bottom-space qodef-pagination--off qodef-responsive--predefined qodef-hover-animation--view_cursor\" data-options=\"{&quot;plugin&quot;:&quot;zermatt_core&quot;,&quot;module&quot;:&quot;post-types\\\/portfolio\\\/shortcodes&quot;,&quot;shortcode&quot;:&quot;portfolio-list&quot;,&quot;post_type&quot;:&quot;portfolio-item&quot;,&quot;next_page&quot;:&quot;2&quot;,&quot;max_pages_num&quot;:0,&quot;light_skin&quot;:&quot;no&quot;,&quot;behavior&quot;:&quot;columns&quot;,&quot;images_proportion&quot;:&quot;full&quot;,&quot;columns&quot;:&quot;3&quot;,&quot;columns_responsive&quot;:&quot;predefined&quot;,&quot;space&quot;:&quot;normal&quot;,&quot;posts_per_page&quot;:&quot;-1&quot;,&quot;orderby&quot;:&quot;date&quot;,&quot;order&quot;:&quot;DESC&quot;,&quot;additional_params&quot;:&quot;tax&quot;,&quot;tax&quot;:&quot;portfolio-tag&quot;,&quot;tax_slug&quot;:&quot;nesazal-michal&quot;,&quot;layout&quot;:&quot;info-below&quot;,&quot;hover_animation_info-below&quot;:&quot;view_cursor&quot;,&quot;title_tag&quot;:&quot;h5&quot;,&quot;custom_padding&quot;:&quot;no&quot;,&quot;pagination_type&quot;:&quot;no-pagination&quot;,&quot;object_class_name&quot;:&quot;ZermattCorePortfolioListShortcode&quot;,&quot;taxonomy_filter&quot;:&quot;portfolio-category&quot;,&quot;additional_query_args&quot;:{&quot;tax_query&quot;:[{&quot;taxonomy&quot;:&quot;portfolio-tag&quot;,&quot;field&quot;:&quot;slug&quot;,&quot;terms&quot;:&quot;nesazal-michal&quot;}]},&quot;space_value&quot;:15}\">\n\t\t<div class=\"qodef-grid-inner clear\">\n\t\t<article class=\"qodef-e qodef-grid-item qodef-item--full post-8492 portfolio-item type-portfolio-item status-publish has-post-thumbnail hentry portfolio-category-dilo portfolio-tag-nesazal-michal\">\n\t<div class=\"qodef-e-inner\" >\n\t\t<div class=\"qodef-e-image\">\n\t\t\t\t\t<div class=\"qodef-e-media-image\">\n\t\t\t<a itemprop=\"url\" href=\"https:\/\/www.kalina-gallery.cz\/en\/dilo\/nesazal-michal-bile-kopce\/\"\n\t\t\t\t\t\t\t>\n\t\t\t\t<img fetchpriority=\"high\" decoding=\"async\" width=\"1663\" height=\"1011\" src=\"https:\/\/www.kalina-gallery.cz\/wp-content\/uploads\/2021\/09\/Galerie_04.jpg\" class=\"attachment-full size-full wp-post-image\" alt=\"\" srcset=\"https:\/\/www.kalina-gallery.cz\/wp-content\/uploads\/2021\/09\/Galerie_04.jpg 1663w, https:\/\/www.kalina-gallery.cz\/wp-content\/uploads\/2021\/09\/Galerie_04-300x182.jpg 300w, https:\/\/www.kalina-gallery.cz\/wp-content\/uploads\/2021\/09\/Galerie_04-1024x623.jpg 1024w, https:\/\/www.kalina-gallery.cz\/wp-content\/uploads\/2021\/09\/Galerie_04-768x467.jpg 768w, https:\/\/www.kalina-gallery.cz\/wp-content\/uploads\/2021\/09\/Galerie_04-1536x934.jpg 1536w, https:\/\/www.kalina-gallery.cz\/wp-content\/uploads\/2021\/09\/Galerie_04-18x12.jpg 18w\" sizes=\"(max-width: 1663px) 100vw, 1663px\" \/>\t\t\t<\/a>\n\t\t<\/div>\n\t\t\t<\/div>\n\t\t<div class=\"qodef-e-content\" >\n\t\t\t<h5 itemprop=\"name\" class=\"qodef-e-title entry-title\" >\n\t<a itemprop=\"url\" class=\"qodef-e-title-link\" href=\"https:\/\/www.kalina-gallery.cz\/en\/dilo\/nesazal-michal-bile-kopce\/\">\n\t\tB\u00edl\u00e9 kopce\t<\/a>\n<\/h5>\t\t\t<div class=\"qodef-e-info-category\">\n\t\t\t<a itemprop=\"url\" class=\"qodef-e-category\" href=\"https:\/\/www.kalina-gallery.cz\/en\/portfolio-category\/dilo\/\">\n\t\t\tD\u00edlo\t\t<\/a>\n\t<\/div>\n\t\t\t\t\t<\/div>\n\t<\/div>\n<\/article><article class=\"qodef-e qodef-grid-item qodef-item--full post-8463 portfolio-item type-portfolio-item status-publish has-post-thumbnail hentry portfolio-category-dilo portfolio-tag-nesazal-michal\">\n\t<div class=\"qodef-e-inner\" >\n\t\t<div class=\"qodef-e-image\">\n\t\t\t\t\t<div class=\"qodef-e-media-image\">\n\t\t\t<a itemprop=\"url\" href=\"https:\/\/www.kalina-gallery.cz\/en\/dilo\/nesazal-michal-krajina\/\"\n\t\t\t\t\t\t\t>\n\t\t\t\t<img decoding=\"async\" width=\"1476\" height=\"955\" data-src=\"https:\/\/www.kalina-gallery.cz\/wp-content\/uploads\/2021\/09\/Galerie_05a.jpg\" class=\"attachment-full size-full wp-post-image lazyload\" alt=\"\" data-srcset=\"https:\/\/www.kalina-gallery.cz\/wp-content\/uploads\/2021\/09\/Galerie_05a.jpg 1476w, https:\/\/www.kalina-gallery.cz\/wp-content\/uploads\/2021\/09\/Galerie_05a-300x194.jpg 300w, https:\/\/www.kalina-gallery.cz\/wp-content\/uploads\/2021\/09\/Galerie_05a-1024x663.jpg 1024w, https:\/\/www.kalina-gallery.cz\/wp-content\/uploads\/2021\/09\/Galerie_05a-768x497.jpg 768w, https:\/\/www.kalina-gallery.cz\/wp-content\/uploads\/2021\/09\/Galerie_05a-18x12.jpg 18w\" data-sizes=\"(max-width: 1476px) 100vw, 1476px\" src=\"data:image\/svg+xml;base64,PHN2ZyB3aWR0aD0iMSIgaGVpZ2h0PSIxIiB4bWxucz0iaHR0cDovL3d3dy53My5vcmcvMjAwMC9zdmciPjwvc3ZnPg==\" style=\"--smush-placeholder-width: 1476px; --smush-placeholder-aspect-ratio: 1476\/955;\" \/>\t\t\t<\/a>\n\t\t<\/div>\n\t\t\t<\/div>\n\t\t<div class=\"qodef-e-content\" >\n\t\t\t<h5 itemprop=\"name\" class=\"qodef-e-title entry-title\" >\n\t<a itemprop=\"url\" class=\"qodef-e-title-link\" href=\"https:\/\/www.kalina-gallery.cz\/en\/dilo\/nesazal-michal-krajina\/\">\n\t\tKrajina\t<\/a>\n<\/h5>\t\t\t<div class=\"qodef-e-info-category\">\n\t\t\t<a itemprop=\"url\" class=\"qodef-e-category\" href=\"https:\/\/www.kalina-gallery.cz\/en\/portfolio-category\/dilo\/\">\n\t\t\tD\u00edlo\t\t<\/a>\n\t<\/div>\n\t\t\t\t\t<\/div>\n\t<\/div>\n<\/article>\t<\/div>\n\t<\/div>\t\t\t\t<\/div>\n\t\t\t\t<\/div>\n\t\t\t\t\t<\/div>\n\t\t<\/div>\n\t\t\t\t\t<\/div>\n\t\t<\/section>\n\t\t\t\t<\/div>\n\t\t","protected":false},"excerpt":{"rendered":"<p>Michal Nes\u00e1zal (1963) vystudoval Akademii v\u00fdtvarn\u00fdch um\u011bn\u00ed v\u00a0mal\u00ed\u0159sk\u00e9m ateli\u00e9ru Ji\u0159\u00edho Sopka a je jedn\u00edm z\u00a0prvn\u00edch dr\u017eitel\u016f Ceny Jind\u0159icha Chalupeck\u00e9ho. Ocen\u011bn\u00ed z\u00edskal po po Vladim\u00edru Kokoliovi a Franti\u0161ku Sk\u00e1lovi. Od konce sv\u00fdch studi\u00ed na Avu\u00a0se zab\u00fdval sp\u00ed\u0161e konceptu\u00e1ln\u00edm um\u011bn\u00edm a vytv\u00e1\u0159el p\u016fsobiv\u00e9 prostorov\u00e9 obrazy a objekty z\u00a0r\u016fzn\u00fdch cetek, skl\u00ed\u010dek, kor\u00e1lk\u016f, zrcad\u00e9lek. Jako\u017eto \u010dlen um\u011bleck\u00e9 skupiny Pond\u011bl\u00ed [&hellip;]<\/p>\n","protected":false},"author":1,"featured_media":0,"parent":0,"menu_order":0,"comment_status":"closed","ping_status":"closed","template":"","meta":{"inline_featured_image":false,"iawp_total_views":110,"footnotes":""},"class_list":["post-9689","page","type-page","status-publish","hentry"],"yoast_head":"<!-- This site is optimized with the Yoast SEO plugin v27.2 - https:\/\/yoast.com\/product\/yoast-seo-wordpress\/ -->\n<title>Nes\u00e1zal Michal &#8212; Kalina Gallery<\/title>\n<meta name=\"robots\" content=\"index, follow, max-snippet:-1, max-image-preview:large, max-video-preview:-1\" \/>\n<link rel=\"canonical\" href=\"https:\/\/www.kalina-gallery.cz\/en\/nesazal-michal\/\" \/>\n<meta property=\"og:locale\" content=\"en_US\" \/>\n<meta property=\"og:type\" content=\"article\" \/>\n<meta property=\"og:title\" content=\"Nes\u00e1zal Michal &#8212; Kalina Gallery\" \/>\n<meta property=\"og:description\" content=\"Michal Nes\u00e1zal (1963) vystudoval Akademii v\u00fdtvarn\u00fdch um\u011bn\u00ed v\u00a0mal\u00ed\u0159sk\u00e9m ateli\u00e9ru Ji\u0159\u00edho Sopka a je jedn\u00edm z\u00a0prvn\u00edch dr\u017eitel\u016f Ceny Jind\u0159icha Chalupeck\u00e9ho. Ocen\u011bn\u00ed z\u00edskal po po Vladim\u00edru Kokoliovi a Franti\u0161ku Sk\u00e1lovi. Od konce sv\u00fdch studi\u00ed na Avu\u00a0se zab\u00fdval sp\u00ed\u0161e konceptu\u00e1ln\u00edm um\u011bn\u00edm a vytv\u00e1\u0159el p\u016fsobiv\u00e9 prostorov\u00e9 obrazy a objekty z\u00a0r\u016fzn\u00fdch cetek, skl\u00ed\u010dek, kor\u00e1lk\u016f, zrcad\u00e9lek. Jako\u017eto \u010dlen um\u011bleck\u00e9 skupiny Pond\u011bl\u00ed [&hellip;]\" \/>\n<meta property=\"og:url\" content=\"https:\/\/www.kalina-gallery.cz\/en\/nesazal-michal\/\" \/>\n<meta property=\"og:site_name\" content=\"Kalina Gallery\" \/>\n<meta property=\"article:publisher\" content=\"https:\/\/www.facebook.com\/Kalina-Gallery-240711577897794\/\" \/>\n<meta property=\"article:modified_time\" content=\"2022-01-14T11:22:53+00:00\" \/>\n<meta property=\"og:image\" content=\"https:\/\/www.kalina-gallery.cz\/wp-content\/uploads\/2021\/09\/Galerie_04.jpg\" \/>\n<meta name=\"twitter:card\" content=\"summary_large_image\" \/>\n<meta name=\"twitter:label1\" content=\"Est. reading time\" \/>\n\t<meta name=\"twitter:data1\" content=\"2 minutes\" \/>\n<script type=\"application\/ld+json\" class=\"yoast-schema-graph\">{\"@context\":\"https:\/\/schema.org\",\"@graph\":[{\"@type\":\"WebPage\",\"@id\":\"https:\/\/www.kalina-gallery.cz\/nesazal-michal\/\",\"url\":\"https:\/\/www.kalina-gallery.cz\/nesazal-michal\/\",\"name\":\"Nes\u00e1zal Michal &#8212; Kalina Gallery\",\"isPartOf\":{\"@id\":\"https:\/\/www.kalina-gallery.cz\/#website\"},\"primaryImageOfPage\":{\"@id\":\"https:\/\/www.kalina-gallery.cz\/nesazal-michal\/#primaryimage\"},\"image\":{\"@id\":\"https:\/\/www.kalina-gallery.cz\/nesazal-michal\/#primaryimage\"},\"thumbnailUrl\":\"https:\/\/www.kalina-gallery.cz\/wp-content\/uploads\/2021\/09\/Galerie_04.jpg\",\"datePublished\":\"2021-12-07T18:21:42+00:00\",\"dateModified\":\"2022-01-14T11:22:53+00:00\",\"breadcrumb\":{\"@id\":\"https:\/\/www.kalina-gallery.cz\/nesazal-michal\/#breadcrumb\"},\"inLanguage\":\"en-US\",\"potentialAction\":[{\"@type\":\"ReadAction\",\"target\":[\"https:\/\/www.kalina-gallery.cz\/nesazal-michal\/\"]}]},{\"@type\":\"ImageObject\",\"inLanguage\":\"en-US\",\"@id\":\"https:\/\/www.kalina-gallery.cz\/nesazal-michal\/#primaryimage\",\"url\":\"https:\/\/www.kalina-gallery.cz\/wp-content\/uploads\/2021\/09\/Galerie_04.jpg\",\"contentUrl\":\"https:\/\/www.kalina-gallery.cz\/wp-content\/uploads\/2021\/09\/Galerie_04.jpg\"},{\"@type\":\"BreadcrumbList\",\"@id\":\"https:\/\/www.kalina-gallery.cz\/nesazal-michal\/#breadcrumb\",\"itemListElement\":[{\"@type\":\"ListItem\",\"position\":1,\"name\":\"Dom\u016f\",\"item\":\"https:\/\/www.kalina-gallery.cz\/\"},{\"@type\":\"ListItem\",\"position\":2,\"name\":\"Nes\u00e1zal Michal\"}]},{\"@type\":\"WebSite\",\"@id\":\"https:\/\/www.kalina-gallery.cz\/#website\",\"url\":\"https:\/\/www.kalina-gallery.cz\/\",\"name\":\"Kalina Gallery\",\"description\":\"V\u00fdstavn\u00ed s\u00ed\u0148 v centru Brna\",\"publisher\":{\"@id\":\"https:\/\/www.kalina-gallery.cz\/#organization\"},\"potentialAction\":[{\"@type\":\"SearchAction\",\"target\":{\"@type\":\"EntryPoint\",\"urlTemplate\":\"https:\/\/www.kalina-gallery.cz\/?s={search_term_string}\"},\"query-input\":{\"@type\":\"PropertyValueSpecification\",\"valueRequired\":true,\"valueName\":\"search_term_string\"}}],\"inLanguage\":\"en-US\"},{\"@type\":\"Organization\",\"@id\":\"https:\/\/www.kalina-gallery.cz\/#organization\",\"name\":\"Kalina Gallery\",\"url\":\"https:\/\/www.kalina-gallery.cz\/\",\"logo\":{\"@type\":\"ImageObject\",\"inLanguage\":\"en-US\",\"@id\":\"https:\/\/www.kalina-gallery.cz\/#\/schema\/logo\/image\/\",\"url\":\"https:\/\/www.kalina-gallery.cz\/wp-content\/uploads\/2021\/08\/cropped-k.png\",\"contentUrl\":\"https:\/\/www.kalina-gallery.cz\/wp-content\/uploads\/2021\/08\/cropped-k.png\",\"width\":512,\"height\":512,\"caption\":\"Kalina Gallery\"},\"image\":{\"@id\":\"https:\/\/www.kalina-gallery.cz\/#\/schema\/logo\/image\/\"},\"sameAs\":[\"https:\/\/www.facebook.com\/Kalina-Gallery-240711577897794\/\",\"https:\/\/www.instagram.com\/kalinagallery1\/\"]}]}<\/script>\n<!-- \/ Yoast SEO plugin. -->","yoast_head_json":{"title":"Nes\u00e1zal Michal &#8212; Kalina Gallery","robots":{"index":"index","follow":"follow","max-snippet":"max-snippet:-1","max-image-preview":"max-image-preview:large","max-video-preview":"max-video-preview:-1"},"canonical":"https:\/\/www.kalina-gallery.cz\/en\/nesazal-michal\/","og_locale":"en_US","og_type":"article","og_title":"Nes\u00e1zal Michal &#8212; Kalina Gallery","og_description":"Michal Nes\u00e1zal (1963) vystudoval Akademii v\u00fdtvarn\u00fdch um\u011bn\u00ed v\u00a0mal\u00ed\u0159sk\u00e9m ateli\u00e9ru Ji\u0159\u00edho Sopka a je jedn\u00edm z\u00a0prvn\u00edch dr\u017eitel\u016f Ceny Jind\u0159icha Chalupeck\u00e9ho. Ocen\u011bn\u00ed z\u00edskal po po Vladim\u00edru Kokoliovi a Franti\u0161ku Sk\u00e1lovi. Od konce sv\u00fdch studi\u00ed na Avu\u00a0se zab\u00fdval sp\u00ed\u0161e konceptu\u00e1ln\u00edm um\u011bn\u00edm a vytv\u00e1\u0159el p\u016fsobiv\u00e9 prostorov\u00e9 obrazy a objekty z\u00a0r\u016fzn\u00fdch cetek, skl\u00ed\u010dek, kor\u00e1lk\u016f, zrcad\u00e9lek. Jako\u017eto \u010dlen um\u011bleck\u00e9 skupiny Pond\u011bl\u00ed [&hellip;]","og_url":"https:\/\/www.kalina-gallery.cz\/en\/nesazal-michal\/","og_site_name":"Kalina Gallery","article_publisher":"https:\/\/www.facebook.com\/Kalina-Gallery-240711577897794\/","article_modified_time":"2022-01-14T11:22:53+00:00","og_image":[{"url":"https:\/\/www.kalina-gallery.cz\/wp-content\/uploads\/2021\/09\/Galerie_04.jpg","type":"","width":"","height":""}],"twitter_card":"summary_large_image","twitter_misc":{"Est. reading time":"2 minutes"},"schema":{"@context":"https:\/\/schema.org","@graph":[{"@type":"WebPage","@id":"https:\/\/www.kalina-gallery.cz\/nesazal-michal\/","url":"https:\/\/www.kalina-gallery.cz\/nesazal-michal\/","name":"Nes\u00e1zal Michal &#8212; Kalina Gallery","isPartOf":{"@id":"https:\/\/www.kalina-gallery.cz\/#website"},"primaryImageOfPage":{"@id":"https:\/\/www.kalina-gallery.cz\/nesazal-michal\/#primaryimage"},"image":{"@id":"https:\/\/www.kalina-gallery.cz\/nesazal-michal\/#primaryimage"},"thumbnailUrl":"https:\/\/www.kalina-gallery.cz\/wp-content\/uploads\/2021\/09\/Galerie_04.jpg","datePublished":"2021-12-07T18:21:42+00:00","dateModified":"2022-01-14T11:22:53+00:00","breadcrumb":{"@id":"https:\/\/www.kalina-gallery.cz\/nesazal-michal\/#breadcrumb"},"inLanguage":"en-US","potentialAction":[{"@type":"ReadAction","target":["https:\/\/www.kalina-gallery.cz\/nesazal-michal\/"]}]},{"@type":"ImageObject","inLanguage":"en-US","@id":"https:\/\/www.kalina-gallery.cz\/nesazal-michal\/#primaryimage","url":"https:\/\/www.kalina-gallery.cz\/wp-content\/uploads\/2021\/09\/Galerie_04.jpg","contentUrl":"https:\/\/www.kalina-gallery.cz\/wp-content\/uploads\/2021\/09\/Galerie_04.jpg"},{"@type":"BreadcrumbList","@id":"https:\/\/www.kalina-gallery.cz\/nesazal-michal\/#breadcrumb","itemListElement":[{"@type":"ListItem","position":1,"name":"Dom\u016f","item":"https:\/\/www.kalina-gallery.cz\/"},{"@type":"ListItem","position":2,"name":"Nes\u00e1zal Michal"}]},{"@type":"WebSite","@id":"https:\/\/www.kalina-gallery.cz\/#website","url":"https:\/\/www.kalina-gallery.cz\/","name":"Kalina Gallery","description":"V\u00fdstavn\u00ed s\u00ed\u0148 v centru Brna","publisher":{"@id":"https:\/\/www.kalina-gallery.cz\/#organization"},"potentialAction":[{"@type":"SearchAction","target":{"@type":"EntryPoint","urlTemplate":"https:\/\/www.kalina-gallery.cz\/?s={search_term_string}"},"query-input":{"@type":"PropertyValueSpecification","valueRequired":true,"valueName":"search_term_string"}}],"inLanguage":"en-US"},{"@type":"Organization","@id":"https:\/\/www.kalina-gallery.cz\/#organization","name":"Kalina Gallery","url":"https:\/\/www.kalina-gallery.cz\/","logo":{"@type":"ImageObject","inLanguage":"en-US","@id":"https:\/\/www.kalina-gallery.cz\/#\/schema\/logo\/image\/","url":"https:\/\/www.kalina-gallery.cz\/wp-content\/uploads\/2021\/08\/cropped-k.png","contentUrl":"https:\/\/www.kalina-gallery.cz\/wp-content\/uploads\/2021\/08\/cropped-k.png","width":512,"height":512,"caption":"Kalina Gallery"},"image":{"@id":"https:\/\/www.kalina-gallery.cz\/#\/schema\/logo\/image\/"},"sameAs":["https:\/\/www.facebook.com\/Kalina-Gallery-240711577897794\/","https:\/\/www.instagram.com\/kalinagallery1\/"]}]}},"_links":{"self":[{"href":"https:\/\/www.kalina-gallery.cz\/en\/wp-json\/wp\/v2\/pages\/9689","targetHints":{"allow":["GET"]}}],"collection":[{"href":"https:\/\/www.kalina-gallery.cz\/en\/wp-json\/wp\/v2\/pages"}],"about":[{"href":"https:\/\/www.kalina-gallery.cz\/en\/wp-json\/wp\/v2\/types\/page"}],"author":[{"embeddable":true,"href":"https:\/\/www.kalina-gallery.cz\/en\/wp-json\/wp\/v2\/users\/1"}],"replies":[{"embeddable":true,"href":"https:\/\/www.kalina-gallery.cz\/en\/wp-json\/wp\/v2\/comments?post=9689"}],"version-history":[{"count":0,"href":"https:\/\/www.kalina-gallery.cz\/en\/wp-json\/wp\/v2\/pages\/9689\/revisions"}],"wp:attachment":[{"href":"https:\/\/www.kalina-gallery.cz\/en\/wp-json\/wp\/v2\/media?parent=9689"}],"curies":[{"name":"wp","href":"https:\/\/api.w.org\/{rel}","templated":true}]}}