{"id":9694,"date":"2021-12-07T18:23:17","date_gmt":"2021-12-07T18:23:17","guid":{"rendered":"https:\/\/www.kalina-gallery.cz\/?page_id=9694"},"modified":"2022-01-14T13:54:27","modified_gmt":"2022-01-14T13:54:27","slug":"pala-stepan","status":"publish","type":"page","link":"https:\/\/www.kalina-gallery.cz\/en\/pala-stepan\/","title":{"rendered":"Pala \u0160t\u011bp\u00e1n"},"content":{"rendered":"\t\t<div data-elementor-type=\"wp-page\" data-elementor-id=\"9694\" class=\"elementor elementor-9694\" data-elementor-post-type=\"page\">\n\t\t\t\t\t\t<section class=\"elementor-section elementor-top-section elementor-element elementor-element-b972a7d elementor-section-boxed elementor-section-height-default elementor-section-height-default qodef-elementor-content-no qodef-elementor-stretch-row-no qodef-elementor-overlay-no\" data-id=\"b972a7d\" data-element_type=\"section\" data-e-type=\"section\">\n\t\t\t\t\t\t<div class=\"elementor-container elementor-column-gap-default\">\n\t\t\t\t\t<div class=\"elementor-column elementor-col-100 elementor-top-column elementor-element elementor-element-3e702ad\" data-id=\"3e702ad\" data-element_type=\"column\" data-e-type=\"column\">\n\t\t\t<div class=\"elementor-widget-wrap elementor-element-populated\">\n\t\t\t\t\t\t<div class=\"elementor-element elementor-element-770437e elementor-widget elementor-widget-text-editor\" data-id=\"770437e\" data-element_type=\"widget\" data-e-type=\"widget\" data-widget_type=\"text-editor.default\">\n\t\t\t\t<div class=\"elementor-widget-container\">\n\t\t\t\t\t\t\t\t\t<p><strong>\u0160t\u011bp\u00e1n Pala<\/strong> (1944) je v\u00fdznamn\u00fd skl\u00e1\u0159sk\u00fd v\u00fdtvarn\u00edk. Studoval na \u0160kole skl\u00e1\u0159sk\u00e9ho designu ve Zl\u00edn\u011b, pot\u00e9 obor Sklo v architektu\u0159e na Vysok\u00e9 \u0161kole v\u00fdtvarn\u00fdch um\u011bn\u00ed v\u00a0Bratislav\u011b, kde byl \u017e\u00e1kem V\u00e1clava Ciglera.<\/p><p>Pala se ji\u017e od sv\u00fdch studi\u00ed r\u00e1d uchyluje ke geometrii s vyu\u017eit\u00edm matematick\u00fdch princip\u016f, matematiku d\u016fsledn\u011b uplat\u0148uje v ka\u017ed\u00e9m odv\u011btv\u00ed sv\u00e9 tvorby Kontext jeho tvorby vych\u00e1z\u00ed z\u00a0vn\u00edm\u00e1n\u00ed a interpretace sv\u011bta, jako\u017eto pr\u00e1v\u011b geometricky postihnuteln\u00e9 entity. Prost\u0159ednictv\u00edm geometrie a skrze dokonale zvl\u00e1dnut\u00e9 v\u00fdtvarn\u00e9 postupy a prost\u0159edky ztv\u00e1r\u0148uje fyzik\u00e1ln\u00ed mo\u017enosti z\u00e1konitosti prostoru, a to v\u00a0jeho nejr\u016fzn\u011bj\u0161\u00edch kvalit\u00e1ch. Vedle skla samotn\u00e9ho se zab\u00fdv\u00e1 prostorov\u00fdmi konstrukcemi, po\u010d\u00edta\u010dov\u00e9 grafice a kresb\u011b.<\/p><p>Lze bez nads\u00e1zky \u0159\u00edci, \u017ee spolu se Zorou Palovou ur\u010duj\u00ed nejprogresivn\u011bj\u0161\u00ed trendy v\u00a0oblasti skl\u00e1\u0159sk\u00e9ho v\u00fdtvarnictv\u00ed nejen u n\u00e1s, ale i v\u00a0Evrop\u011b a ve sv\u011bt\u011b.<\/p>\t\t\t\t\t\t\t\t<\/div>\n\t\t\t\t<\/div>\n\t\t\t\t\t<\/div>\n\t\t<\/div>\n\t\t\t\t\t<\/div>\n\t\t<\/section>\n\t\t\t\t<section class=\"elementor-section elementor-top-section elementor-element elementor-element-1688d05 elementor-section-boxed elementor-section-height-default elementor-section-height-default qodef-elementor-content-no qodef-elementor-stretch-row-no qodef-elementor-overlay-no\" data-id=\"1688d05\" data-element_type=\"section\" data-e-type=\"section\">\n\t\t\t\t\t\t<div class=\"elementor-container elementor-column-gap-default\">\n\t\t\t\t\t<div class=\"elementor-column elementor-col-100 elementor-top-column elementor-element elementor-element-14c9ff2\" data-id=\"14c9ff2\" data-element_type=\"column\" data-e-type=\"column\">\n\t\t\t<div class=\"elementor-widget-wrap elementor-element-populated\">\n\t\t\t\t\t\t<div class=\"elementor-element elementor-element-5060ce0 elementor-widget-divider--view-line elementor-widget elementor-widget-divider\" data-id=\"5060ce0\" data-element_type=\"widget\" data-e-type=\"widget\" data-widget_type=\"divider.default\">\n\t\t\t\t<div class=\"elementor-widget-container\">\n\t\t\t\t\t\t\t<div class=\"elementor-divider\">\n\t\t\t<span class=\"elementor-divider-separator\">\n\t\t\t\t\t\t<\/span>\n\t\t<\/div>\n\t\t\t\t\t\t<\/div>\n\t\t\t\t<\/div>\n\t\t\t\t<div class=\"elementor-element elementor-element-acc1015 elementor-widget elementor-widget-zermatt_core_portfolio_list\" data-id=\"acc1015\" data-element_type=\"widget\" data-e-type=\"widget\" data-widget_type=\"zermatt_core_portfolio_list.default\">\n\t\t\t\t<div class=\"elementor-widget-container\">\n\t\t\t\t\t<div class=\"qodef-shortcode qodef-m  qodef-portfolio-list   qodef-item-layout--info-below   qodef-grid qodef-layout--columns  qodef-gutter--normal qodef-col-num--3 qodef-item-layout--info-below qodef--no-bottom-space qodef-pagination--off qodef-responsive--predefined qodef-hover-animation--view_cursor\" data-options=\"{&quot;plugin&quot;:&quot;zermatt_core&quot;,&quot;module&quot;:&quot;post-types\\\/portfolio\\\/shortcodes&quot;,&quot;shortcode&quot;:&quot;portfolio-list&quot;,&quot;post_type&quot;:&quot;portfolio-item&quot;,&quot;next_page&quot;:&quot;2&quot;,&quot;max_pages_num&quot;:0,&quot;light_skin&quot;:&quot;no&quot;,&quot;behavior&quot;:&quot;columns&quot;,&quot;images_proportion&quot;:&quot;full&quot;,&quot;columns&quot;:&quot;3&quot;,&quot;columns_responsive&quot;:&quot;predefined&quot;,&quot;space&quot;:&quot;normal&quot;,&quot;posts_per_page&quot;:&quot;-1&quot;,&quot;orderby&quot;:&quot;date&quot;,&quot;order&quot;:&quot;DESC&quot;,&quot;additional_params&quot;:&quot;tax&quot;,&quot;tax&quot;:&quot;portfolio-tag&quot;,&quot;tax_slug&quot;:&quot;stepan-pala&quot;,&quot;layout&quot;:&quot;info-below&quot;,&quot;hover_animation_info-below&quot;:&quot;view_cursor&quot;,&quot;title_tag&quot;:&quot;h5&quot;,&quot;custom_padding&quot;:&quot;no&quot;,&quot;pagination_type&quot;:&quot;no-pagination&quot;,&quot;object_class_name&quot;:&quot;ZermattCorePortfolioListShortcode&quot;,&quot;taxonomy_filter&quot;:&quot;portfolio-category&quot;,&quot;additional_query_args&quot;:{&quot;tax_query&quot;:[{&quot;taxonomy&quot;:&quot;portfolio-tag&quot;,&quot;field&quot;:&quot;slug&quot;,&quot;terms&quot;:&quot;stepan-pala&quot;}]},&quot;space_value&quot;:15}\">\n\t\t<div class=\"qodef-grid-inner clear\">\n\t\t<article class=\"qodef-e qodef-grid-item qodef-item--full post-8334 portfolio-item type-portfolio-item status-publish has-post-thumbnail hentry portfolio-category-dilo portfolio-tag-stepan-pala\">\n\t<div class=\"qodef-e-inner\" >\n\t\t<div class=\"qodef-e-image\">\n\t\t\t\t\t<div class=\"qodef-e-media-image\">\n\t\t\t<a itemprop=\"url\" href=\"https:\/\/www.kalina-gallery.cz\/en\/dilo\/pala-stepan-homage-to-magalanche\/\"\n\t\t\t\t\t\t\t>\n\t\t\t\t<img fetchpriority=\"high\" decoding=\"async\" width=\"595\" height=\"776\" src=\"https:\/\/www.kalina-gallery.cz\/wp-content\/uploads\/2021\/09\/Stepan-PalaHOMAGE-TO-MAGALANCHE2019castcutglued-blue-and-optical-glass-1.jpg\" class=\"attachment-full size-full wp-post-image\" alt=\"\" srcset=\"https:\/\/www.kalina-gallery.cz\/wp-content\/uploads\/2021\/09\/Stepan-PalaHOMAGE-TO-MAGALANCHE2019castcutglued-blue-and-optical-glass-1.jpg 595w, https:\/\/www.kalina-gallery.cz\/wp-content\/uploads\/2021\/09\/Stepan-PalaHOMAGE-TO-MAGALANCHE2019castcutglued-blue-and-optical-glass-1-230x300.jpg 230w, https:\/\/www.kalina-gallery.cz\/wp-content\/uploads\/2021\/09\/Stepan-PalaHOMAGE-TO-MAGALANCHE2019castcutglued-blue-and-optical-glass-1-9x12.jpg 9w\" sizes=\"(max-width: 595px) 100vw, 595px\" \/>\t\t\t<\/a>\n\t\t<\/div>\n\t\t\t<\/div>\n\t\t<div class=\"qodef-e-content\" >\n\t\t\t<h5 itemprop=\"name\" class=\"qodef-e-title entry-title\" >\n\t<a itemprop=\"url\" class=\"qodef-e-title-link\" href=\"https:\/\/www.kalina-gallery.cz\/en\/dilo\/pala-stepan-homage-to-magalanche\/\">\n\t\tHomage to\u00a0Magalanche\t<\/a>\n<\/h5>\t\t\t<div class=\"qodef-e-info-category\">\n\t\t\t<a itemprop=\"url\" class=\"qodef-e-category\" href=\"https:\/\/www.kalina-gallery.cz\/en\/portfolio-category\/dilo\/\">\n\t\t\tD\u00edlo\t\t<\/a>\n\t<\/div>\n\t\t\t\t\t<\/div>\n\t<\/div>\n<\/article><article class=\"qodef-e qodef-grid-item qodef-item--full post-8322 portfolio-item type-portfolio-item status-publish has-post-thumbnail hentry portfolio-category-dilo portfolio-tag-stepan-pala\">\n\t<div class=\"qodef-e-inner\" >\n\t\t<div class=\"qodef-e-image\">\n\t\t\t\t\t<div class=\"qodef-e-media-image\">\n\t\t\t<a itemprop=\"url\" href=\"https:\/\/www.kalina-gallery.cz\/en\/dilo\/pala-stepan-flat-infinity\/\"\n\t\t\t\t\t\t\t>\n\t\t\t\t<img decoding=\"async\" width=\"751\" height=\"886\" data-src=\"https:\/\/www.kalina-gallery.cz\/wp-content\/uploads\/2021\/09\/Stepan-PalaFLAT-INFINITY2014castcut-gray-blue-glass40x48x16cm-1.jpg\" class=\"attachment-full size-full wp-post-image lazyload\" alt=\"\" data-srcset=\"https:\/\/www.kalina-gallery.cz\/wp-content\/uploads\/2021\/09\/Stepan-PalaFLAT-INFINITY2014castcut-gray-blue-glass40x48x16cm-1.jpg 751w, https:\/\/www.kalina-gallery.cz\/wp-content\/uploads\/2021\/09\/Stepan-PalaFLAT-INFINITY2014castcut-gray-blue-glass40x48x16cm-1-254x300.jpg 254w, https:\/\/www.kalina-gallery.cz\/wp-content\/uploads\/2021\/09\/Stepan-PalaFLAT-INFINITY2014castcut-gray-blue-glass40x48x16cm-1-10x12.jpg 10w\" data-sizes=\"(max-width: 751px) 100vw, 751px\" src=\"data:image\/svg+xml;base64,PHN2ZyB3aWR0aD0iMSIgaGVpZ2h0PSIxIiB4bWxucz0iaHR0cDovL3d3dy53My5vcmcvMjAwMC9zdmciPjwvc3ZnPg==\" style=\"--smush-placeholder-width: 751px; --smush-placeholder-aspect-ratio: 751\/886;\" \/>\t\t\t<\/a>\n\t\t<\/div>\n\t\t\t<\/div>\n\t\t<div class=\"qodef-e-content\" >\n\t\t\t<h5 itemprop=\"name\" class=\"qodef-e-title entry-title\" >\n\t<a itemprop=\"url\" class=\"qodef-e-title-link\" href=\"https:\/\/www.kalina-gallery.cz\/en\/dilo\/pala-stepan-flat-infinity\/\">\n\t\tFlat Infinity\t<\/a>\n<\/h5>\t\t\t<div class=\"qodef-e-info-category\">\n\t\t\t<a itemprop=\"url\" class=\"qodef-e-category\" href=\"https:\/\/www.kalina-gallery.cz\/en\/portfolio-category\/dilo\/\">\n\t\t\tD\u00edlo\t\t<\/a>\n\t<\/div>\n\t\t\t\t\t<\/div>\n\t<\/div>\n<\/article><article class=\"qodef-e qodef-grid-item qodef-item--full post-8290 portfolio-item type-portfolio-item status-publish has-post-thumbnail hentry portfolio-category-dilo portfolio-tag-stepan-pala\">\n\t<div class=\"qodef-e-inner\" >\n\t\t<div class=\"qodef-e-image\">\n\t\t\t\t\t<div class=\"qodef-e-media-image\">\n\t\t\t<a itemprop=\"url\" href=\"https:\/\/www.kalina-gallery.cz\/en\/dilo\/pala-stepan-crystal-space\/\"\n\t\t\t\t\t\t\t>\n\t\t\t\t<img decoding=\"async\" width=\"585\" height=\"1000\" data-src=\"https:\/\/www.kalina-gallery.cz\/wp-content\/uploads\/2021\/09\/Stepan-PalaCrystal-Space2019mould-meltedcut-crystal-glass145x25x21.jpg\" class=\"attachment-full size-full wp-post-image lazyload\" alt=\"\" data-srcset=\"https:\/\/www.kalina-gallery.cz\/wp-content\/uploads\/2021\/09\/Stepan-PalaCrystal-Space2019mould-meltedcut-crystal-glass145x25x21.jpg 585w, https:\/\/www.kalina-gallery.cz\/wp-content\/uploads\/2021\/09\/Stepan-PalaCrystal-Space2019mould-meltedcut-crystal-glass145x25x21-176x300.jpg 176w, https:\/\/www.kalina-gallery.cz\/wp-content\/uploads\/2021\/09\/Stepan-PalaCrystal-Space2019mould-meltedcut-crystal-glass145x25x21-7x12.jpg 7w\" data-sizes=\"(max-width: 585px) 100vw, 585px\" src=\"data:image\/svg+xml;base64,PHN2ZyB3aWR0aD0iMSIgaGVpZ2h0PSIxIiB4bWxucz0iaHR0cDovL3d3dy53My5vcmcvMjAwMC9zdmciPjwvc3ZnPg==\" style=\"--smush-placeholder-width: 585px; --smush-placeholder-aspect-ratio: 585\/1000;\" \/>\t\t\t<\/a>\n\t\t<\/div>\n\t\t\t<\/div>\n\t\t<div class=\"qodef-e-content\" >\n\t\t\t<h5 itemprop=\"name\" class=\"qodef-e-title entry-title\" >\n\t<a itemprop=\"url\" class=\"qodef-e-title-link\" href=\"https:\/\/www.kalina-gallery.cz\/en\/dilo\/pala-stepan-crystal-space\/\">\n\t\tCrystal space\t<\/a>\n<\/h5>\t\t\t<div class=\"qodef-e-info-category\">\n\t\t\t<a itemprop=\"url\" class=\"qodef-e-category\" href=\"https:\/\/www.kalina-gallery.cz\/en\/portfolio-category\/dilo\/\">\n\t\t\tD\u00edlo\t\t<\/a>\n\t<\/div>\n\t\t\t\t\t<\/div>\n\t<\/div>\n<\/article>\t<\/div>\n\t<\/div>\t\t\t\t<\/div>\n\t\t\t\t<\/div>\n\t\t\t\t\t<\/div>\n\t\t<\/div>\n\t\t\t\t\t<\/div>\n\t\t<\/section>\n\t\t\t\t<\/div>\n\t\t","protected":false},"excerpt":{"rendered":"<p>\u0160t\u011bp\u00e1n Pala (1944) je v\u00fdznamn\u00fd skl\u00e1\u0159sk\u00fd v\u00fdtvarn\u00edk. Studoval na \u0160kole skl\u00e1\u0159sk\u00e9ho designu ve Zl\u00edn\u011b, pot\u00e9 obor Sklo v architektu\u0159e na Vysok\u00e9 \u0161kole v\u00fdtvarn\u00fdch um\u011bn\u00ed v\u00a0Bratislav\u011b, kde byl \u017e\u00e1kem V\u00e1clava Ciglera. Pala se ji\u017e od sv\u00fdch studi\u00ed r\u00e1d uchyluje ke geometrii s vyu\u017eit\u00edm matematick\u00fdch princip\u016f, matematiku d\u016fsledn\u011b uplat\u0148uje v ka\u017ed\u00e9m odv\u011btv\u00ed sv\u00e9 tvorby Kontext jeho tvorby [&hellip;]<\/p>\n","protected":false},"author":1,"featured_media":0,"parent":0,"menu_order":0,"comment_status":"closed","ping_status":"closed","template":"","meta":{"inline_featured_image":false,"iawp_total_views":132,"footnotes":""},"class_list":["post-9694","page","type-page","status-publish","hentry"],"yoast_head":"<!-- This site is optimized with the Yoast SEO plugin v27.2 - https:\/\/yoast.com\/product\/yoast-seo-wordpress\/ -->\n<title>Pala \u0160t\u011bp\u00e1n &#8212; Kalina Gallery<\/title>\n<meta name=\"robots\" content=\"index, follow, max-snippet:-1, max-image-preview:large, max-video-preview:-1\" \/>\n<link rel=\"canonical\" href=\"https:\/\/www.kalina-gallery.cz\/en\/pala-stepan\/\" \/>\n<meta property=\"og:locale\" content=\"en_US\" \/>\n<meta property=\"og:type\" content=\"article\" \/>\n<meta property=\"og:title\" content=\"Pala \u0160t\u011bp\u00e1n &#8212; Kalina Gallery\" \/>\n<meta property=\"og:description\" content=\"\u0160t\u011bp\u00e1n Pala (1944) je v\u00fdznamn\u00fd skl\u00e1\u0159sk\u00fd v\u00fdtvarn\u00edk. Studoval na \u0160kole skl\u00e1\u0159sk\u00e9ho designu ve Zl\u00edn\u011b, pot\u00e9 obor Sklo v architektu\u0159e na Vysok\u00e9 \u0161kole v\u00fdtvarn\u00fdch um\u011bn\u00ed v\u00a0Bratislav\u011b, kde byl \u017e\u00e1kem V\u00e1clava Ciglera. Pala se ji\u017e od sv\u00fdch studi\u00ed r\u00e1d uchyluje ke geometrii s vyu\u017eit\u00edm matematick\u00fdch princip\u016f, matematiku d\u016fsledn\u011b uplat\u0148uje v ka\u017ed\u00e9m odv\u011btv\u00ed sv\u00e9 tvorby Kontext jeho tvorby [&hellip;]\" \/>\n<meta property=\"og:url\" content=\"https:\/\/www.kalina-gallery.cz\/en\/pala-stepan\/\" \/>\n<meta property=\"og:site_name\" content=\"Kalina Gallery\" \/>\n<meta property=\"article:publisher\" content=\"https:\/\/www.facebook.com\/Kalina-Gallery-240711577897794\/\" \/>\n<meta property=\"article:modified_time\" content=\"2022-01-14T13:54:27+00:00\" \/>\n<meta property=\"og:image\" content=\"https:\/\/www.kalina-gallery.cz\/wp-content\/uploads\/2021\/09\/Stepan-PalaHOMAGE-TO-MAGALANCHE2019castcutglued-blue-and-optical-glass-1.jpg\" \/>\n<meta name=\"twitter:card\" content=\"summary_large_image\" \/>\n<meta name=\"twitter:label1\" content=\"Est. reading time\" \/>\n\t<meta name=\"twitter:data1\" content=\"2 minutes\" \/>\n<script type=\"application\/ld+json\" class=\"yoast-schema-graph\">{\"@context\":\"https:\/\/schema.org\",\"@graph\":[{\"@type\":\"WebPage\",\"@id\":\"https:\/\/www.kalina-gallery.cz\/pala-stepan\/\",\"url\":\"https:\/\/www.kalina-gallery.cz\/pala-stepan\/\",\"name\":\"Pala \u0160t\u011bp\u00e1n &#8212; Kalina Gallery\",\"isPartOf\":{\"@id\":\"https:\/\/www.kalina-gallery.cz\/#website\"},\"primaryImageOfPage\":{\"@id\":\"https:\/\/www.kalina-gallery.cz\/pala-stepan\/#primaryimage\"},\"image\":{\"@id\":\"https:\/\/www.kalina-gallery.cz\/pala-stepan\/#primaryimage\"},\"thumbnailUrl\":\"https:\/\/www.kalina-gallery.cz\/wp-content\/uploads\/2021\/09\/Stepan-PalaHOMAGE-TO-MAGALANCHE2019castcutglued-blue-and-optical-glass-1.jpg\",\"datePublished\":\"2021-12-07T18:23:17+00:00\",\"dateModified\":\"2022-01-14T13:54:27+00:00\",\"breadcrumb\":{\"@id\":\"https:\/\/www.kalina-gallery.cz\/pala-stepan\/#breadcrumb\"},\"inLanguage\":\"en-US\",\"potentialAction\":[{\"@type\":\"ReadAction\",\"target\":[\"https:\/\/www.kalina-gallery.cz\/pala-stepan\/\"]}]},{\"@type\":\"ImageObject\",\"inLanguage\":\"en-US\",\"@id\":\"https:\/\/www.kalina-gallery.cz\/pala-stepan\/#primaryimage\",\"url\":\"https:\/\/www.kalina-gallery.cz\/wp-content\/uploads\/2021\/09\/Stepan-PalaHOMAGE-TO-MAGALANCHE2019castcutglued-blue-and-optical-glass-1.jpg\",\"contentUrl\":\"https:\/\/www.kalina-gallery.cz\/wp-content\/uploads\/2021\/09\/Stepan-PalaHOMAGE-TO-MAGALANCHE2019castcutglued-blue-and-optical-glass-1.jpg\"},{\"@type\":\"BreadcrumbList\",\"@id\":\"https:\/\/www.kalina-gallery.cz\/pala-stepan\/#breadcrumb\",\"itemListElement\":[{\"@type\":\"ListItem\",\"position\":1,\"name\":\"Dom\u016f\",\"item\":\"https:\/\/www.kalina-gallery.cz\/\"},{\"@type\":\"ListItem\",\"position\":2,\"name\":\"Pala \u0160t\u011bp\u00e1n\"}]},{\"@type\":\"WebSite\",\"@id\":\"https:\/\/www.kalina-gallery.cz\/#website\",\"url\":\"https:\/\/www.kalina-gallery.cz\/\",\"name\":\"Kalina Gallery\",\"description\":\"V\u00fdstavn\u00ed s\u00ed\u0148 v centru Brna\",\"publisher\":{\"@id\":\"https:\/\/www.kalina-gallery.cz\/#organization\"},\"potentialAction\":[{\"@type\":\"SearchAction\",\"target\":{\"@type\":\"EntryPoint\",\"urlTemplate\":\"https:\/\/www.kalina-gallery.cz\/?s={search_term_string}\"},\"query-input\":{\"@type\":\"PropertyValueSpecification\",\"valueRequired\":true,\"valueName\":\"search_term_string\"}}],\"inLanguage\":\"en-US\"},{\"@type\":\"Organization\",\"@id\":\"https:\/\/www.kalina-gallery.cz\/#organization\",\"name\":\"Kalina Gallery\",\"url\":\"https:\/\/www.kalina-gallery.cz\/\",\"logo\":{\"@type\":\"ImageObject\",\"inLanguage\":\"en-US\",\"@id\":\"https:\/\/www.kalina-gallery.cz\/#\/schema\/logo\/image\/\",\"url\":\"https:\/\/www.kalina-gallery.cz\/wp-content\/uploads\/2021\/08\/cropped-k.png\",\"contentUrl\":\"https:\/\/www.kalina-gallery.cz\/wp-content\/uploads\/2021\/08\/cropped-k.png\",\"width\":512,\"height\":512,\"caption\":\"Kalina Gallery\"},\"image\":{\"@id\":\"https:\/\/www.kalina-gallery.cz\/#\/schema\/logo\/image\/\"},\"sameAs\":[\"https:\/\/www.facebook.com\/Kalina-Gallery-240711577897794\/\",\"https:\/\/www.instagram.com\/kalinagallery1\/\"]}]}<\/script>\n<!-- \/ Yoast SEO plugin. -->","yoast_head_json":{"title":"Pala \u0160t\u011bp\u00e1n &#8212; Kalina Gallery","robots":{"index":"index","follow":"follow","max-snippet":"max-snippet:-1","max-image-preview":"max-image-preview:large","max-video-preview":"max-video-preview:-1"},"canonical":"https:\/\/www.kalina-gallery.cz\/en\/pala-stepan\/","og_locale":"en_US","og_type":"article","og_title":"Pala \u0160t\u011bp\u00e1n &#8212; Kalina Gallery","og_description":"\u0160t\u011bp\u00e1n Pala (1944) je v\u00fdznamn\u00fd skl\u00e1\u0159sk\u00fd v\u00fdtvarn\u00edk. Studoval na \u0160kole skl\u00e1\u0159sk\u00e9ho designu ve Zl\u00edn\u011b, pot\u00e9 obor Sklo v architektu\u0159e na Vysok\u00e9 \u0161kole v\u00fdtvarn\u00fdch um\u011bn\u00ed v\u00a0Bratislav\u011b, kde byl \u017e\u00e1kem V\u00e1clava Ciglera. Pala se ji\u017e od sv\u00fdch studi\u00ed r\u00e1d uchyluje ke geometrii s vyu\u017eit\u00edm matematick\u00fdch princip\u016f, matematiku d\u016fsledn\u011b uplat\u0148uje v ka\u017ed\u00e9m odv\u011btv\u00ed sv\u00e9 tvorby Kontext jeho tvorby [&hellip;]","og_url":"https:\/\/www.kalina-gallery.cz\/en\/pala-stepan\/","og_site_name":"Kalina Gallery","article_publisher":"https:\/\/www.facebook.com\/Kalina-Gallery-240711577897794\/","article_modified_time":"2022-01-14T13:54:27+00:00","og_image":[{"url":"https:\/\/www.kalina-gallery.cz\/wp-content\/uploads\/2021\/09\/Stepan-PalaHOMAGE-TO-MAGALANCHE2019castcutglued-blue-and-optical-glass-1.jpg","type":"","width":"","height":""}],"twitter_card":"summary_large_image","twitter_misc":{"Est. reading time":"2 minutes"},"schema":{"@context":"https:\/\/schema.org","@graph":[{"@type":"WebPage","@id":"https:\/\/www.kalina-gallery.cz\/pala-stepan\/","url":"https:\/\/www.kalina-gallery.cz\/pala-stepan\/","name":"Pala \u0160t\u011bp\u00e1n &#8212; Kalina Gallery","isPartOf":{"@id":"https:\/\/www.kalina-gallery.cz\/#website"},"primaryImageOfPage":{"@id":"https:\/\/www.kalina-gallery.cz\/pala-stepan\/#primaryimage"},"image":{"@id":"https:\/\/www.kalina-gallery.cz\/pala-stepan\/#primaryimage"},"thumbnailUrl":"https:\/\/www.kalina-gallery.cz\/wp-content\/uploads\/2021\/09\/Stepan-PalaHOMAGE-TO-MAGALANCHE2019castcutglued-blue-and-optical-glass-1.jpg","datePublished":"2021-12-07T18:23:17+00:00","dateModified":"2022-01-14T13:54:27+00:00","breadcrumb":{"@id":"https:\/\/www.kalina-gallery.cz\/pala-stepan\/#breadcrumb"},"inLanguage":"en-US","potentialAction":[{"@type":"ReadAction","target":["https:\/\/www.kalina-gallery.cz\/pala-stepan\/"]}]},{"@type":"ImageObject","inLanguage":"en-US","@id":"https:\/\/www.kalina-gallery.cz\/pala-stepan\/#primaryimage","url":"https:\/\/www.kalina-gallery.cz\/wp-content\/uploads\/2021\/09\/Stepan-PalaHOMAGE-TO-MAGALANCHE2019castcutglued-blue-and-optical-glass-1.jpg","contentUrl":"https:\/\/www.kalina-gallery.cz\/wp-content\/uploads\/2021\/09\/Stepan-PalaHOMAGE-TO-MAGALANCHE2019castcutglued-blue-and-optical-glass-1.jpg"},{"@type":"BreadcrumbList","@id":"https:\/\/www.kalina-gallery.cz\/pala-stepan\/#breadcrumb","itemListElement":[{"@type":"ListItem","position":1,"name":"Dom\u016f","item":"https:\/\/www.kalina-gallery.cz\/"},{"@type":"ListItem","position":2,"name":"Pala \u0160t\u011bp\u00e1n"}]},{"@type":"WebSite","@id":"https:\/\/www.kalina-gallery.cz\/#website","url":"https:\/\/www.kalina-gallery.cz\/","name":"Kalina Gallery","description":"V\u00fdstavn\u00ed s\u00ed\u0148 v centru Brna","publisher":{"@id":"https:\/\/www.kalina-gallery.cz\/#organization"},"potentialAction":[{"@type":"SearchAction","target":{"@type":"EntryPoint","urlTemplate":"https:\/\/www.kalina-gallery.cz\/?s={search_term_string}"},"query-input":{"@type":"PropertyValueSpecification","valueRequired":true,"valueName":"search_term_string"}}],"inLanguage":"en-US"},{"@type":"Organization","@id":"https:\/\/www.kalina-gallery.cz\/#organization","name":"Kalina Gallery","url":"https:\/\/www.kalina-gallery.cz\/","logo":{"@type":"ImageObject","inLanguage":"en-US","@id":"https:\/\/www.kalina-gallery.cz\/#\/schema\/logo\/image\/","url":"https:\/\/www.kalina-gallery.cz\/wp-content\/uploads\/2021\/08\/cropped-k.png","contentUrl":"https:\/\/www.kalina-gallery.cz\/wp-content\/uploads\/2021\/08\/cropped-k.png","width":512,"height":512,"caption":"Kalina Gallery"},"image":{"@id":"https:\/\/www.kalina-gallery.cz\/#\/schema\/logo\/image\/"},"sameAs":["https:\/\/www.facebook.com\/Kalina-Gallery-240711577897794\/","https:\/\/www.instagram.com\/kalinagallery1\/"]}]}},"_links":{"self":[{"href":"https:\/\/www.kalina-gallery.cz\/en\/wp-json\/wp\/v2\/pages\/9694","targetHints":{"allow":["GET"]}}],"collection":[{"href":"https:\/\/www.kalina-gallery.cz\/en\/wp-json\/wp\/v2\/pages"}],"about":[{"href":"https:\/\/www.kalina-gallery.cz\/en\/wp-json\/wp\/v2\/types\/page"}],"author":[{"embeddable":true,"href":"https:\/\/www.kalina-gallery.cz\/en\/wp-json\/wp\/v2\/users\/1"}],"replies":[{"embeddable":true,"href":"https:\/\/www.kalina-gallery.cz\/en\/wp-json\/wp\/v2\/comments?post=9694"}],"version-history":[{"count":0,"href":"https:\/\/www.kalina-gallery.cz\/en\/wp-json\/wp\/v2\/pages\/9694\/revisions"}],"wp:attachment":[{"href":"https:\/\/www.kalina-gallery.cz\/en\/wp-json\/wp\/v2\/media?parent=9694"}],"curies":[{"name":"wp","href":"https:\/\/api.w.org\/{rel}","templated":true}]}}