{"id":9700,"date":"2021-12-07T18:29:02","date_gmt":"2021-12-07T18:29:02","guid":{"rendered":"https:\/\/www.kalina-gallery.cz\/?page_id=9700"},"modified":"2022-01-19T13:13:12","modified_gmt":"2022-01-19T13:13:12","slug":"rossi-tomas","status":"publish","type":"page","link":"https:\/\/www.kalina-gallery.cz\/en\/rossi-tomas\/","title":{"rendered":"Ross\u00ed Tom\u00e1\u0161"},"content":{"rendered":"\t\t<div data-elementor-type=\"wp-page\" data-elementor-id=\"9700\" class=\"elementor elementor-9700\" data-elementor-post-type=\"page\">\n\t\t\t\t\t\t<section class=\"elementor-section elementor-top-section elementor-element elementor-element-3476388 elementor-section-boxed elementor-section-height-default elementor-section-height-default qodef-elementor-content-no qodef-elementor-stretch-row-no qodef-elementor-overlay-no\" data-id=\"3476388\" data-element_type=\"section\" data-e-type=\"section\">\n\t\t\t\t\t\t<div class=\"elementor-container elementor-column-gap-default\">\n\t\t\t\t\t<div class=\"elementor-column elementor-col-100 elementor-top-column elementor-element elementor-element-fb64a9e\" data-id=\"fb64a9e\" data-element_type=\"column\" data-e-type=\"column\">\n\t\t\t<div class=\"elementor-widget-wrap elementor-element-populated\">\n\t\t\t\t\t\t<div class=\"elementor-element elementor-element-af0430c elementor-widget elementor-widget-text-editor\" data-id=\"af0430c\" data-element_type=\"widget\" data-e-type=\"widget\" data-widget_type=\"text-editor.default\">\n\t\t\t\t<div class=\"elementor-widget-container\">\n\t\t\t\t\t\t\t\t\t<p><strong>Tom\u00e1\u0161 Ross\u00ed<\/strong> (1955) vystudoval malbu u profesor\u016f Karla Sou\u010dka a Radom\u00edra Kol\u00e1\u0159e na Akademii v\u00fdtvarn\u00e9ho um\u011bn\u00ed v&nbsp;Praze. Studijn\u011b pob\u00fdval tak\u00e9 na Academia di Belle arti v&nbsp;Perugii v&nbsp;It\u00e1lii.<\/p>\n<p>Na po\u010d\u00e1tku 80. let byl jedn\u00edm z&nbsp;v\u00fdrazn\u00fdch p\u0159edstavitel\u016f nov\u00e9 expresivn\u00ed malby. Ta m\u011bla jedine\u010dn\u00e9 p\u0159edpoklady v autorov\u011b eruptivn\u00edm mal\u00ed\u0159sk\u00e9m temperamentu. Ross\u00ed pracuje technikou akrylu v&nbsp;rozm\u011brn\u00fdch form\u00e1tech s&nbsp;v\u00fdraznou barevnost\u00ed. V&nbsp;90. letech sv\u016fj v\u00fdtvarn\u00fd styl zjem\u0148uje, koncentruje kompozici, soust\u0159ed\u00ed se na v\u00fdtvarn\u00e9 kvality obrazu a uvol\u0148uje sv\u016fj osobit\u00fd ironick\u00fd humor v postav\u00e1ch neforemn\u00fdch hlavono\u017ec\u016f nebo podivn\u00fdch p\u0159\u00ed\u0161er. Sv\u00e9 velk\u00e9 t\u00e9ma nach\u00e1z\u00ed v rozs\u00e1hl\u00e9m cyklu Hlav.<\/p>\n<p>D\u00edlo Tom\u00e1\u0161e Ross\u00edho je zastoupeno v&nbsp;\u0159ad\u011b sb\u00edrek a vystavuje se na \u010desk\u00fdch i zahrani\u010dn\u00edch v\u00fdstav\u00e1ch.<\/p>\t\t\t\t\t\t\t\t<\/div>\n\t\t\t\t<\/div>\n\t\t\t\t\t<\/div>\n\t\t<\/div>\n\t\t\t\t\t<\/div>\n\t\t<\/section>\n\t\t\t\t<section class=\"elementor-section elementor-top-section elementor-element elementor-element-1688d05 elementor-section-boxed elementor-section-height-default elementor-section-height-default qodef-elementor-content-no qodef-elementor-stretch-row-no qodef-elementor-overlay-no\" data-id=\"1688d05\" data-element_type=\"section\" data-e-type=\"section\">\n\t\t\t\t\t\t<div class=\"elementor-container elementor-column-gap-default\">\n\t\t\t\t\t<div class=\"elementor-column elementor-col-100 elementor-top-column elementor-element elementor-element-14c9ff2\" data-id=\"14c9ff2\" data-element_type=\"column\" data-e-type=\"column\">\n\t\t\t<div class=\"elementor-widget-wrap elementor-element-populated\">\n\t\t\t\t\t\t<div class=\"elementor-element elementor-element-5060ce0 elementor-widget-divider--view-line elementor-widget elementor-widget-divider\" data-id=\"5060ce0\" data-element_type=\"widget\" data-e-type=\"widget\" data-widget_type=\"divider.default\">\n\t\t\t\t<div class=\"elementor-widget-container\">\n\t\t\t\t\t\t\t<div class=\"elementor-divider\">\n\t\t\t<span class=\"elementor-divider-separator\">\n\t\t\t\t\t\t<\/span>\n\t\t<\/div>\n\t\t\t\t\t\t<\/div>\n\t\t\t\t<\/div>\n\t\t\t\t<div class=\"elementor-element elementor-element-acc1015 elementor-widget elementor-widget-zermatt_core_portfolio_list\" data-id=\"acc1015\" data-element_type=\"widget\" data-e-type=\"widget\" data-widget_type=\"zermatt_core_portfolio_list.default\">\n\t\t\t\t<div class=\"elementor-widget-container\">\n\t\t\t\t\t<div class=\"qodef-shortcode qodef-m  qodef-portfolio-list   qodef-item-layout--info-below   qodef-grid qodef-layout--columns  qodef-gutter--normal qodef-col-num--3 qodef-item-layout--info-below qodef--no-bottom-space qodef-pagination--off qodef-responsive--predefined qodef-hover-animation--view_cursor\" data-options=\"{&quot;plugin&quot;:&quot;zermatt_core&quot;,&quot;module&quot;:&quot;post-types\\\/portfolio\\\/shortcodes&quot;,&quot;shortcode&quot;:&quot;portfolio-list&quot;,&quot;post_type&quot;:&quot;portfolio-item&quot;,&quot;next_page&quot;:&quot;2&quot;,&quot;max_pages_num&quot;:0,&quot;light_skin&quot;:&quot;no&quot;,&quot;behavior&quot;:&quot;columns&quot;,&quot;images_proportion&quot;:&quot;full&quot;,&quot;columns&quot;:&quot;3&quot;,&quot;columns_responsive&quot;:&quot;predefined&quot;,&quot;space&quot;:&quot;normal&quot;,&quot;posts_per_page&quot;:&quot;-1&quot;,&quot;orderby&quot;:&quot;date&quot;,&quot;order&quot;:&quot;DESC&quot;,&quot;additional_params&quot;:&quot;tax&quot;,&quot;tax&quot;:&quot;portfolio-tag&quot;,&quot;tax_slug&quot;:&quot;tomas-rossi&quot;,&quot;layout&quot;:&quot;info-below&quot;,&quot;hover_animation_info-below&quot;:&quot;view_cursor&quot;,&quot;title_tag&quot;:&quot;h5&quot;,&quot;custom_padding&quot;:&quot;no&quot;,&quot;pagination_type&quot;:&quot;no-pagination&quot;,&quot;object_class_name&quot;:&quot;ZermattCorePortfolioListShortcode&quot;,&quot;taxonomy_filter&quot;:&quot;portfolio-category&quot;,&quot;additional_query_args&quot;:{&quot;tax_query&quot;:[{&quot;taxonomy&quot;:&quot;portfolio-tag&quot;,&quot;field&quot;:&quot;slug&quot;,&quot;terms&quot;:&quot;tomas-rossi&quot;}]},&quot;space_value&quot;:15}\">\n\t\t<div class=\"qodef-grid-inner clear\">\n\t\t<article class=\"qodef-e qodef-grid-item qodef-item--full post-8066 portfolio-item type-portfolio-item status-publish has-post-thumbnail hentry portfolio-category-dilo portfolio-tag-tomas-rossi\">\n\t<div class=\"qodef-e-inner\" >\n\t\t<div class=\"qodef-e-image\">\n\t\t\t\t\t<div class=\"qodef-e-media-image\">\n\t\t\t<a itemprop=\"url\" href=\"https:\/\/www.kalina-gallery.cz\/en\/dilo\/hlava-i\/\"\n\t\t\t\t\t\t\t>\n\t\t\t\t<img fetchpriority=\"high\" decoding=\"async\" width=\"1057\" height=\"1070\" src=\"https:\/\/www.kalina-gallery.cz\/wp-content\/uploads\/2021\/09\/Rossi_8.jpg\" class=\"attachment-full size-full wp-post-image\" alt=\"\" srcset=\"https:\/\/www.kalina-gallery.cz\/wp-content\/uploads\/2021\/09\/Rossi_8.jpg 1057w, https:\/\/www.kalina-gallery.cz\/wp-content\/uploads\/2021\/09\/Rossi_8-296x300.jpg 296w, https:\/\/www.kalina-gallery.cz\/wp-content\/uploads\/2021\/09\/Rossi_8-1012x1024.jpg 1012w, https:\/\/www.kalina-gallery.cz\/wp-content\/uploads\/2021\/09\/Rossi_8-768x777.jpg 768w, https:\/\/www.kalina-gallery.cz\/wp-content\/uploads\/2021\/09\/Rossi_8-12x12.jpg 12w\" sizes=\"(max-width: 1057px) 100vw, 1057px\" \/>\t\t\t<\/a>\n\t\t<\/div>\n\t\t\t<\/div>\n\t\t<div class=\"qodef-e-content\" >\n\t\t\t<h5 itemprop=\"name\" class=\"qodef-e-title entry-title\" >\n\t<a itemprop=\"url\" class=\"qodef-e-title-link\" href=\"https:\/\/www.kalina-gallery.cz\/en\/dilo\/hlava-i\/\">\n\t\tHlava I.\t<\/a>\n<\/h5>\t\t\t<div class=\"qodef-e-info-category\">\n\t\t\t<a itemprop=\"url\" class=\"qodef-e-category\" href=\"https:\/\/www.kalina-gallery.cz\/en\/portfolio-category\/dilo\/\">\n\t\t\tD\u00edlo\t\t<\/a>\n\t<\/div>\n\t\t\t\t\t<\/div>\n\t<\/div>\n<\/article>\t<\/div>\n\t<\/div>\t\t\t\t<\/div>\n\t\t\t\t<\/div>\n\t\t\t\t\t<\/div>\n\t\t<\/div>\n\t\t\t\t\t<\/div>\n\t\t<\/section>\n\t\t\t\t<\/div>\n\t\t","protected":false},"excerpt":{"rendered":"<p>Tom\u00e1\u0161 Ross\u00ed (1955) vystudoval malbu u profesor\u016f Karla Sou\u010dka a Radom\u00edra Kol\u00e1\u0159e na Akademii v\u00fdtvarn\u00e9ho um\u011bn\u00ed v&nbsp;Praze. Studijn\u011b pob\u00fdval tak\u00e9 na Academia di Belle arti v&nbsp;Perugii v&nbsp;It\u00e1lii. Na po\u010d\u00e1tku 80. let byl jedn\u00edm z&nbsp;v\u00fdrazn\u00fdch p\u0159edstavitel\u016f nov\u00e9 expresivn\u00ed malby. Ta m\u011bla jedine\u010dn\u00e9 p\u0159edpoklady v autorov\u011b eruptivn\u00edm mal\u00ed\u0159sk\u00e9m temperamentu. Ross\u00ed pracuje technikou akrylu v&nbsp;rozm\u011brn\u00fdch form\u00e1tech s&nbsp;v\u00fdraznou barevnost\u00ed. [&hellip;]<\/p>\n","protected":false},"author":1,"featured_media":0,"parent":0,"menu_order":0,"comment_status":"closed","ping_status":"closed","template":"","meta":{"inline_featured_image":false,"iawp_total_views":144,"footnotes":""},"class_list":["post-9700","page","type-page","status-publish","hentry"],"yoast_head":"<!-- This site is optimized with the Yoast SEO plugin v27.2 - https:\/\/yoast.com\/product\/yoast-seo-wordpress\/ -->\n<title>Ross\u00ed Tom\u00e1\u0161 &#8212; Kalina Gallery<\/title>\n<meta name=\"robots\" content=\"index, follow, max-snippet:-1, max-image-preview:large, max-video-preview:-1\" \/>\n<link rel=\"canonical\" href=\"https:\/\/www.kalina-gallery.cz\/en\/rossi-tomas\/\" \/>\n<meta property=\"og:locale\" content=\"en_US\" \/>\n<meta property=\"og:type\" content=\"article\" \/>\n<meta property=\"og:title\" content=\"Ross\u00ed Tom\u00e1\u0161 &#8212; Kalina Gallery\" \/>\n<meta property=\"og:description\" content=\"Tom\u00e1\u0161 Ross\u00ed (1955) vystudoval malbu u profesor\u016f Karla Sou\u010dka a Radom\u00edra Kol\u00e1\u0159e na Akademii v\u00fdtvarn\u00e9ho um\u011bn\u00ed v&nbsp;Praze. Studijn\u011b pob\u00fdval tak\u00e9 na Academia di Belle arti v&nbsp;Perugii v&nbsp;It\u00e1lii. Na po\u010d\u00e1tku 80. let byl jedn\u00edm z&nbsp;v\u00fdrazn\u00fdch p\u0159edstavitel\u016f nov\u00e9 expresivn\u00ed malby. Ta m\u011bla jedine\u010dn\u00e9 p\u0159edpoklady v autorov\u011b eruptivn\u00edm mal\u00ed\u0159sk\u00e9m temperamentu. Ross\u00ed pracuje technikou akrylu v&nbsp;rozm\u011brn\u00fdch form\u00e1tech s&nbsp;v\u00fdraznou barevnost\u00ed. [&hellip;]\" \/>\n<meta property=\"og:url\" content=\"https:\/\/www.kalina-gallery.cz\/en\/rossi-tomas\/\" \/>\n<meta property=\"og:site_name\" content=\"Kalina Gallery\" \/>\n<meta property=\"article:publisher\" content=\"https:\/\/www.facebook.com\/Kalina-Gallery-240711577897794\/\" \/>\n<meta property=\"article:modified_time\" content=\"2022-01-19T13:13:12+00:00\" \/>\n<meta property=\"og:image\" content=\"https:\/\/www.kalina-gallery.cz\/wp-content\/uploads\/2021\/09\/Rossi_8.jpg\" \/>\n<meta name=\"twitter:card\" content=\"summary_large_image\" \/>\n<meta name=\"twitter:label1\" content=\"Est. reading time\" \/>\n\t<meta name=\"twitter:data1\" content=\"1 minute\" \/>\n<script type=\"application\/ld+json\" class=\"yoast-schema-graph\">{\"@context\":\"https:\/\/schema.org\",\"@graph\":[{\"@type\":\"WebPage\",\"@id\":\"https:\/\/www.kalina-gallery.cz\/rossi-tomas\/\",\"url\":\"https:\/\/www.kalina-gallery.cz\/rossi-tomas\/\",\"name\":\"Ross\u00ed Tom\u00e1\u0161 &#8212; Kalina Gallery\",\"isPartOf\":{\"@id\":\"https:\/\/www.kalina-gallery.cz\/#website\"},\"primaryImageOfPage\":{\"@id\":\"https:\/\/www.kalina-gallery.cz\/rossi-tomas\/#primaryimage\"},\"image\":{\"@id\":\"https:\/\/www.kalina-gallery.cz\/rossi-tomas\/#primaryimage\"},\"thumbnailUrl\":\"https:\/\/www.kalina-gallery.cz\/wp-content\/uploads\/2021\/09\/Rossi_8.jpg\",\"datePublished\":\"2021-12-07T18:29:02+00:00\",\"dateModified\":\"2022-01-19T13:13:12+00:00\",\"breadcrumb\":{\"@id\":\"https:\/\/www.kalina-gallery.cz\/rossi-tomas\/#breadcrumb\"},\"inLanguage\":\"en-US\",\"potentialAction\":[{\"@type\":\"ReadAction\",\"target\":[\"https:\/\/www.kalina-gallery.cz\/rossi-tomas\/\"]}]},{\"@type\":\"ImageObject\",\"inLanguage\":\"en-US\",\"@id\":\"https:\/\/www.kalina-gallery.cz\/rossi-tomas\/#primaryimage\",\"url\":\"https:\/\/www.kalina-gallery.cz\/wp-content\/uploads\/2021\/09\/Rossi_8.jpg\",\"contentUrl\":\"https:\/\/www.kalina-gallery.cz\/wp-content\/uploads\/2021\/09\/Rossi_8.jpg\"},{\"@type\":\"BreadcrumbList\",\"@id\":\"https:\/\/www.kalina-gallery.cz\/rossi-tomas\/#breadcrumb\",\"itemListElement\":[{\"@type\":\"ListItem\",\"position\":1,\"name\":\"Dom\u016f\",\"item\":\"https:\/\/www.kalina-gallery.cz\/\"},{\"@type\":\"ListItem\",\"position\":2,\"name\":\"Ross\u00ed Tom\u00e1\u0161\"}]},{\"@type\":\"WebSite\",\"@id\":\"https:\/\/www.kalina-gallery.cz\/#website\",\"url\":\"https:\/\/www.kalina-gallery.cz\/\",\"name\":\"Kalina Gallery\",\"description\":\"V\u00fdstavn\u00ed s\u00ed\u0148 v centru Brna\",\"publisher\":{\"@id\":\"https:\/\/www.kalina-gallery.cz\/#organization\"},\"potentialAction\":[{\"@type\":\"SearchAction\",\"target\":{\"@type\":\"EntryPoint\",\"urlTemplate\":\"https:\/\/www.kalina-gallery.cz\/?s={search_term_string}\"},\"query-input\":{\"@type\":\"PropertyValueSpecification\",\"valueRequired\":true,\"valueName\":\"search_term_string\"}}],\"inLanguage\":\"en-US\"},{\"@type\":\"Organization\",\"@id\":\"https:\/\/www.kalina-gallery.cz\/#organization\",\"name\":\"Kalina Gallery\",\"url\":\"https:\/\/www.kalina-gallery.cz\/\",\"logo\":{\"@type\":\"ImageObject\",\"inLanguage\":\"en-US\",\"@id\":\"https:\/\/www.kalina-gallery.cz\/#\/schema\/logo\/image\/\",\"url\":\"https:\/\/www.kalina-gallery.cz\/wp-content\/uploads\/2021\/08\/cropped-k.png\",\"contentUrl\":\"https:\/\/www.kalina-gallery.cz\/wp-content\/uploads\/2021\/08\/cropped-k.png\",\"width\":512,\"height\":512,\"caption\":\"Kalina Gallery\"},\"image\":{\"@id\":\"https:\/\/www.kalina-gallery.cz\/#\/schema\/logo\/image\/\"},\"sameAs\":[\"https:\/\/www.facebook.com\/Kalina-Gallery-240711577897794\/\",\"https:\/\/www.instagram.com\/kalinagallery1\/\"]}]}<\/script>\n<!-- \/ Yoast SEO plugin. -->","yoast_head_json":{"title":"Ross\u00ed Tom\u00e1\u0161 &#8212; Kalina Gallery","robots":{"index":"index","follow":"follow","max-snippet":"max-snippet:-1","max-image-preview":"max-image-preview:large","max-video-preview":"max-video-preview:-1"},"canonical":"https:\/\/www.kalina-gallery.cz\/en\/rossi-tomas\/","og_locale":"en_US","og_type":"article","og_title":"Ross\u00ed Tom\u00e1\u0161 &#8212; Kalina Gallery","og_description":"Tom\u00e1\u0161 Ross\u00ed (1955) vystudoval malbu u profesor\u016f Karla Sou\u010dka a Radom\u00edra Kol\u00e1\u0159e na Akademii v\u00fdtvarn\u00e9ho um\u011bn\u00ed v&nbsp;Praze. Studijn\u011b pob\u00fdval tak\u00e9 na Academia di Belle arti v&nbsp;Perugii v&nbsp;It\u00e1lii. Na po\u010d\u00e1tku 80. let byl jedn\u00edm z&nbsp;v\u00fdrazn\u00fdch p\u0159edstavitel\u016f nov\u00e9 expresivn\u00ed malby. Ta m\u011bla jedine\u010dn\u00e9 p\u0159edpoklady v autorov\u011b eruptivn\u00edm mal\u00ed\u0159sk\u00e9m temperamentu. Ross\u00ed pracuje technikou akrylu v&nbsp;rozm\u011brn\u00fdch form\u00e1tech s&nbsp;v\u00fdraznou barevnost\u00ed. [&hellip;]","og_url":"https:\/\/www.kalina-gallery.cz\/en\/rossi-tomas\/","og_site_name":"Kalina Gallery","article_publisher":"https:\/\/www.facebook.com\/Kalina-Gallery-240711577897794\/","article_modified_time":"2022-01-19T13:13:12+00:00","og_image":[{"url":"https:\/\/www.kalina-gallery.cz\/wp-content\/uploads\/2021\/09\/Rossi_8.jpg","type":"","width":"","height":""}],"twitter_card":"summary_large_image","twitter_misc":{"Est. reading time":"1 minute"},"schema":{"@context":"https:\/\/schema.org","@graph":[{"@type":"WebPage","@id":"https:\/\/www.kalina-gallery.cz\/rossi-tomas\/","url":"https:\/\/www.kalina-gallery.cz\/rossi-tomas\/","name":"Ross\u00ed Tom\u00e1\u0161 &#8212; Kalina Gallery","isPartOf":{"@id":"https:\/\/www.kalina-gallery.cz\/#website"},"primaryImageOfPage":{"@id":"https:\/\/www.kalina-gallery.cz\/rossi-tomas\/#primaryimage"},"image":{"@id":"https:\/\/www.kalina-gallery.cz\/rossi-tomas\/#primaryimage"},"thumbnailUrl":"https:\/\/www.kalina-gallery.cz\/wp-content\/uploads\/2021\/09\/Rossi_8.jpg","datePublished":"2021-12-07T18:29:02+00:00","dateModified":"2022-01-19T13:13:12+00:00","breadcrumb":{"@id":"https:\/\/www.kalina-gallery.cz\/rossi-tomas\/#breadcrumb"},"inLanguage":"en-US","potentialAction":[{"@type":"ReadAction","target":["https:\/\/www.kalina-gallery.cz\/rossi-tomas\/"]}]},{"@type":"ImageObject","inLanguage":"en-US","@id":"https:\/\/www.kalina-gallery.cz\/rossi-tomas\/#primaryimage","url":"https:\/\/www.kalina-gallery.cz\/wp-content\/uploads\/2021\/09\/Rossi_8.jpg","contentUrl":"https:\/\/www.kalina-gallery.cz\/wp-content\/uploads\/2021\/09\/Rossi_8.jpg"},{"@type":"BreadcrumbList","@id":"https:\/\/www.kalina-gallery.cz\/rossi-tomas\/#breadcrumb","itemListElement":[{"@type":"ListItem","position":1,"name":"Dom\u016f","item":"https:\/\/www.kalina-gallery.cz\/"},{"@type":"ListItem","position":2,"name":"Ross\u00ed Tom\u00e1\u0161"}]},{"@type":"WebSite","@id":"https:\/\/www.kalina-gallery.cz\/#website","url":"https:\/\/www.kalina-gallery.cz\/","name":"Kalina Gallery","description":"V\u00fdstavn\u00ed s\u00ed\u0148 v centru Brna","publisher":{"@id":"https:\/\/www.kalina-gallery.cz\/#organization"},"potentialAction":[{"@type":"SearchAction","target":{"@type":"EntryPoint","urlTemplate":"https:\/\/www.kalina-gallery.cz\/?s={search_term_string}"},"query-input":{"@type":"PropertyValueSpecification","valueRequired":true,"valueName":"search_term_string"}}],"inLanguage":"en-US"},{"@type":"Organization","@id":"https:\/\/www.kalina-gallery.cz\/#organization","name":"Kalina Gallery","url":"https:\/\/www.kalina-gallery.cz\/","logo":{"@type":"ImageObject","inLanguage":"en-US","@id":"https:\/\/www.kalina-gallery.cz\/#\/schema\/logo\/image\/","url":"https:\/\/www.kalina-gallery.cz\/wp-content\/uploads\/2021\/08\/cropped-k.png","contentUrl":"https:\/\/www.kalina-gallery.cz\/wp-content\/uploads\/2021\/08\/cropped-k.png","width":512,"height":512,"caption":"Kalina Gallery"},"image":{"@id":"https:\/\/www.kalina-gallery.cz\/#\/schema\/logo\/image\/"},"sameAs":["https:\/\/www.facebook.com\/Kalina-Gallery-240711577897794\/","https:\/\/www.instagram.com\/kalinagallery1\/"]}]}},"_links":{"self":[{"href":"https:\/\/www.kalina-gallery.cz\/en\/wp-json\/wp\/v2\/pages\/9700","targetHints":{"allow":["GET"]}}],"collection":[{"href":"https:\/\/www.kalina-gallery.cz\/en\/wp-json\/wp\/v2\/pages"}],"about":[{"href":"https:\/\/www.kalina-gallery.cz\/en\/wp-json\/wp\/v2\/types\/page"}],"author":[{"embeddable":true,"href":"https:\/\/www.kalina-gallery.cz\/en\/wp-json\/wp\/v2\/users\/1"}],"replies":[{"embeddable":true,"href":"https:\/\/www.kalina-gallery.cz\/en\/wp-json\/wp\/v2\/comments?post=9700"}],"version-history":[{"count":0,"href":"https:\/\/www.kalina-gallery.cz\/en\/wp-json\/wp\/v2\/pages\/9700\/revisions"}],"wp:attachment":[{"href":"https:\/\/www.kalina-gallery.cz\/en\/wp-json\/wp\/v2\/media?parent=9700"}],"curies":[{"name":"wp","href":"https:\/\/api.w.org\/{rel}","templated":true}]}}