{"id":9966,"date":"2022-01-17T10:20:07","date_gmt":"2022-01-17T10:20:07","guid":{"rendered":"https:\/\/www.kalina-gallery.cz\/?page_id=9966"},"modified":"2025-01-17T14:25:26","modified_gmt":"2025-01-17T14:25:26","slug":"palova-zora","status":"publish","type":"page","link":"https:\/\/www.kalina-gallery.cz\/en\/palova-zora\/","title":{"rendered":"Zora Palov\u00e1"},"content":{"rendered":"\t\t<div data-elementor-type=\"wp-page\" data-elementor-id=\"9966\" class=\"elementor elementor-9966\" data-elementor-post-type=\"page\">\n\t\t\t\t\t\t<section class=\"elementor-section elementor-top-section elementor-element elementor-element-16de52a elementor-section-boxed elementor-section-height-default elementor-section-height-default qodef-elementor-content-no qodef-elementor-stretch-row-no qodef-elementor-overlay-no\" data-id=\"16de52a\" data-element_type=\"section\" data-e-type=\"section\">\n\t\t\t\t\t\t<div class=\"elementor-container elementor-column-gap-default\">\n\t\t\t\t\t<div class=\"elementor-column elementor-col-100 elementor-top-column elementor-element elementor-element-571068d\" data-id=\"571068d\" data-element_type=\"column\" data-e-type=\"column\">\n\t\t\t<div class=\"elementor-widget-wrap elementor-element-populated\">\n\t\t\t\t\t\t<div class=\"elementor-element elementor-element-5b3ed23 elementor-widget elementor-widget-text-editor\" data-id=\"5b3ed23\" data-element_type=\"widget\" data-e-type=\"widget\" data-widget_type=\"text-editor.default\">\n\t\t\t\t<div class=\"elementor-widget-container\">\n\t\t\t\t\t\t\t\t\t<p><strong>Zora Palov\u00e1<\/strong> (22. 12. 1947 &#8211; 11. 1. 2025) byla v\u00fdznamn\u00e1 slovensk\u00e1 skl\u00e1\u0159sk\u00e1 v\u00fdtvarnice, jej\u00ed\u017e tvorba pronikla na sv\u011btovou um\u011bleckou sc\u00e9nu. Studovala na Vysok\u00e9 \u0161kole v\u00fdtvarn\u00fdch um\u011bn\u00ed v Bratislav\u011b obor Sklo v architektu\u0159e, kde byla \u017e\u00e1kyn\u00ed V\u00e1clava Ciglera. Pozd\u011bji p\u016fsobila jako vedouc\u00ed ateli\u00e9ru skla na univerzit\u011b v Sunderlandu.<\/p><p>V\u011bnovala se komorn\u00edm i monument\u00e1ln\u00edm sklen\u011bn\u00fdm plastik\u00e1m, instalac\u00edm, \u0161perk\u016fm, a tak\u00e9 kresb\u011b. Sklo v jej\u00edch ruk\u00e1ch ztr\u00e1c\u00ed tvrdost a chlad a st\u00e1v\u00e1 se sugestivn\u00ed a magickou hmotou. Palov\u00e1 ve sv\u00e9 tvorb\u011b pokro\u010dila od monolitn\u00edho bloku k objektu, kter\u00fd pracuje s prostorem. Postupuje od perforov\u00e1n\u00ed, odstup\u0148ov\u00e1n\u00ed tlou\u0161\u0165ky st\u011bny objektu, a\u017e k vytvo\u0159en\u00ed pr\u016fniku, \u010d\u00edm\u017e um\u011blkyn\u011b propojila sv\u011btlo, kter\u00e9 vyza\u0159uje z plastiky se sv\u011btlem p\u0159\u00edrodn\u00edm.<\/p><p>N\u00e1zvy mnoha jej\u00edch d\u011bl jsou inspirovan\u00e9 vodou \u2013 kapkami de\u0161t\u011b, p\u0159\u00edbojem vln. Jsou to t\u00e9mata, skrze kter\u00e1 se do jej\u00edch plastik dost\u00e1v\u00e1 nejen sv\u011btlo, ale i pohyb a jeho pom\u00edjivost.<\/p><p>Tvorba Zory Palov\u00e9 je ve vystavov\u00e1na na \u0159ad\u011b v\u00fdstav v Evrop\u011b i ve sv\u011bt\u011b a jej\u00ed d\u00edlo je zastoupeno v mnoha soukrom\u00fdch a ve\u0159ejn\u00fdch sb\u00edrk\u00e1ch.<\/p>\t\t\t\t\t\t\t\t<\/div>\n\t\t\t\t<\/div>\n\t\t\t\t\t<\/div>\n\t\t<\/div>\n\t\t\t\t\t<\/div>\n\t\t<\/section>\n\t\t\t\t<section class=\"elementor-section elementor-top-section elementor-element elementor-element-1688d05 elementor-section-boxed elementor-section-height-default elementor-section-height-default qodef-elementor-content-no qodef-elementor-stretch-row-no qodef-elementor-overlay-no\" data-id=\"1688d05\" data-element_type=\"section\" data-e-type=\"section\">\n\t\t\t\t\t\t<div class=\"elementor-container elementor-column-gap-default\">\n\t\t\t\t\t<div class=\"elementor-column elementor-col-100 elementor-top-column elementor-element elementor-element-14c9ff2\" data-id=\"14c9ff2\" data-element_type=\"column\" data-e-type=\"column\">\n\t\t\t<div class=\"elementor-widget-wrap elementor-element-populated\">\n\t\t\t\t\t\t<div class=\"elementor-element elementor-element-5060ce0 elementor-widget-divider--view-line elementor-widget elementor-widget-divider\" data-id=\"5060ce0\" data-element_type=\"widget\" data-e-type=\"widget\" data-widget_type=\"divider.default\">\n\t\t\t\t<div class=\"elementor-widget-container\">\n\t\t\t\t\t\t\t<div class=\"elementor-divider\">\n\t\t\t<span class=\"elementor-divider-separator\">\n\t\t\t\t\t\t<\/span>\n\t\t<\/div>\n\t\t\t\t\t\t<\/div>\n\t\t\t\t<\/div>\n\t\t\t\t<div class=\"elementor-element elementor-element-acc1015 elementor-widget elementor-widget-zermatt_core_portfolio_list\" data-id=\"acc1015\" data-element_type=\"widget\" data-e-type=\"widget\" data-widget_type=\"zermatt_core_portfolio_list.default\">\n\t\t\t\t<div class=\"elementor-widget-container\">\n\t\t\t\t\t<div class=\"qodef-shortcode qodef-m  qodef-portfolio-list   qodef-item-layout--info-below   qodef-grid qodef-layout--columns  qodef-gutter--normal qodef-col-num--3 qodef-item-layout--info-below qodef--no-bottom-space qodef-pagination--off qodef-responsive--predefined qodef-hover-animation--view_cursor\" data-options=\"{&quot;plugin&quot;:&quot;zermatt_core&quot;,&quot;module&quot;:&quot;post-types\\\/portfolio\\\/shortcodes&quot;,&quot;shortcode&quot;:&quot;portfolio-list&quot;,&quot;post_type&quot;:&quot;portfolio-item&quot;,&quot;next_page&quot;:&quot;2&quot;,&quot;max_pages_num&quot;:0,&quot;light_skin&quot;:&quot;no&quot;,&quot;behavior&quot;:&quot;columns&quot;,&quot;images_proportion&quot;:&quot;full&quot;,&quot;columns&quot;:&quot;3&quot;,&quot;columns_responsive&quot;:&quot;predefined&quot;,&quot;space&quot;:&quot;normal&quot;,&quot;posts_per_page&quot;:&quot;-1&quot;,&quot;orderby&quot;:&quot;date&quot;,&quot;order&quot;:&quot;DESC&quot;,&quot;additional_params&quot;:&quot;tax&quot;,&quot;tax&quot;:&quot;portfolio-tag&quot;,&quot;tax_slug&quot;:&quot;zora-palova&quot;,&quot;layout&quot;:&quot;info-below&quot;,&quot;hover_animation_info-below&quot;:&quot;view_cursor&quot;,&quot;title_tag&quot;:&quot;h5&quot;,&quot;custom_padding&quot;:&quot;no&quot;,&quot;pagination_type&quot;:&quot;no-pagination&quot;,&quot;object_class_name&quot;:&quot;ZermattCorePortfolioListShortcode&quot;,&quot;taxonomy_filter&quot;:&quot;portfolio-category&quot;,&quot;additional_query_args&quot;:{&quot;tax_query&quot;:[{&quot;taxonomy&quot;:&quot;portfolio-tag&quot;,&quot;field&quot;:&quot;slug&quot;,&quot;terms&quot;:&quot;zora-palova&quot;}]},&quot;space_value&quot;:15}\">\n\t\t<div class=\"qodef-grid-inner clear\">\n\t\t<article class=\"qodef-e qodef-grid-item qodef-item--full post-8347 portfolio-item type-portfolio-item status-publish has-post-thumbnail hentry portfolio-category-dilo portfolio-tag-zora-palova\">\n\t<div class=\"qodef-e-inner\" >\n\t\t<div class=\"qodef-e-image\">\n\t\t\t\t\t<div class=\"qodef-e-media-image\">\n\t\t\t<a itemprop=\"url\" href=\"https:\/\/www.kalina-gallery.cz\/en\/dilo\/palova-zora-puk-ruze\/\"\n\t\t\t\t\t\t\t>\n\t\t\t\t<img fetchpriority=\"high\" decoding=\"async\" width=\"756\" height=\"1008\" src=\"https:\/\/www.kalina-gallery.cz\/wp-content\/uploads\/2021\/09\/20210918_174959_resized_1.jpg\" class=\"attachment-full size-full wp-post-image\" alt=\"\" srcset=\"https:\/\/www.kalina-gallery.cz\/wp-content\/uploads\/2021\/09\/20210918_174959_resized_1.jpg 756w, https:\/\/www.kalina-gallery.cz\/wp-content\/uploads\/2021\/09\/20210918_174959_resized_1-225x300.jpg 225w, https:\/\/www.kalina-gallery.cz\/wp-content\/uploads\/2021\/09\/20210918_174959_resized_1-9x12.jpg 9w, https:\/\/www.kalina-gallery.cz\/wp-content\/uploads\/2021\/09\/20210918_174959_resized_1-500x666.jpg 500w\" sizes=\"(max-width: 756px) 100vw, 756px\" \/>\t\t\t<\/a>\n\t\t<\/div>\n\t\t\t<\/div>\n\t\t<div class=\"qodef-e-content\" >\n\t\t\t<h5 itemprop=\"name\" class=\"qodef-e-title entry-title\" >\n\t<a itemprop=\"url\" class=\"qodef-e-title-link\" href=\"https:\/\/www.kalina-gallery.cz\/en\/dilo\/palova-zora-puk-ruze\/\">\n\t\tPuk r\u016f\u017ee\t<\/a>\n<\/h5>\t\t\t<div class=\"qodef-e-info-category\">\n\t\t\t<a itemprop=\"url\" class=\"qodef-e-category\" href=\"https:\/\/www.kalina-gallery.cz\/en\/portfolio-category\/dilo\/\">\n\t\t\tD\u00edlo\t\t<\/a>\n\t<\/div>\n\t\t\t\t\t<\/div>\n\t<\/div>\n<\/article><article class=\"qodef-e qodef-grid-item qodef-item--full post-8340 portfolio-item type-portfolio-item status-publish has-post-thumbnail hentry portfolio-category-dilo portfolio-tag-zora-palova\">\n\t<div class=\"qodef-e-inner\" >\n\t\t<div class=\"qodef-e-image\">\n\t\t\t\t\t<div class=\"qodef-e-media-image\">\n\t\t\t<a itemprop=\"url\" href=\"https:\/\/www.kalina-gallery.cz\/en\/dilo\/palova-zora-totem\/\"\n\t\t\t\t\t\t\t>\n\t\t\t\t<img decoding=\"async\" width=\"474\" height=\"1164\" data-src=\"https:\/\/www.kalina-gallery.cz\/wp-content\/uploads\/2021\/09\/Zora-PalovaTotem2012cast-glass198x20x18cm.jpg\" class=\"attachment-full size-full wp-post-image lazyload\" alt=\"\" data-srcset=\"https:\/\/www.kalina-gallery.cz\/wp-content\/uploads\/2021\/09\/Zora-PalovaTotem2012cast-glass198x20x18cm.jpg 474w, https:\/\/www.kalina-gallery.cz\/wp-content\/uploads\/2021\/09\/Zora-PalovaTotem2012cast-glass198x20x18cm-122x300.jpg 122w, https:\/\/www.kalina-gallery.cz\/wp-content\/uploads\/2021\/09\/Zora-PalovaTotem2012cast-glass198x20x18cm-417x1024.jpg 417w, https:\/\/www.kalina-gallery.cz\/wp-content\/uploads\/2021\/09\/Zora-PalovaTotem2012cast-glass198x20x18cm-5x12.jpg 5w\" data-sizes=\"(max-width: 474px) 100vw, 474px\" src=\"data:image\/svg+xml;base64,PHN2ZyB3aWR0aD0iMSIgaGVpZ2h0PSIxIiB4bWxucz0iaHR0cDovL3d3dy53My5vcmcvMjAwMC9zdmciPjwvc3ZnPg==\" style=\"--smush-placeholder-width: 474px; --smush-placeholder-aspect-ratio: 474\/1164;\" \/>\t\t\t<\/a>\n\t\t<\/div>\n\t\t\t<\/div>\n\t\t<div class=\"qodef-e-content\" >\n\t\t\t<h5 itemprop=\"name\" class=\"qodef-e-title entry-title\" >\n\t<a itemprop=\"url\" class=\"qodef-e-title-link\" href=\"https:\/\/www.kalina-gallery.cz\/en\/dilo\/palova-zora-totem\/\">\n\t\tTotem\t<\/a>\n<\/h5>\t\t\t<div class=\"qodef-e-info-category\">\n\t\t\t<a itemprop=\"url\" class=\"qodef-e-category\" href=\"https:\/\/www.kalina-gallery.cz\/en\/portfolio-category\/dilo\/\">\n\t\t\tD\u00edlo\t\t<\/a>\n\t<\/div>\n\t\t\t\t\t<\/div>\n\t<\/div>\n<\/article>\t<\/div>\n\t<\/div>\t\t\t\t<\/div>\n\t\t\t\t<\/div>\n\t\t\t\t\t<\/div>\n\t\t<\/div>\n\t\t\t\t\t<\/div>\n\t\t<\/section>\n\t\t\t\t<section class=\"elementor-section elementor-top-section elementor-element elementor-element-6963ecb elementor-section-boxed elementor-section-height-default elementor-section-height-default qodef-elementor-content-no qodef-elementor-stretch-row-no qodef-elementor-overlay-no\" data-id=\"6963ecb\" data-element_type=\"section\" data-e-type=\"section\">\n\t\t\t\t\t\t<div class=\"elementor-container elementor-column-gap-default\">\n\t\t\t\t\t<div class=\"elementor-column elementor-col-100 elementor-top-column elementor-element elementor-element-941f41b\" data-id=\"941f41b\" data-element_type=\"column\" data-e-type=\"column\">\n\t\t\t<div class=\"elementor-widget-wrap\">\n\t\t\t\t\t\t\t<\/div>\n\t\t<\/div>\n\t\t\t\t\t<\/div>\n\t\t<\/section>\n\t\t\t\t<\/div>\n\t\t","protected":false},"excerpt":{"rendered":"<p>Zora Palov\u00e1 (22. 12. 1947 &#8211; 11. 1. 2025) byla v\u00fdznamn\u00e1 slovensk\u00e1 skl\u00e1\u0159sk\u00e1 v\u00fdtvarnice, jej\u00ed\u017e tvorba pronikla na sv\u011btovou um\u011bleckou sc\u00e9nu. Studovala na Vysok\u00e9 \u0161kole v\u00fdtvarn\u00fdch um\u011bn\u00ed v Bratislav\u011b obor Sklo v architektu\u0159e, kde byla \u017e\u00e1kyn\u00ed V\u00e1clava Ciglera. Pozd\u011bji p\u016fsobila jako vedouc\u00ed ateli\u00e9ru skla na univerzit\u011b v Sunderlandu. V\u011bnovala se komorn\u00edm i monument\u00e1ln\u00edm sklen\u011bn\u00fdm plastik\u00e1m, [&hellip;]<\/p>\n","protected":false},"author":1,"featured_media":0,"parent":0,"menu_order":0,"comment_status":"closed","ping_status":"closed","template":"","meta":{"inline_featured_image":false,"iawp_total_views":136,"footnotes":""},"class_list":["post-9966","page","type-page","status-publish","hentry"],"yoast_head":"<!-- This site is optimized with the Yoast SEO plugin v27.2 - https:\/\/yoast.com\/product\/yoast-seo-wordpress\/ -->\n<title>Zora Palov\u00e1 &#8212; Kalina Gallery<\/title>\n<meta name=\"robots\" content=\"index, follow, max-snippet:-1, max-image-preview:large, max-video-preview:-1\" \/>\n<link rel=\"canonical\" href=\"https:\/\/www.kalina-gallery.cz\/en\/palova-zora\/\" \/>\n<meta property=\"og:locale\" content=\"en_US\" \/>\n<meta property=\"og:type\" content=\"article\" \/>\n<meta property=\"og:title\" content=\"Zora Palov\u00e1 &#8212; Kalina Gallery\" \/>\n<meta property=\"og:description\" content=\"Zora Palov\u00e1 (22. 12. 1947 &#8211; 11. 1. 2025) byla v\u00fdznamn\u00e1 slovensk\u00e1 skl\u00e1\u0159sk\u00e1 v\u00fdtvarnice, jej\u00ed\u017e tvorba pronikla na sv\u011btovou um\u011bleckou sc\u00e9nu. Studovala na Vysok\u00e9 \u0161kole v\u00fdtvarn\u00fdch um\u011bn\u00ed v Bratislav\u011b obor Sklo v architektu\u0159e, kde byla \u017e\u00e1kyn\u00ed V\u00e1clava Ciglera. Pozd\u011bji p\u016fsobila jako vedouc\u00ed ateli\u00e9ru skla na univerzit\u011b v Sunderlandu. V\u011bnovala se komorn\u00edm i monument\u00e1ln\u00edm sklen\u011bn\u00fdm plastik\u00e1m, [&hellip;]\" \/>\n<meta property=\"og:url\" content=\"https:\/\/www.kalina-gallery.cz\/en\/palova-zora\/\" \/>\n<meta property=\"og:site_name\" content=\"Kalina Gallery\" \/>\n<meta property=\"article:publisher\" content=\"https:\/\/www.facebook.com\/Kalina-Gallery-240711577897794\/\" \/>\n<meta property=\"article:modified_time\" content=\"2025-01-17T14:25:26+00:00\" \/>\n<meta property=\"og:image\" content=\"https:\/\/www.kalina-gallery.cz\/wp-content\/uploads\/2021\/09\/20210918_174959_resized_1.jpg\" \/>\n<meta name=\"twitter:card\" content=\"summary_large_image\" \/>\n<meta name=\"twitter:label1\" content=\"Est. reading time\" \/>\n\t<meta name=\"twitter:data1\" content=\"2 minutes\" \/>\n<script type=\"application\/ld+json\" class=\"yoast-schema-graph\">{\"@context\":\"https:\/\/schema.org\",\"@graph\":[{\"@type\":\"WebPage\",\"@id\":\"https:\/\/www.kalina-gallery.cz\/palova-zora\/\",\"url\":\"https:\/\/www.kalina-gallery.cz\/palova-zora\/\",\"name\":\"Zora Palov\u00e1 &#8212; Kalina Gallery\",\"isPartOf\":{\"@id\":\"https:\/\/www.kalina-gallery.cz\/#website\"},\"primaryImageOfPage\":{\"@id\":\"https:\/\/www.kalina-gallery.cz\/palova-zora\/#primaryimage\"},\"image\":{\"@id\":\"https:\/\/www.kalina-gallery.cz\/palova-zora\/#primaryimage\"},\"thumbnailUrl\":\"https:\/\/www.kalina-gallery.cz\/wp-content\/uploads\/2021\/09\/20210918_174959_resized_1.jpg\",\"datePublished\":\"2022-01-17T10:20:07+00:00\",\"dateModified\":\"2025-01-17T14:25:26+00:00\",\"breadcrumb\":{\"@id\":\"https:\/\/www.kalina-gallery.cz\/palova-zora\/#breadcrumb\"},\"inLanguage\":\"en-US\",\"potentialAction\":[{\"@type\":\"ReadAction\",\"target\":[\"https:\/\/www.kalina-gallery.cz\/palova-zora\/\"]}]},{\"@type\":\"ImageObject\",\"inLanguage\":\"en-US\",\"@id\":\"https:\/\/www.kalina-gallery.cz\/palova-zora\/#primaryimage\",\"url\":\"https:\/\/www.kalina-gallery.cz\/wp-content\/uploads\/2021\/09\/20210918_174959_resized_1.jpg\",\"contentUrl\":\"https:\/\/www.kalina-gallery.cz\/wp-content\/uploads\/2021\/09\/20210918_174959_resized_1.jpg\"},{\"@type\":\"BreadcrumbList\",\"@id\":\"https:\/\/www.kalina-gallery.cz\/palova-zora\/#breadcrumb\",\"itemListElement\":[{\"@type\":\"ListItem\",\"position\":1,\"name\":\"Dom\u016f\",\"item\":\"https:\/\/www.kalina-gallery.cz\/\"},{\"@type\":\"ListItem\",\"position\":2,\"name\":\"Zora Palov\u00e1\"}]},{\"@type\":\"WebSite\",\"@id\":\"https:\/\/www.kalina-gallery.cz\/#website\",\"url\":\"https:\/\/www.kalina-gallery.cz\/\",\"name\":\"Kalina Gallery\",\"description\":\"V\u00fdstavn\u00ed s\u00ed\u0148 v centru Brna\",\"publisher\":{\"@id\":\"https:\/\/www.kalina-gallery.cz\/#organization\"},\"potentialAction\":[{\"@type\":\"SearchAction\",\"target\":{\"@type\":\"EntryPoint\",\"urlTemplate\":\"https:\/\/www.kalina-gallery.cz\/?s={search_term_string}\"},\"query-input\":{\"@type\":\"PropertyValueSpecification\",\"valueRequired\":true,\"valueName\":\"search_term_string\"}}],\"inLanguage\":\"en-US\"},{\"@type\":\"Organization\",\"@id\":\"https:\/\/www.kalina-gallery.cz\/#organization\",\"name\":\"Kalina Gallery\",\"url\":\"https:\/\/www.kalina-gallery.cz\/\",\"logo\":{\"@type\":\"ImageObject\",\"inLanguage\":\"en-US\",\"@id\":\"https:\/\/www.kalina-gallery.cz\/#\/schema\/logo\/image\/\",\"url\":\"https:\/\/www.kalina-gallery.cz\/wp-content\/uploads\/2021\/08\/cropped-k.png\",\"contentUrl\":\"https:\/\/www.kalina-gallery.cz\/wp-content\/uploads\/2021\/08\/cropped-k.png\",\"width\":512,\"height\":512,\"caption\":\"Kalina Gallery\"},\"image\":{\"@id\":\"https:\/\/www.kalina-gallery.cz\/#\/schema\/logo\/image\/\"},\"sameAs\":[\"https:\/\/www.facebook.com\/Kalina-Gallery-240711577897794\/\",\"https:\/\/www.instagram.com\/kalinagallery1\/\"]}]}<\/script>\n<!-- \/ Yoast SEO plugin. -->","yoast_head_json":{"title":"Zora Palov\u00e1 &#8212; Kalina Gallery","robots":{"index":"index","follow":"follow","max-snippet":"max-snippet:-1","max-image-preview":"max-image-preview:large","max-video-preview":"max-video-preview:-1"},"canonical":"https:\/\/www.kalina-gallery.cz\/en\/palova-zora\/","og_locale":"en_US","og_type":"article","og_title":"Zora Palov\u00e1 &#8212; Kalina Gallery","og_description":"Zora Palov\u00e1 (22. 12. 1947 &#8211; 11. 1. 2025) byla v\u00fdznamn\u00e1 slovensk\u00e1 skl\u00e1\u0159sk\u00e1 v\u00fdtvarnice, jej\u00ed\u017e tvorba pronikla na sv\u011btovou um\u011bleckou sc\u00e9nu. Studovala na Vysok\u00e9 \u0161kole v\u00fdtvarn\u00fdch um\u011bn\u00ed v Bratislav\u011b obor Sklo v architektu\u0159e, kde byla \u017e\u00e1kyn\u00ed V\u00e1clava Ciglera. Pozd\u011bji p\u016fsobila jako vedouc\u00ed ateli\u00e9ru skla na univerzit\u011b v Sunderlandu. V\u011bnovala se komorn\u00edm i monument\u00e1ln\u00edm sklen\u011bn\u00fdm plastik\u00e1m, [&hellip;]","og_url":"https:\/\/www.kalina-gallery.cz\/en\/palova-zora\/","og_site_name":"Kalina Gallery","article_publisher":"https:\/\/www.facebook.com\/Kalina-Gallery-240711577897794\/","article_modified_time":"2025-01-17T14:25:26+00:00","og_image":[{"url":"https:\/\/www.kalina-gallery.cz\/wp-content\/uploads\/2021\/09\/20210918_174959_resized_1.jpg","type":"","width":"","height":""}],"twitter_card":"summary_large_image","twitter_misc":{"Est. reading time":"2 minutes"},"schema":{"@context":"https:\/\/schema.org","@graph":[{"@type":"WebPage","@id":"https:\/\/www.kalina-gallery.cz\/palova-zora\/","url":"https:\/\/www.kalina-gallery.cz\/palova-zora\/","name":"Zora Palov\u00e1 &#8212; Kalina Gallery","isPartOf":{"@id":"https:\/\/www.kalina-gallery.cz\/#website"},"primaryImageOfPage":{"@id":"https:\/\/www.kalina-gallery.cz\/palova-zora\/#primaryimage"},"image":{"@id":"https:\/\/www.kalina-gallery.cz\/palova-zora\/#primaryimage"},"thumbnailUrl":"https:\/\/www.kalina-gallery.cz\/wp-content\/uploads\/2021\/09\/20210918_174959_resized_1.jpg","datePublished":"2022-01-17T10:20:07+00:00","dateModified":"2025-01-17T14:25:26+00:00","breadcrumb":{"@id":"https:\/\/www.kalina-gallery.cz\/palova-zora\/#breadcrumb"},"inLanguage":"en-US","potentialAction":[{"@type":"ReadAction","target":["https:\/\/www.kalina-gallery.cz\/palova-zora\/"]}]},{"@type":"ImageObject","inLanguage":"en-US","@id":"https:\/\/www.kalina-gallery.cz\/palova-zora\/#primaryimage","url":"https:\/\/www.kalina-gallery.cz\/wp-content\/uploads\/2021\/09\/20210918_174959_resized_1.jpg","contentUrl":"https:\/\/www.kalina-gallery.cz\/wp-content\/uploads\/2021\/09\/20210918_174959_resized_1.jpg"},{"@type":"BreadcrumbList","@id":"https:\/\/www.kalina-gallery.cz\/palova-zora\/#breadcrumb","itemListElement":[{"@type":"ListItem","position":1,"name":"Dom\u016f","item":"https:\/\/www.kalina-gallery.cz\/"},{"@type":"ListItem","position":2,"name":"Zora Palov\u00e1"}]},{"@type":"WebSite","@id":"https:\/\/www.kalina-gallery.cz\/#website","url":"https:\/\/www.kalina-gallery.cz\/","name":"Kalina Gallery","description":"V\u00fdstavn\u00ed s\u00ed\u0148 v centru Brna","publisher":{"@id":"https:\/\/www.kalina-gallery.cz\/#organization"},"potentialAction":[{"@type":"SearchAction","target":{"@type":"EntryPoint","urlTemplate":"https:\/\/www.kalina-gallery.cz\/?s={search_term_string}"},"query-input":{"@type":"PropertyValueSpecification","valueRequired":true,"valueName":"search_term_string"}}],"inLanguage":"en-US"},{"@type":"Organization","@id":"https:\/\/www.kalina-gallery.cz\/#organization","name":"Kalina Gallery","url":"https:\/\/www.kalina-gallery.cz\/","logo":{"@type":"ImageObject","inLanguage":"en-US","@id":"https:\/\/www.kalina-gallery.cz\/#\/schema\/logo\/image\/","url":"https:\/\/www.kalina-gallery.cz\/wp-content\/uploads\/2021\/08\/cropped-k.png","contentUrl":"https:\/\/www.kalina-gallery.cz\/wp-content\/uploads\/2021\/08\/cropped-k.png","width":512,"height":512,"caption":"Kalina Gallery"},"image":{"@id":"https:\/\/www.kalina-gallery.cz\/#\/schema\/logo\/image\/"},"sameAs":["https:\/\/www.facebook.com\/Kalina-Gallery-240711577897794\/","https:\/\/www.instagram.com\/kalinagallery1\/"]}]}},"_links":{"self":[{"href":"https:\/\/www.kalina-gallery.cz\/en\/wp-json\/wp\/v2\/pages\/9966","targetHints":{"allow":["GET"]}}],"collection":[{"href":"https:\/\/www.kalina-gallery.cz\/en\/wp-json\/wp\/v2\/pages"}],"about":[{"href":"https:\/\/www.kalina-gallery.cz\/en\/wp-json\/wp\/v2\/types\/page"}],"author":[{"embeddable":true,"href":"https:\/\/www.kalina-gallery.cz\/en\/wp-json\/wp\/v2\/users\/1"}],"replies":[{"embeddable":true,"href":"https:\/\/www.kalina-gallery.cz\/en\/wp-json\/wp\/v2\/comments?post=9966"}],"version-history":[{"count":0,"href":"https:\/\/www.kalina-gallery.cz\/en\/wp-json\/wp\/v2\/pages\/9966\/revisions"}],"wp:attachment":[{"href":"https:\/\/www.kalina-gallery.cz\/en\/wp-json\/wp\/v2\/media?parent=9966"}],"curies":[{"name":"wp","href":"https:\/\/api.w.org\/{rel}","templated":true}]}}